{"id":8,"date":"2024-03-18T18:21:49","date_gmt":"2024-03-18T15:21:49","guid":{"rendered":"https:\/\/jetxcasinogame.com\/?page_id=8"},"modified":"2024-03-19T01:25:22","modified_gmt":"2024-03-18T22:25:22","slug":"jetx-real-money-game","status":"publish","type":"page","link":"https:\/\/jetxcasinogame.com\/ro\/","title":{"rendered":"JetX &#8211; joc cu bani reali"},"content":{"rendered":"<h2><strong>Cum s\u0103 joci Jet-X?<\/strong><\/h2>\n<p>Seteaz\u0103 pariul(urile) pe zbor \u0219i ajusteaz\u0103-i m\u0103rimea folosind butoanele +\/- pentru fiecare tranzac\u021bie. Scopul este s\u0103 r\u0103m\u00e2i \u00een joc c\u00e2t mai mult posibil \u0219i s\u0103 reu\u0219e\u0219ti s\u0103-\u021bi colectezi c\u00e2\u0219tigurile \u00eenainte ca avionul s\u0103 &#8222;explodeze&#8221;. Jocul nu necesit\u0103 calcule sau strategii complexe.<\/p>\n<p>Sec\u021biunea din dreapta c\u00e2mpului de joc demonstreaz\u0103 ac\u021biunile altor juc\u0103tori: c\u00e2nd \u0219i c\u00e2t au c\u00e2\u0219tigat. Aici po\u021bi g\u0103si, de asemenea, informa\u021bii despre toate pariurile tale pentru sesiune, ceea ce faciliteaz\u0103 analiza \u0219i planificarea strategiilor. Juc\u0103torii pot comuta \u00eentre mai multe file: pariuri active, pariuri personale, statistici.<\/p>\n<p>Partea st\u00e2ng\u0103 a interfe\u021bei prezint\u0103 analiza coeficien\u021bilor \u0219i a istoricului jocului. Indica\u021bia colorat\u0103 (ro\u0219u pentru coeficien\u021bii sub 1.5 \u0219i verde pentru coeficien\u021bii peste 1.5) ajut\u0103 la analiza pariurilor anterioare \u0219i la dezvoltarea strategiilor.<\/p>\n<h2><strong>Unde pot juca Jet X?<\/strong><\/h2>\n<p>Pentru a \u00eencepe s\u0103 joci JetX, alege cu aten\u021bie un cazino, acord\u00e2nd aten\u021bie verific\u0103rii fiabilit\u0103\u021bii \u0219i securit\u0103\u021bii acestuia. Principalul criteriu pentru alegere ar trebui s\u0103 fie prezen\u021ba unei licen\u021be la cazino, care este o garan\u021bie a corectitudinii \u0219i responsabilit\u0103\u021bii acestuia fa\u021b\u0103 de juc\u0103tori. Licen\u021bele sunt de obicei emise de autorit\u0103\u021bi renumite din industria jocurilor de noroc \u0219i confirm\u0103 conformitatea cazinoului cu standardele \u0219i regulile stabilite. Informa\u021bii despre licen\u021b\u0103 sunt de obicei postate pe site-ul oficial al cazinoului, cel mai adesea \u00een partea de jos, permi\u021b\u00e2nd juc\u0103torilor poten\u021biali s\u0103 o g\u0103seasc\u0103 \u0219i s\u0103 o verifice u\u0219or.<\/p>\n<p>Dup\u0103 ce a fost f\u0103cut\u0103 selec\u021bia cazinoului, urm\u0103torul pas este procedura de \u00eenregistrare pe site-ul s\u0103u. \u00cen timpul \u00eenregistr\u0103rii, juc\u0103torul va trebui s\u0103 completeze mai multe c\u00e2mpuri cu informa\u021bii personale, cum ar fi nume, email \u0219i parol\u0103, \u0219i s\u0103 confirme corectitudinea datelor introduse. Aceast\u0103 etap\u0103 este extrem de important\u0103 pentru a asigura securitatea contului \u0219i a tranzac\u021biilor financiare ulterioare.<\/p>\n<p>Ultimul pas \u00een preg\u0103tirea pentru joc este s\u0103 alimentezi contul t\u0103u de joc. Cele mai multe cazinouri ofer\u0103 diverse metode de depunere, inclusiv carduri bancare, portofele electronice \u0219i alte sisteme de plat\u0103, oferind juc\u0103torilor flexibilitate \u00een alegerea celei mai convenabile op\u021biuni.<\/p>\n<p>\u00cen cele din urm\u0103, pentru a \u00eencepe s\u0103 joci JetX, juc\u0103torul trebuie s\u0103-l g\u0103seasc\u0103 printre sortimentul oferit de divertismentele de noroc. Acest lucru poate fi f\u0103cut folosind func\u021bia de c\u0103utare de pe site-ul cazinoului sau merg\u00e2nd la sec\u021biunea de jocuri.<\/p>\n<h2><strong>Versiunea demo JetX &#8211; Joac\u0103 gratuit<\/strong><\/h2>\n<p>Jocul JetX \u00een modul demo este o duplicat complet\u0103 a versiunii principale destinat\u0103 jocului de depozit. Diferen\u021ba este c\u0103 pariurile sunt f\u0103cute folosind bani virtuali, ceea ce ajut\u0103 la evitarea riscului de a pierde balan\u021ba real\u0103. Aceast\u0103 op\u021biune este potrivit\u0103 pentru cei care doresc s\u0103 se familiarizeze cu regulile \u0219i caracteristicile jocului f\u0103r\u0103 a-\u0219i cheltui propriile fonduri. Aspectul \u0219i func\u021bionalitatea demo-ului corespund \u00een \u00eentregime jocului original.<\/p>\n<h2><strong>Descarc\u0103 aplica\u021bia mobil\u0103 JetX Bet pentru dispozitive mobile<\/strong><\/h2>\n<h3><strong>JetX Bet pentru Android<\/strong><\/h3>\n<p>Experien\u021ba de joc mobil atinge un nou nivel cu aplica\u021bia JetX Bet pentru Android. Utilizatorii dispozitivelor bazate pe Android pot s\u0103 se bucure de jocuri rapide \u0219i sigure oric\u00e2nd \u0219i oriunde. Instaleaz\u0103 aplica\u021bia acum pentru a avea acces la o gam\u0103 larg\u0103 de jocuri \u0219i posibilitatea de a plasa pariuri \u00een mi\u0219care.<\/p>\n<h3><strong>Aplica\u021bia JetX pentru iOS<\/strong><\/h3>\n<p>Proprietarii de dispozitive Apple nu vor fi l\u0103sa\u021bi \u00een afara lumii palpitante a pariurilor cu aplica\u021bia JetX pentru iOS. Aceast\u0103 aplica\u021bie ofer\u0103 o sesiune de joc neted\u0103 \u0219i intuitiv\u0103 adaptat\u0103 pentru ecosistemul iOS. Descarc\u0103 aplica\u021bia din App Store pentru a \u00eencepe s\u0103 joci JetX oriunde te-ai afla.<\/p>\n<h2><strong>Depozite \u0219i retrageri \u00een JetX<\/strong><\/h2>\n<p>Jocul ofer\u0103 un sistem convenabil pentru gestionarea pariurilor \u0219i retragerilor de numerar. Sistemul de autoplay permite utilizatorilor s\u0103 seteze repetarea automat\u0103 a pariului selectat \u00een runde ulterioare, oferind astfel oportunitatea de a juca f\u0103r\u0103 \u00eentrerupere. Aceast\u0103 func\u021bie este disponibil\u0103 pentru pariuri simple \u0219i duble.<\/p>\n<p>\u00cen plus, func\u021bionalitatea jocului include retragerea automat\u0103 a c\u00e2\u0219tigurilor. Acest lucru \u00eenseamn\u0103 c\u0103 pariul utilizatorului va fi fixat \u0219i retras automat \u00een momentul \u00een care se atinge un anumit coeficient. Acest abordaj minimizeaz\u0103 riscurile \u0219i permite juc\u0103torilor s\u0103-\u0219i controleze bankroll-ul. \u00cen orice moment, \u00eenainte de retragerea automat\u0103 a pariului, juc\u0103torul are dreptul s\u0103-\u0219i\u00a0retrag\u0103 banii independent.<\/p>\n","protected":false},"excerpt":{"rendered":"<p>Cum s\u0103 joci Jet-X? Seteaz\u0103 pariul(urile) pe zbor \u0219i ajusteaz\u0103-i m\u0103rimea folosind butoanele +\/- pentru fiecare tranzac\u021bie. Scopul este s\u0103 r\u0103m\u00e2i \u00een joc c\u00e2t mai mult posibil \u0219i s\u0103 reu\u0219e\u0219ti s\u0103-\u021bi colectezi c\u00e2\u0219tigurile \u00eenainte ca avionul s\u0103 &#8222;explodeze&#8221;. Jocul nu necesit\u0103 calcule sau strategii complexe. Sec\u021biunea din dreapta c\u00e2mpului de joc demonstreaz\u0103 ac\u021biunile altor juc\u0103tori: c\u00e2nd \u0219i c\u00e2t au c\u00e2\u0219tigat. Aici po\u021bi g\u0103si, de asemenea, informa\u021bii despre toate pariurile tale pentru sesiune, ceea ce faciliteaz\u0103&hellip; <\/p>\n","protected":false},"author":1,"featured_media":0,"parent":0,"menu_order":0,"comment_status":"closed","ping_status":"closed","template":"","meta":{"footnotes":""},"class_list":["post-8","page","type-page","status-publish","hentry"],"yoast_head":"<!-- This site is optimized with the Yoast SEO plugin v27.2 - https:\/\/yoast.com\/product\/yoast-seo-wordpress\/ -->\n<title>Graj w gr\u0119 JetX w kasynie na prawdziwe pieni\u0105dze<\/title>\n<meta name=\"description\" content=\"Dac\u0103 ai decis s\u0103 joci jocul de noroc JetX la un cazinou online, atunci am adunat toate informa\u021biile. Unde s\u0103 joci, demonstra\u021bie, joci gratuit, faci un depozit \u0219i retragi c\u00e2\u0219tigurile.\" \/>\n<meta name=\"robots\" content=\"index, follow, max-snippet:-1, max-image-preview:large, max-video-preview:-1\" \/>\n<link rel=\"canonical\" href=\"https:\/\/jetxcasinogame.com\/ro\/\" \/>\n<meta property=\"og:locale\" content=\"ro_RO\" \/>\n<meta property=\"og:locale:alternate\" content=\"ru_RU\" \/>\n<meta property=\"og:locale:alternate\" content=\"en_US\" \/>\n<meta property=\"og:locale:alternate\" content=\"pt_PT\" \/>\n<meta property=\"og:locale:alternate\" content=\"es_ES\" \/>\n<meta property=\"og:locale:alternate\" content=\"sr_RS\" \/>\n<meta property=\"og:locale:alternate\" content=\"bg_BG\" \/>\n<meta property=\"og:locale:alternate\" content=\"pl_PL\" \/>\n<meta property=\"og:type\" content=\"article\" \/>\n<meta property=\"og:title\" content=\"Graj w gr\u0119 JetX w kasynie na prawdziwe pieni\u0105dze\" \/>\n<meta property=\"og:description\" content=\"Je\u015bli zdecydowa\u0142e\u015b si\u0119 zagra\u0107 w gr\u0119 hazardow\u0105 JetX w kasynie internetowym, to zebrali\u015bmy wszystkie informacje. Gdzie gra\u0107, demo, gra\u0107 za darmo, dokona\u0107 depozytu i wyp\u0142aci\u0107 wygrane.\" \/>\n<meta property=\"og:url\" content=\"https:\/\/jetxcasinogame.com\/ro\/\" \/>\n<meta property=\"og:site_name\" content=\"JetX\" \/>\n<meta property=\"article:modified_time\" content=\"2024-03-18T22:25:22+00:00\" \/>\n<meta name=\"twitter:card\" content=\"summary_large_image\" \/>\n<meta name=\"twitter:label1\" content=\"Timp estimat pentru citire\" \/>\n\t<meta name=\"twitter:data1\" content=\"19 minute\" \/>\n<script type=\"application\/ld+json\" class=\"yoast-schema-graph\">{\"@context\":\"https:\/\/schema.org\",\"@graph\":[{\"@type\":\"WebPage\",\"@id\":\"https:\/\/jetxcasinogame.com\/\",\"url\":\"https:\/\/jetxcasinogame.com\/\",\"name\":\"Graj w gr\u0119 JetX w kasynie na prawdziwe pieni\u0105dze\",\"isPartOf\":{\"@id\":\"https:\/\/jetxcasinogame.com\/#website\"},\"datePublished\":\"2024-03-18T15:21:49+00:00\",\"dateModified\":\"2024-03-18T22:25:22+00:00\",\"description\":\"Je\u015bli zdecydowa\u0142e\u015b si\u0119 zagra\u0107 w gr\u0119 hazardow\u0105 JetX w kasynie internetowym, to zebrali\u015bmy wszystkie informacje. Gdzie gra\u0107, demo, gra\u0107 za darmo, dokona\u0107 depozytu i wyp\u0142aci\u0107 wygrane.\",\"breadcrumb\":{\"@id\":\"https:\/\/jetxcasinogame.com\/#breadcrumb\"},\"inLanguage\":\"ro-RO\",\"potentialAction\":[{\"@type\":\"ReadAction\",\"target\":[\"https:\/\/jetxcasinogame.com\/\"]}]},{\"@type\":\"BreadcrumbList\",\"@id\":\"https:\/\/jetxcasinogame.com\/#breadcrumb\",\"itemListElement\":[{\"@type\":\"ListItem\",\"position\":1,\"name\":\"\u0413\u043b\u0430\u0432\u043d\u0430\u044f \u0441\u0442\u0440\u0430\u043d\u0438\u0446\u0430\",\"item\":\"https:\/\/jetxcasinogame.com\/\"},{\"@type\":\"ListItem\",\"position\":2,\"name\":\"JetX &#8212; gra na prawdziwe pieni\u0105dze\"}]},{\"@type\":\"WebSite\",\"@id\":\"https:\/\/jetxcasinogame.com\/#website\",\"url\":\"https:\/\/jetxcasinogame.com\/\",\"name\":\"JetX\",\"description\":\"\",\"publisher\":{\"@id\":\"https:\/\/jetxcasinogame.com\/#organization\"},\"potentialAction\":[{\"@type\":\"SearchAction\",\"target\":{\"@type\":\"EntryPoint\",\"urlTemplate\":\"https:\/\/jetxcasinogame.com\/?s={search_term_string}\"},\"query-input\":{\"@type\":\"PropertyValueSpecification\",\"valueRequired\":true,\"valueName\":\"search_term_string\"}}],\"inLanguage\":\"ro-RO\"},{\"@type\":\"Organization\",\"@id\":\"https:\/\/jetxcasinogame.com\/#organization\",\"name\":\"JetX\",\"url\":\"https:\/\/jetxcasinogame.com\/\",\"logo\":{\"@type\":\"ImageObject\",\"inLanguage\":\"ro-RO\",\"@id\":\"https:\/\/jetxcasinogame.com\/#\/schema\/logo\/image\/\",\"url\":\"https:\/\/jetxcasinogame.com\/wp-content\/uploads\/cropped-logo.png\",\"contentUrl\":\"https:\/\/jetxcasinogame.com\/wp-content\/uploads\/cropped-logo.png\",\"width\":328,\"height\":119,\"caption\":\"JetX\"},\"image\":{\"@id\":\"https:\/\/jetxcasinogame.com\/#\/schema\/logo\/image\/\"}}]}<\/script>\n<!-- \/ Yoast SEO plugin. -->","yoast_head_json":{"title":"Graj w gr\u0119 JetX w kasynie na prawdziwe pieni\u0105dze","description":"Dac\u0103 ai decis s\u0103 joci jocul de noroc JetX la un cazinou online, atunci am adunat toate informa\u021biile. Unde s\u0103 joci, demonstra\u021bie, joci gratuit, faci un depozit \u0219i retragi c\u00e2\u0219tigurile.","robots":{"index":"index","follow":"follow","max-snippet":"max-snippet:-1","max-image-preview":"max-image-preview:large","max-video-preview":"max-video-preview:-1"},"canonical":"https:\/\/jetxcasinogame.com\/ro\/","og_locale":"ro_RO","og_type":"article","og_title":"Graj w gr\u0119 JetX w kasynie na prawdziwe pieni\u0105dze","og_description":"Je\u015bli zdecydowa\u0142e\u015b si\u0119 zagra\u0107 w gr\u0119 hazardow\u0105 JetX w kasynie internetowym, to zebrali\u015bmy wszystkie informacje. Gdzie gra\u0107, demo, gra\u0107 za darmo, dokona\u0107 depozytu i wyp\u0142aci\u0107 wygrane.","og_url":"https:\/\/jetxcasinogame.com\/ro\/","og_site_name":"JetX","article_modified_time":"2024-03-18T22:25:22+00:00","twitter_card":"summary_large_image","twitter_misc":{"Timp estimat pentru citire":"19 minute"},"schema":{"@context":"https:\/\/schema.org","@graph":[{"@type":"WebPage","@id":"https:\/\/jetxcasinogame.com\/","url":"https:\/\/jetxcasinogame.com\/","name":"Graj w gr\u0119 JetX w kasynie na prawdziwe pieni\u0105dze","isPartOf":{"@id":"https:\/\/jetxcasinogame.com\/#website"},"datePublished":"2024-03-18T15:21:49+00:00","dateModified":"2024-03-18T22:25:22+00:00","description":"Je\u015bli zdecydowa\u0142e\u015b si\u0119 zagra\u0107 w gr\u0119 hazardow\u0105 JetX w kasynie internetowym, to zebrali\u015bmy wszystkie informacje. Gdzie gra\u0107, demo, gra\u0107 za darmo, dokona\u0107 depozytu i wyp\u0142aci\u0107 wygrane.","breadcrumb":{"@id":"https:\/\/jetxcasinogame.com\/#breadcrumb"},"inLanguage":"ro-RO","potentialAction":[{"@type":"ReadAction","target":["https:\/\/jetxcasinogame.com\/"]}]},{"@type":"BreadcrumbList","@id":"https:\/\/jetxcasinogame.com\/#breadcrumb","itemListElement":[{"@type":"ListItem","position":1,"name":"\u0413\u043b\u0430\u0432\u043d\u0430\u044f \u0441\u0442\u0440\u0430\u043d\u0438\u0446\u0430","item":"https:\/\/jetxcasinogame.com\/"},{"@type":"ListItem","position":2,"name":"JetX &#8212; gra na prawdziwe pieni\u0105dze"}]},{"@type":"WebSite","@id":"https:\/\/jetxcasinogame.com\/#website","url":"https:\/\/jetxcasinogame.com\/","name":"JetX","description":"","publisher":{"@id":"https:\/\/jetxcasinogame.com\/#organization"},"potentialAction":[{"@type":"SearchAction","target":{"@type":"EntryPoint","urlTemplate":"https:\/\/jetxcasinogame.com\/?s={search_term_string}"},"query-input":{"@type":"PropertyValueSpecification","valueRequired":true,"valueName":"search_term_string"}}],"inLanguage":"ro-RO"},{"@type":"Organization","@id":"https:\/\/jetxcasinogame.com\/#organization","name":"JetX","url":"https:\/\/jetxcasinogame.com\/","logo":{"@type":"ImageObject","inLanguage":"ro-RO","@id":"https:\/\/jetxcasinogame.com\/#\/schema\/logo\/image\/","url":"https:\/\/jetxcasinogame.com\/wp-content\/uploads\/cropped-logo.png","contentUrl":"https:\/\/jetxcasinogame.com\/wp-content\/uploads\/cropped-logo.png","width":328,"height":119,"caption":"JetX"},"image":{"@id":"https:\/\/jetxcasinogame.com\/#\/schema\/logo\/image\/"}}]}},"_links":{"self":[{"href":"https:\/\/jetxcasinogame.com\/ro\/wp-json\/wp\/v2\/pages\/8","targetHints":{"allow":["GET"]}}],"collection":[{"href":"https:\/\/jetxcasinogame.com\/ro\/wp-json\/wp\/v2\/pages"}],"about":[{"href":"https:\/\/jetxcasinogame.com\/ro\/wp-json\/wp\/v2\/types\/page"}],"author":[{"embeddable":true,"href":"https:\/\/jetxcasinogame.com\/ro\/wp-json\/wp\/v2\/users\/1"}],"replies":[{"embeddable":true,"href":"https:\/\/jetxcasinogame.com\/ro\/wp-json\/wp\/v2\/comments?post=8"}],"version-history":[{"count":16,"href":"https:\/\/jetxcasinogame.com\/ro\/wp-json\/wp\/v2\/pages\/8\/revisions"}],"predecessor-version":[{"id":74,"href":"https:\/\/jetxcasinogame.com\/ro\/wp-json\/wp\/v2\/pages\/8\/revisions\/74"}],"wp:attachment":[{"href":"https:\/\/jetxcasinogame.com\/ro\/wp-json\/wp\/v2\/media?parent=8"}],"curies":[{"name":"wp","href":"https:\/\/api.w.org\/{rel}","templated":true}]}}