{"id":14,"date":"2024-03-18T18:31:03","date_gmt":"2024-03-18T15:31:03","guid":{"rendered":"https:\/\/jetxcasinogame.com\/?page_id=14"},"modified":"2024-03-19T01:25:30","modified_gmt":"2024-03-18T22:25:30","slug":"bonuses-and-promotions-from-the-casino-in-jet-x","status":"publish","type":"page","link":"https:\/\/jetxcasinogame.com\/ro\/bonuses-and-promotions-from-the-casino-in-jet-x\/","title":{"rendered":"Bonusuri \u0219i promo\u021bii de la cazinoul din Jet X"},"content":{"rendered":"<p>Nu v\u0103 vom l\u0103sa s\u0103 v\u0103 pierde\u021bi \u00een bonusurile cazinourilor online \u0219i am adunat \u00een acest articol principalele bonusuri pe care juc\u0103torii le \u00eent\u00e2lnesc \u00een timp ce joac\u0103 JetX. S\u0103 discut\u0103m mai multe tipuri de bonusuri oferite de cazinouri clien\u021bilor lor.<\/p>\n<ul>\n<li>\n<h3><strong>Bonus de \u00eenregistrare\/bun venit<\/strong><\/h3>\n<\/li>\n<\/ul>\n<p>Acest prim bonus este conceput pentru \u00eencep\u0103torii care \u00ee\u0219i creeaz\u0103 un cont \u00een cazinou pentru prima dat\u0103. De obicei, include bani suplimentari la prima re\u00eenc\u0103rcare a contului, permi\u021b\u00e2nd noilor juc\u0103tori s\u0103 \u00ee\u0219i \u00eenceap\u0103 c\u0103l\u0103toria cu un capital mai mare. Procentul depinde de regulile cazinoului, dar de obicei este un bonus foarte profitabil.<\/p>\n<ul>\n<li>\n<h3><strong>Bonus f\u0103r\u0103 depunere<\/strong><\/h3>\n<\/li>\n<\/ul>\n<p>Aceast\u0103 form\u0103 de recompens\u0103 nu necesit\u0103 ca juc\u0103torul s\u0103 depun\u0103 bani pentru a o primi. De obicei, este o anumit\u0103 sum\u0103 de bani care poate fi folosit\u0103 \u00een jocuri f\u0103r\u0103 niciun risc financiar, oferind juc\u0103torilor oportunitatea de a se familiariza cu gama de jocuri f\u0103r\u0103 a-\u0219i folosi propriile fonduri.<\/p>\n<ul>\n<li>\n<h3><strong>Bonusuri de depunere<\/strong><\/h3>\n<\/li>\n<\/ul>\n<p>\u00cen plus fa\u021b\u0103 de pachetul de bun venit, cazinoul ofer\u0103 bonusuri suplimentare pentru re\u00eenc\u0103rcarea contului. Acest lucru \u00eei motiveaz\u0103 pe juc\u0103tori s\u0103 \u00eenceap\u0103 s\u0103 joace \u0219i s\u0103 continue s\u0103 fac\u0103 depuneri, primind recompense suplimentare pentru aceasta.<\/p>\n<ul>\n<li>\n<h3><strong>Bonusuri de referin\u021b\u0103<\/strong><\/h3>\n<\/li>\n<\/ul>\n<p>Recompensarea extinderii comunit\u0103\u021bii cazinoului este un alt mod de a recompensa juc\u0103torii. Juc\u0103torii primesc bonusuri pentru fiecare utilizator nou recomandat de ei, care se \u00eenregistreaz\u0103 \u0219i \u00ee\u0219i re\u00eencarc\u0103 contul. Acest mecanism este benefic at\u00e2t pentru cazinou, c\u00e2t \u0219i pentru juc\u0103tori, extinz\u00e2nd audien\u021ba \u0219i consolid\u00e2nd \u00eencrederea \u00een platform\u0103.<\/p>\n","protected":false},"excerpt":{"rendered":"<p>Nu v\u0103 vom l\u0103sa s\u0103 v\u0103 pierde\u021bi \u00een bonusurile cazinourilor online \u0219i am adunat \u00een acest articol principalele bonusuri pe care juc\u0103torii le \u00eent\u00e2lnesc \u00een timp ce joac\u0103 JetX. S\u0103 discut\u0103m mai multe tipuri de bonusuri oferite de cazinouri clien\u021bilor lor. Bonus de \u00eenregistrare\/bun venit Acest prim bonus este conceput pentru \u00eencep\u0103torii care \u00ee\u0219i creeaz\u0103 un cont \u00een cazinou pentru prima dat\u0103. De obicei, include bani suplimentari la prima re\u00eenc\u0103rcare a contului, permi\u021b\u00e2nd noilor juc\u0103tori&hellip; <\/p>\n","protected":false},"author":1,"featured_media":0,"parent":0,"menu_order":0,"comment_status":"closed","ping_status":"closed","template":"","meta":{"footnotes":""},"class_list":["post-14","page","type-page","status-publish","hentry"],"yoast_head":"<!-- This site is optimized with the Yoast SEO plugin v27.2 - https:\/\/yoast.com\/product\/yoast-seo-wordpress\/ -->\n<title>\u0411\u043e\u043d\u0443\u0441\u044b \u0438 \u043f\u0440\u043e\u043c\u043e \u043a\u043e\u0434\u044b \u0432 \u0438\u0433\u0440\u0435 JetX<\/title>\n<meta name=\"description\" content=\"Tipuri de bonusuri \u00een timpul jocului JetX \u00eentr-un cazino online pentru juc\u0103tori noi \u0219i experimenta\u021bi. Bonus de bun venit, bonus f\u0103r\u0103 depunere, bonusuri de cazino pentru juc\u0103torii noi.\" \/>\n<meta name=\"robots\" content=\"index, follow, max-snippet:-1, max-image-preview:large, max-video-preview:-1\" \/>\n<link rel=\"canonical\" href=\"https:\/\/jetxcasinogame.com\/ro\/bonuses-and-promotions-from-the-casino-in-jet-x\/\" \/>\n<meta property=\"og:locale\" content=\"ro_RO\" \/>\n<meta property=\"og:locale:alternate\" content=\"ru_RU\" \/>\n<meta property=\"og:locale:alternate\" content=\"en_US\" \/>\n<meta property=\"og:locale:alternate\" content=\"pt_PT\" \/>\n<meta property=\"og:locale:alternate\" content=\"es_ES\" \/>\n<meta property=\"og:locale:alternate\" content=\"sr_RS\" \/>\n<meta property=\"og:locale:alternate\" content=\"bg_BG\" \/>\n<meta property=\"og:locale:alternate\" content=\"pl_PL\" \/>\n<meta property=\"og:type\" content=\"article\" \/>\n<meta property=\"og:title\" content=\"\u0411\u043e\u043d\u0443\u0441\u044b \u0438 \u043f\u0440\u043e\u043c\u043e \u043a\u043e\u0434\u044b \u0432 \u0438\u0433\u0440\u0435 JetX\" \/>\n<meta property=\"og:description\" content=\"\u0422\u0438\u043f\u044b \u0431\u043e\u043d\u0443\u0441\u043e\u0432 \u0432\u043e \u0432\u0440\u0435\u043c\u044f \u0438\u0433\u0440\u044b JetX \u0432 \u043e\u043d\u043b\u0430\u0439\u043d \u043a\u0430\u0437\u0438\u043d\u043e \u0434\u043b\u044f \u043d\u043e\u0432\u044b\u0445 \u0438 \u043e\u043f\u044b\u0442\u043d\u044b\u0445 \u0438\u0433\u0440\u043e\u043a\u043e\u0432. \u041f\u0440\u0438\u0432\u0435\u0442\u0441\u0442\u0432\u0435\u043d\u043d\u044b\u0439 \u0431\u043e\u043d\u0443\u0441, \u0431\u0435\u0437\u0434\u0435\u043f\u043e\u0437\u0438\u0442\u043d\u044b\u0439 \u0431\u043e\u043d\u0443\u0441, \u0431\u043e\u043d\u0443\u0441\u044b \u043e\u043d\u043b\u0430\u0439\u043d \u043a\u0430\u0437\u0438\u043d\u043e \u0434\u043b\u044f \u043d\u043e\u0432\u044b\u0445 \u0438\u0433\u0440\u043e\u043a\u043e\u0432\" \/>\n<meta property=\"og:url\" content=\"https:\/\/jetxcasinogame.com\/ro\/bonuses-and-promotions-from-the-casino-in-jet-x\/\" \/>\n<meta property=\"og:site_name\" content=\"JetX\" \/>\n<meta property=\"article:modified_time\" content=\"2024-03-18T22:25:30+00:00\" \/>\n<meta name=\"twitter:card\" content=\"summary_large_image\" \/>\n<meta name=\"twitter:label1\" content=\"Timp estimat pentru citire\" \/>\n\t<meta name=\"twitter:data1\" content=\"6 minute\" \/>\n<script type=\"application\/ld+json\" class=\"yoast-schema-graph\">{\"@context\":\"https:\/\/schema.org\",\"@graph\":[{\"@type\":\"WebPage\",\"@id\":\"https:\/\/jetxcasinogame.com\/bonuses-and-promotions-from-the-casino-in-jet-x\/\",\"url\":\"https:\/\/jetxcasinogame.com\/bonuses-and-promotions-from-the-casino-in-jet-x\/\",\"name\":\"\u0411\u043e\u043d\u0443\u0441\u044b \u0438 \u043f\u0440\u043e\u043c\u043e \u043a\u043e\u0434\u044b \u0432 \u0438\u0433\u0440\u0435 JetX\",\"isPartOf\":{\"@id\":\"https:\/\/jetxcasinogame.com\/#website\"},\"datePublished\":\"2024-03-18T15:31:03+00:00\",\"dateModified\":\"2024-03-18T22:25:30+00:00\",\"description\":\"\u0422\u0438\u043f\u044b \u0431\u043e\u043d\u0443\u0441\u043e\u0432 \u0432\u043e \u0432\u0440\u0435\u043c\u044f \u0438\u0433\u0440\u044b JetX \u0432 \u043e\u043d\u043b\u0430\u0439\u043d \u043a\u0430\u0437\u0438\u043d\u043e \u0434\u043b\u044f \u043d\u043e\u0432\u044b\u0445 \u0438 \u043e\u043f\u044b\u0442\u043d\u044b\u0445 \u0438\u0433\u0440\u043e\u043a\u043e\u0432. \u041f\u0440\u0438\u0432\u0435\u0442\u0441\u0442\u0432\u0435\u043d\u043d\u044b\u0439 \u0431\u043e\u043d\u0443\u0441, \u0431\u0435\u0437\u0434\u0435\u043f\u043e\u0437\u0438\u0442\u043d\u044b\u0439 \u0431\u043e\u043d\u0443\u0441, \u0431\u043e\u043d\u0443\u0441\u044b \u043e\u043d\u043b\u0430\u0439\u043d \u043a\u0430\u0437\u0438\u043d\u043e \u0434\u043b\u044f \u043d\u043e\u0432\u044b\u0445 \u0438\u0433\u0440\u043e\u043a\u043e\u0432\",\"breadcrumb\":{\"@id\":\"https:\/\/jetxcasinogame.com\/bonuses-and-promotions-from-the-casino-in-jet-x\/#breadcrumb\"},\"inLanguage\":\"ro-RO\",\"potentialAction\":[{\"@type\":\"ReadAction\",\"target\":[\"https:\/\/jetxcasinogame.com\/bonuses-and-promotions-from-the-casino-in-jet-x\/\"]}]},{\"@type\":\"BreadcrumbList\",\"@id\":\"https:\/\/jetxcasinogame.com\/bonuses-and-promotions-from-the-casino-in-jet-x\/#breadcrumb\",\"itemListElement\":[{\"@type\":\"ListItem\",\"position\":1,\"name\":\"\u0413\u043b\u0430\u0432\u043d\u0430\u044f \u0441\u0442\u0440\u0430\u043d\u0438\u0446\u0430\",\"item\":\"https:\/\/jetxcasinogame.com\/\"},{\"@type\":\"ListItem\",\"position\":2,\"name\":\"\u0411\u043e\u043d\u0443\u0441\u044b \u0438 \u0430\u043a\u0446\u0438\u0438 \u043e\u0442 \u043a\u0430\u0437\u0438\u043d\u043e \u0432 Jet X\"}]},{\"@type\":\"WebSite\",\"@id\":\"https:\/\/jetxcasinogame.com\/#website\",\"url\":\"https:\/\/jetxcasinogame.com\/\",\"name\":\"JetX\",\"description\":\"\",\"publisher\":{\"@id\":\"https:\/\/jetxcasinogame.com\/#organization\"},\"potentialAction\":[{\"@type\":\"SearchAction\",\"target\":{\"@type\":\"EntryPoint\",\"urlTemplate\":\"https:\/\/jetxcasinogame.com\/?s={search_term_string}\"},\"query-input\":{\"@type\":\"PropertyValueSpecification\",\"valueRequired\":true,\"valueName\":\"search_term_string\"}}],\"inLanguage\":\"ro-RO\"},{\"@type\":\"Organization\",\"@id\":\"https:\/\/jetxcasinogame.com\/#organization\",\"name\":\"JetX\",\"url\":\"https:\/\/jetxcasinogame.com\/\",\"logo\":{\"@type\":\"ImageObject\",\"inLanguage\":\"ro-RO\",\"@id\":\"https:\/\/jetxcasinogame.com\/#\/schema\/logo\/image\/\",\"url\":\"https:\/\/jetxcasinogame.com\/wp-content\/uploads\/cropped-logo.png\",\"contentUrl\":\"https:\/\/jetxcasinogame.com\/wp-content\/uploads\/cropped-logo.png\",\"width\":328,\"height\":119,\"caption\":\"JetX\"},\"image\":{\"@id\":\"https:\/\/jetxcasinogame.com\/#\/schema\/logo\/image\/\"}}]}<\/script>\n<!-- \/ Yoast SEO plugin. -->","yoast_head_json":{"title":"\u0411\u043e\u043d\u0443\u0441\u044b \u0438 \u043f\u0440\u043e\u043c\u043e \u043a\u043e\u0434\u044b \u0432 \u0438\u0433\u0440\u0435 JetX","description":"Tipuri de bonusuri \u00een timpul jocului JetX \u00eentr-un cazino online pentru juc\u0103tori noi \u0219i experimenta\u021bi. Bonus de bun venit, bonus f\u0103r\u0103 depunere, bonusuri de cazino pentru juc\u0103torii noi.","robots":{"index":"index","follow":"follow","max-snippet":"max-snippet:-1","max-image-preview":"max-image-preview:large","max-video-preview":"max-video-preview:-1"},"canonical":"https:\/\/jetxcasinogame.com\/ro\/bonuses-and-promotions-from-the-casino-in-jet-x\/","og_locale":"ro_RO","og_type":"article","og_title":"\u0411\u043e\u043d\u0443\u0441\u044b \u0438 \u043f\u0440\u043e\u043c\u043e \u043a\u043e\u0434\u044b \u0432 \u0438\u0433\u0440\u0435 JetX","og_description":"\u0422\u0438\u043f\u044b \u0431\u043e\u043d\u0443\u0441\u043e\u0432 \u0432\u043e \u0432\u0440\u0435\u043c\u044f \u0438\u0433\u0440\u044b JetX \u0432 \u043e\u043d\u043b\u0430\u0439\u043d \u043a\u0430\u0437\u0438\u043d\u043e \u0434\u043b\u044f \u043d\u043e\u0432\u044b\u0445 \u0438 \u043e\u043f\u044b\u0442\u043d\u044b\u0445 \u0438\u0433\u0440\u043e\u043a\u043e\u0432. \u041f\u0440\u0438\u0432\u0435\u0442\u0441\u0442\u0432\u0435\u043d\u043d\u044b\u0439 \u0431\u043e\u043d\u0443\u0441, \u0431\u0435\u0437\u0434\u0435\u043f\u043e\u0437\u0438\u0442\u043d\u044b\u0439 \u0431\u043e\u043d\u0443\u0441, \u0431\u043e\u043d\u0443\u0441\u044b \u043e\u043d\u043b\u0430\u0439\u043d \u043a\u0430\u0437\u0438\u043d\u043e \u0434\u043b\u044f \u043d\u043e\u0432\u044b\u0445 \u0438\u0433\u0440\u043e\u043a\u043e\u0432","og_url":"https:\/\/jetxcasinogame.com\/ro\/bonuses-and-promotions-from-the-casino-in-jet-x\/","og_site_name":"JetX","article_modified_time":"2024-03-18T22:25:30+00:00","twitter_card":"summary_large_image","twitter_misc":{"Timp estimat pentru citire":"6 minute"},"schema":{"@context":"https:\/\/schema.org","@graph":[{"@type":"WebPage","@id":"https:\/\/jetxcasinogame.com\/bonuses-and-promotions-from-the-casino-in-jet-x\/","url":"https:\/\/jetxcasinogame.com\/bonuses-and-promotions-from-the-casino-in-jet-x\/","name":"\u0411\u043e\u043d\u0443\u0441\u044b \u0438 \u043f\u0440\u043e\u043c\u043e \u043a\u043e\u0434\u044b \u0432 \u0438\u0433\u0440\u0435 JetX","isPartOf":{"@id":"https:\/\/jetxcasinogame.com\/#website"},"datePublished":"2024-03-18T15:31:03+00:00","dateModified":"2024-03-18T22:25:30+00:00","description":"\u0422\u0438\u043f\u044b \u0431\u043e\u043d\u0443\u0441\u043e\u0432 \u0432\u043e \u0432\u0440\u0435\u043c\u044f \u0438\u0433\u0440\u044b JetX \u0432 \u043e\u043d\u043b\u0430\u0439\u043d \u043a\u0430\u0437\u0438\u043d\u043e \u0434\u043b\u044f \u043d\u043e\u0432\u044b\u0445 \u0438 \u043e\u043f\u044b\u0442\u043d\u044b\u0445 \u0438\u0433\u0440\u043e\u043a\u043e\u0432. \u041f\u0440\u0438\u0432\u0435\u0442\u0441\u0442\u0432\u0435\u043d\u043d\u044b\u0439 \u0431\u043e\u043d\u0443\u0441, \u0431\u0435\u0437\u0434\u0435\u043f\u043e\u0437\u0438\u0442\u043d\u044b\u0439 \u0431\u043e\u043d\u0443\u0441, \u0431\u043e\u043d\u0443\u0441\u044b \u043e\u043d\u043b\u0430\u0439\u043d \u043a\u0430\u0437\u0438\u043d\u043e \u0434\u043b\u044f \u043d\u043e\u0432\u044b\u0445 \u0438\u0433\u0440\u043e\u043a\u043e\u0432","breadcrumb":{"@id":"https:\/\/jetxcasinogame.com\/bonuses-and-promotions-from-the-casino-in-jet-x\/#breadcrumb"},"inLanguage":"ro-RO","potentialAction":[{"@type":"ReadAction","target":["https:\/\/jetxcasinogame.com\/bonuses-and-promotions-from-the-casino-in-jet-x\/"]}]},{"@type":"BreadcrumbList","@id":"https:\/\/jetxcasinogame.com\/bonuses-and-promotions-from-the-casino-in-jet-x\/#breadcrumb","itemListElement":[{"@type":"ListItem","position":1,"name":"\u0413\u043b\u0430\u0432\u043d\u0430\u044f \u0441\u0442\u0440\u0430\u043d\u0438\u0446\u0430","item":"https:\/\/jetxcasinogame.com\/"},{"@type":"ListItem","position":2,"name":"\u0411\u043e\u043d\u0443\u0441\u044b \u0438 \u0430\u043a\u0446\u0438\u0438 \u043e\u0442 \u043a\u0430\u0437\u0438\u043d\u043e \u0432 Jet X"}]},{"@type":"WebSite","@id":"https:\/\/jetxcasinogame.com\/#website","url":"https:\/\/jetxcasinogame.com\/","name":"JetX","description":"","publisher":{"@id":"https:\/\/jetxcasinogame.com\/#organization"},"potentialAction":[{"@type":"SearchAction","target":{"@type":"EntryPoint","urlTemplate":"https:\/\/jetxcasinogame.com\/?s={search_term_string}"},"query-input":{"@type":"PropertyValueSpecification","valueRequired":true,"valueName":"search_term_string"}}],"inLanguage":"ro-RO"},{"@type":"Organization","@id":"https:\/\/jetxcasinogame.com\/#organization","name":"JetX","url":"https:\/\/jetxcasinogame.com\/","logo":{"@type":"ImageObject","inLanguage":"ro-RO","@id":"https:\/\/jetxcasinogame.com\/#\/schema\/logo\/image\/","url":"https:\/\/jetxcasinogame.com\/wp-content\/uploads\/cropped-logo.png","contentUrl":"https:\/\/jetxcasinogame.com\/wp-content\/uploads\/cropped-logo.png","width":328,"height":119,"caption":"JetX"},"image":{"@id":"https:\/\/jetxcasinogame.com\/#\/schema\/logo\/image\/"}}]}},"_links":{"self":[{"href":"https:\/\/jetxcasinogame.com\/ro\/wp-json\/wp\/v2\/pages\/14","targetHints":{"allow":["GET"]}}],"collection":[{"href":"https:\/\/jetxcasinogame.com\/ro\/wp-json\/wp\/v2\/pages"}],"about":[{"href":"https:\/\/jetxcasinogame.com\/ro\/wp-json\/wp\/v2\/types\/page"}],"author":[{"embeddable":true,"href":"https:\/\/jetxcasinogame.com\/ro\/wp-json\/wp\/v2\/users\/1"}],"replies":[{"embeddable":true,"href":"https:\/\/jetxcasinogame.com\/ro\/wp-json\/wp\/v2\/comments?post=14"}],"version-history":[{"count":16,"href":"https:\/\/jetxcasinogame.com\/ro\/wp-json\/wp\/v2\/pages\/14\/revisions"}],"predecessor-version":[{"id":75,"href":"https:\/\/jetxcasinogame.com\/ro\/wp-json\/wp\/v2\/pages\/14\/revisions\/75"}],"wp:attachment":[{"href":"https:\/\/jetxcasinogame.com\/ro\/wp-json\/wp\/v2\/media?parent=14"}],"curies":[{"name":"wp","href":"https:\/\/api.w.org\/{rel}","templated":true}]}}