{"id":12,"date":"2024-03-18T18:29:41","date_gmt":"2024-03-18T15:29:41","guid":{"rendered":"https:\/\/jetxcasinogame.com\/?page_id=12"},"modified":"2024-03-19T01:25:56","modified_gmt":"2024-03-18T22:25:56","slug":"betting-strategy-on-jetx-best-gaming-tips","status":"publish","type":"page","link":"https:\/\/jetxcasinogame.com\/ro\/betting-strategy-on-jetx-best-gaming-tips\/","title":{"rendered":"Strategie de pariere la JetX: cele mai bune sfaturi de joc"},"content":{"rendered":"<p>Ve\u021bi g\u0103si o mul\u021bime de op\u021biuni de pariere \u00een jocul JetX, a\u0219a c\u0103 este important s\u0103 v\u0103 determina\u021bi strategia de joc c\u00e2t mai repede posibil, deoarece nu numai c\u00e2\u0219tigurile depind de ea, ci \u0219i satisfac\u021bia dumneavoastr\u0103 cu jocul. S\u0103 lu\u0103m \u00een considerare cele mai populare strategii:<\/p>\n<ul>\n<li>\n<h2><strong>Strategia Abord\u0103rii Echilibrate<\/strong><\/h2>\n<\/li>\n<\/ul>\n<p>Aceast\u0103 metod\u0103 se bazeaz\u0103 pe alegerea unui multiplicator fix pentru retragerea automat\u0103, cu ajust\u0103ri ulterioare \u00een func\u021bie de istoricul rundelor anterioare.<\/p>\n<p>\u00cencepe\u021bi cu un multiplicator moderat. De exemplu, alege\u021bi un multiplicator de 2x ca punct ini\u021bial pentru retragerea automat\u0103. Acest lucru \u00eenseamn\u0103 c\u0103 ve\u021bi colecta c\u00e2\u0219tigurile de fiecare dat\u0103 c\u00e2nd multiplicatorul atinge aceast\u0103 valoare.<\/p>\n<p>Monitoriza\u021bi cu aten\u021bie istoricul \u0219i statisticile jocului. Dac\u0103 observa\u021bi c\u0103 majoritatea rundelor se \u00eencheie cu un multiplicator mai mare de 2x, lua\u021bi \u00een considerare cre\u0219terea multiplicatorului de retragere.<\/p>\n<p>Dup\u0103 fiecare 10-20 de runde, analiza\u021bi \u0219i determina\u021bi dac\u0103 trebuie s\u0103 ajusta\u021bi multiplicatorul de retragere \u00een sus sau \u00een jos. Dac\u0103 jocul se pr\u0103bu\u0219e\u0219te mai des la numere mici, sc\u0103dea\u021bi rezultatul dorit pentru a minimiza riscurile. Dac\u0103 jocul arat\u0103 \u00een mod constant valori mari, \u00eencerca\u021bi s\u0103 cre\u0219te\u021bi multiplicatorul de retragere pentru a cre\u0219te c\u00e2\u0219tigurile poten\u021biale.<\/p>\n<p>S\u0103 lu\u0103m \u00een considerare un exemplu de utilizare. S\u0103 presupunem c\u0103 a\u021bi \u00eenceput jocul cu un multiplicator de retragere automat\u0103 de 2x. Dup\u0103 20 de jocuri, a\u021bi observat c\u0103 \u00een 15 dintre ele, multiplicatorul a fost mai mare de 2x. \u00cen acest caz, pute\u021bi decide s\u0103 cre\u0219te\u021bi multiplicatorul la 2.5x pentru a cre\u0219te c\u00e2\u0219tigurile poten\u021biale. Cu toate acestea, dac\u0103 \u00een runde ulterioare observa\u021bi c\u0103 jocul se pr\u0103bu\u0219e\u0219te mai des \u00eenainte de a ajunge la 2.5x, reveni\u021bi la un num\u0103r mai mic.<\/p>\n<ul>\n<li>\n<h2><strong>Intuitive Scalping Strategy<\/strong><\/h2>\n<\/li>\n<\/ul>\n<p>Acest principiu se bazeaz\u0103 pe c\u00e2\u0219tiguri mici, dar frecvente, \u00een care juc\u0103torul plaseaz\u0103 pariuri cu scopul de a retrage rapid fondurile atunci c\u00e2nd se atinge un multiplicator mic. Caracteristica este utilizarea activ\u0103 a statisticii de pariere a altor juc\u0103tori \u0219i a istoricului multiplicatorilor pentru a &#8222;scalpa&#8221; un mic profit din fiecare rund\u0103.<\/p>\n<p>Alege\u021bi un multiplicator de pornire. Seta\u021bi un multiplicator mic pentru retragerea automat\u0103, de exemplu, 1.1x p\u00e2n\u0103 la 1.5x.<\/p>\n<p>Urm\u0103ri\u021bi pariurile \u0219i c\u00e2\u0219tigurile altor juc\u0103tori. Utiliza\u021bi informa\u021biile despre pariurile \u0219i c\u00e2\u0219tigurile altor juc\u0103tori pentru a forma o \u00een\u021belegere a comportamentului actual al jocului. Dac\u0103 majoritatea juc\u0103torilor \u00ee\u0219i colecteaz\u0103 c\u00e2\u0219tigurile la multiplicatori mici, ar putea fi un moment bun pentru scalping intuitiv.<\/p>\n<p>Dac\u0103 observa\u021bi c\u0103 jocul atinge \u00een mod regulat un multiplicator mai mare dec\u00e2t cel de pornire, cre\u0219te\u021bi-l treptat pentru retragerea automat\u0103. \u00cen cazul pr\u0103bu\u0219irilor mai frecvente la niveluri sc\u0103zute, sc\u0103dea\u021bi multiplicatorul pentru a minimiza riscurile.<\/p>\n<p>Exemplu de utilizare. S\u0103 presupunem c\u0103 a\u021bi \u00eenceput cu un multiplicator de 1.2x \u0219i a\u021bi colectat cu succes c\u00e2\u0219tiguri mici. Deodat\u0103, observa\u021bi c\u0103 \u00een ultimele c\u00e2teva runde, num\u0103rul dep\u0103\u0219e\u0219te \u00een mod constant 2x. Utiliz\u00e2nd aceast\u0103 informa\u021bie, decide\u021bi s\u0103 cre\u0219te\u021bi intuitiv multiplicatorul de retragere la 1.5x \u00een urm\u0103toarele c\u00e2teva runde, permi\u021b\u00e2ndu-v\u0103 s\u0103 v\u0103 m\u0103ri\u021bi profitul p\u0103str\u00e2nd totu\u0219i nivelul de risc sc\u0103zut.<\/p>\n","protected":false},"excerpt":{"rendered":"<p>Ve\u021bi g\u0103si o mul\u021bime de op\u021biuni de pariere \u00een jocul JetX, a\u0219a c\u0103 este important s\u0103 v\u0103 determina\u021bi strategia de joc c\u00e2t mai repede posibil, deoarece nu numai c\u00e2\u0219tigurile depind de ea, ci \u0219i satisfac\u021bia dumneavoastr\u0103 cu jocul. S\u0103 lu\u0103m \u00een considerare cele mai populare strategii: Strategia Abord\u0103rii Echilibrate Aceast\u0103 metod\u0103 se bazeaz\u0103 pe alegerea unui multiplicator fix pentru retragerea automat\u0103, cu ajust\u0103ri ulterioare \u00een func\u021bie de istoricul rundelor anterioare. \u00cencepe\u021bi cu un multiplicator moderat.&hellip; <\/p>\n","protected":false},"author":1,"featured_media":0,"parent":0,"menu_order":0,"comment_status":"closed","ping_status":"closed","template":"","meta":{"footnotes":""},"class_list":["post-12","page","type-page","status-publish","hentry"],"yoast_head":"<!-- This site is optimized with the Yoast SEO plugin v27.2 - https:\/\/yoast.com\/product\/yoast-seo-wordpress\/ -->\n<title>\u0421\u0442\u0440\u0430\u0442\u0435\u0433\u0438\u044f \u0441\u0442\u0430\u0432\u043e\u043a \u0432 \u0438\u0433\u0440\u0435 JetX<\/title>\n<meta name=\"description\" content=\"Alege\u021bi cea mai bun\u0103 strategie \u0219i tactic\u0103 pentru plasarea pariurilor \u00een slotul JetX. Juca\u021bi \u0219i c\u00e2\u0219tiga\u021bi \u00een JetX cu cele mai bune cazinouri online.\" \/>\n<meta name=\"robots\" content=\"index, follow, max-snippet:-1, max-image-preview:large, max-video-preview:-1\" \/>\n<link rel=\"canonical\" href=\"https:\/\/jetxcasinogame.com\/ro\/betting-strategy-on-jetx-best-gaming-tips\/\" \/>\n<meta property=\"og:locale\" content=\"ro_RO\" \/>\n<meta property=\"og:locale:alternate\" content=\"ru_RU\" \/>\n<meta property=\"og:locale:alternate\" content=\"en_US\" \/>\n<meta property=\"og:locale:alternate\" content=\"pt_PT\" \/>\n<meta property=\"og:locale:alternate\" content=\"es_ES\" \/>\n<meta property=\"og:locale:alternate\" content=\"sr_RS\" \/>\n<meta property=\"og:locale:alternate\" content=\"bg_BG\" \/>\n<meta property=\"og:locale:alternate\" content=\"pl_PL\" \/>\n<meta property=\"og:type\" content=\"article\" \/>\n<meta property=\"og:title\" content=\"\u0421\u0442\u0440\u0430\u0442\u0435\u0433\u0438\u044f \u0441\u0442\u0430\u0432\u043e\u043a \u0432 \u0438\u0433\u0440\u0435 JetX\" \/>\n<meta property=\"og:description\" content=\"\u0412\u044b\u0431\u0440\u0430\u0442\u044c \u043b\u0443\u0447\u0448\u0443\u044e \u0441\u0442\u0440\u0430\u0442\u0435\u0433\u0438\u044e \u0438 \u0442\u0430\u043a\u0442\u0438\u043a\u0443 \u043a\u0430\u043a \u0434\u0435\u043b\u0430\u0442\u044c \u0441\u0442\u0430\u0432\u043a\u0443 \u0432 \u0441\u043b\u043e\u0442\u0435 JetX. \u0418\u0433\u0440\u0430\u0435\u043c \u0438 \u0432\u044b\u0438\u0433\u0440\u044b\u0432\u0430\u0435\u043c \u0432 JetX \u0441 \u043b\u0443\u0447\u0448\u0438\u043c\u0438 \u043e\u043d\u043b\u0430\u0439\u043d \u043a\u0430\u0437\u0438\u043d\u043e\" \/>\n<meta property=\"og:url\" content=\"https:\/\/jetxcasinogame.com\/ro\/betting-strategy-on-jetx-best-gaming-tips\/\" \/>\n<meta property=\"og:site_name\" content=\"JetX\" \/>\n<meta property=\"article:modified_time\" content=\"2024-03-18T22:25:56+00:00\" \/>\n<meta name=\"twitter:card\" content=\"summary_large_image\" \/>\n<meta name=\"twitter:label1\" content=\"Timp estimat pentru citire\" \/>\n\t<meta name=\"twitter:data1\" content=\"13 minute\" \/>\n<script type=\"application\/ld+json\" class=\"yoast-schema-graph\">{\"@context\":\"https:\/\/schema.org\",\"@graph\":[{\"@type\":\"WebPage\",\"@id\":\"https:\/\/jetxcasinogame.com\/betting-strategy-on-jetx-best-gaming-tips\/\",\"url\":\"https:\/\/jetxcasinogame.com\/betting-strategy-on-jetx-best-gaming-tips\/\",\"name\":\"\u0421\u0442\u0440\u0430\u0442\u0435\u0433\u0438\u044f \u0441\u0442\u0430\u0432\u043e\u043a \u0432 \u0438\u0433\u0440\u0435 JetX\",\"isPartOf\":{\"@id\":\"https:\/\/jetxcasinogame.com\/#website\"},\"datePublished\":\"2024-03-18T15:29:41+00:00\",\"dateModified\":\"2024-03-18T22:25:56+00:00\",\"description\":\"\u0412\u044b\u0431\u0440\u0430\u0442\u044c \u043b\u0443\u0447\u0448\u0443\u044e \u0441\u0442\u0440\u0430\u0442\u0435\u0433\u0438\u044e \u0438 \u0442\u0430\u043a\u0442\u0438\u043a\u0443 \u043a\u0430\u043a \u0434\u0435\u043b\u0430\u0442\u044c \u0441\u0442\u0430\u0432\u043a\u0443 \u0432 \u0441\u043b\u043e\u0442\u0435 JetX. \u0418\u0433\u0440\u0430\u0435\u043c \u0438 \u0432\u044b\u0438\u0433\u0440\u044b\u0432\u0430\u0435\u043c \u0432 JetX \u0441 \u043b\u0443\u0447\u0448\u0438\u043c\u0438 \u043e\u043d\u043b\u0430\u0439\u043d \u043a\u0430\u0437\u0438\u043d\u043e\",\"breadcrumb\":{\"@id\":\"https:\/\/jetxcasinogame.com\/betting-strategy-on-jetx-best-gaming-tips\/#breadcrumb\"},\"inLanguage\":\"ro-RO\",\"potentialAction\":[{\"@type\":\"ReadAction\",\"target\":[\"https:\/\/jetxcasinogame.com\/betting-strategy-on-jetx-best-gaming-tips\/\"]}]},{\"@type\":\"BreadcrumbList\",\"@id\":\"https:\/\/jetxcasinogame.com\/betting-strategy-on-jetx-best-gaming-tips\/#breadcrumb\",\"itemListElement\":[{\"@type\":\"ListItem\",\"position\":1,\"name\":\"\u0413\u043b\u0430\u0432\u043d\u0430\u044f \u0441\u0442\u0440\u0430\u043d\u0438\u0446\u0430\",\"item\":\"https:\/\/jetxcasinogame.com\/\"},{\"@type\":\"ListItem\",\"position\":2,\"name\":\"\u0421\u0442\u0440\u0430\u0442\u0435\u0433\u0438\u044f \u0441\u0442\u0430\u0432\u043e\u043a \u043d\u0430 JetX: \u043b\u0443\u0447\u0448\u0438\u0435 \u0441\u043e\u0432\u0435\u0442\u044b \u043f\u043e \u0438\u0433\u0440\u0435\"}]},{\"@type\":\"WebSite\",\"@id\":\"https:\/\/jetxcasinogame.com\/#website\",\"url\":\"https:\/\/jetxcasinogame.com\/\",\"name\":\"JetX\",\"description\":\"\",\"publisher\":{\"@id\":\"https:\/\/jetxcasinogame.com\/#organization\"},\"potentialAction\":[{\"@type\":\"SearchAction\",\"target\":{\"@type\":\"EntryPoint\",\"urlTemplate\":\"https:\/\/jetxcasinogame.com\/?s={search_term_string}\"},\"query-input\":{\"@type\":\"PropertyValueSpecification\",\"valueRequired\":true,\"valueName\":\"search_term_string\"}}],\"inLanguage\":\"ro-RO\"},{\"@type\":\"Organization\",\"@id\":\"https:\/\/jetxcasinogame.com\/#organization\",\"name\":\"JetX\",\"url\":\"https:\/\/jetxcasinogame.com\/\",\"logo\":{\"@type\":\"ImageObject\",\"inLanguage\":\"ro-RO\",\"@id\":\"https:\/\/jetxcasinogame.com\/#\/schema\/logo\/image\/\",\"url\":\"https:\/\/jetxcasinogame.com\/wp-content\/uploads\/cropped-logo.png\",\"contentUrl\":\"https:\/\/jetxcasinogame.com\/wp-content\/uploads\/cropped-logo.png\",\"width\":328,\"height\":119,\"caption\":\"JetX\"},\"image\":{\"@id\":\"https:\/\/jetxcasinogame.com\/#\/schema\/logo\/image\/\"}}]}<\/script>\n<!-- \/ Yoast SEO plugin. -->","yoast_head_json":{"title":"\u0421\u0442\u0440\u0430\u0442\u0435\u0433\u0438\u044f \u0441\u0442\u0430\u0432\u043e\u043a \u0432 \u0438\u0433\u0440\u0435 JetX","description":"Alege\u021bi cea mai bun\u0103 strategie \u0219i tactic\u0103 pentru plasarea pariurilor \u00een slotul JetX. Juca\u021bi \u0219i c\u00e2\u0219tiga\u021bi \u00een JetX cu cele mai bune cazinouri online.","robots":{"index":"index","follow":"follow","max-snippet":"max-snippet:-1","max-image-preview":"max-image-preview:large","max-video-preview":"max-video-preview:-1"},"canonical":"https:\/\/jetxcasinogame.com\/ro\/betting-strategy-on-jetx-best-gaming-tips\/","og_locale":"ro_RO","og_type":"article","og_title":"\u0421\u0442\u0440\u0430\u0442\u0435\u0433\u0438\u044f \u0441\u0442\u0430\u0432\u043e\u043a \u0432 \u0438\u0433\u0440\u0435 JetX","og_description":"\u0412\u044b\u0431\u0440\u0430\u0442\u044c \u043b\u0443\u0447\u0448\u0443\u044e \u0441\u0442\u0440\u0430\u0442\u0435\u0433\u0438\u044e \u0438 \u0442\u0430\u043a\u0442\u0438\u043a\u0443 \u043a\u0430\u043a \u0434\u0435\u043b\u0430\u0442\u044c \u0441\u0442\u0430\u0432\u043a\u0443 \u0432 \u0441\u043b\u043e\u0442\u0435 JetX. \u0418\u0433\u0440\u0430\u0435\u043c \u0438 \u0432\u044b\u0438\u0433\u0440\u044b\u0432\u0430\u0435\u043c \u0432 JetX \u0441 \u043b\u0443\u0447\u0448\u0438\u043c\u0438 \u043e\u043d\u043b\u0430\u0439\u043d \u043a\u0430\u0437\u0438\u043d\u043e","og_url":"https:\/\/jetxcasinogame.com\/ro\/betting-strategy-on-jetx-best-gaming-tips\/","og_site_name":"JetX","article_modified_time":"2024-03-18T22:25:56+00:00","twitter_card":"summary_large_image","twitter_misc":{"Timp estimat pentru citire":"13 minute"},"schema":{"@context":"https:\/\/schema.org","@graph":[{"@type":"WebPage","@id":"https:\/\/jetxcasinogame.com\/betting-strategy-on-jetx-best-gaming-tips\/","url":"https:\/\/jetxcasinogame.com\/betting-strategy-on-jetx-best-gaming-tips\/","name":"\u0421\u0442\u0440\u0430\u0442\u0435\u0433\u0438\u044f \u0441\u0442\u0430\u0432\u043e\u043a \u0432 \u0438\u0433\u0440\u0435 JetX","isPartOf":{"@id":"https:\/\/jetxcasinogame.com\/#website"},"datePublished":"2024-03-18T15:29:41+00:00","dateModified":"2024-03-18T22:25:56+00:00","description":"\u0412\u044b\u0431\u0440\u0430\u0442\u044c \u043b\u0443\u0447\u0448\u0443\u044e \u0441\u0442\u0440\u0430\u0442\u0435\u0433\u0438\u044e \u0438 \u0442\u0430\u043a\u0442\u0438\u043a\u0443 \u043a\u0430\u043a \u0434\u0435\u043b\u0430\u0442\u044c \u0441\u0442\u0430\u0432\u043a\u0443 \u0432 \u0441\u043b\u043e\u0442\u0435 JetX. \u0418\u0433\u0440\u0430\u0435\u043c \u0438 \u0432\u044b\u0438\u0433\u0440\u044b\u0432\u0430\u0435\u043c \u0432 JetX \u0441 \u043b\u0443\u0447\u0448\u0438\u043c\u0438 \u043e\u043d\u043b\u0430\u0439\u043d \u043a\u0430\u0437\u0438\u043d\u043e","breadcrumb":{"@id":"https:\/\/jetxcasinogame.com\/betting-strategy-on-jetx-best-gaming-tips\/#breadcrumb"},"inLanguage":"ro-RO","potentialAction":[{"@type":"ReadAction","target":["https:\/\/jetxcasinogame.com\/betting-strategy-on-jetx-best-gaming-tips\/"]}]},{"@type":"BreadcrumbList","@id":"https:\/\/jetxcasinogame.com\/betting-strategy-on-jetx-best-gaming-tips\/#breadcrumb","itemListElement":[{"@type":"ListItem","position":1,"name":"\u0413\u043b\u0430\u0432\u043d\u0430\u044f \u0441\u0442\u0440\u0430\u043d\u0438\u0446\u0430","item":"https:\/\/jetxcasinogame.com\/"},{"@type":"ListItem","position":2,"name":"\u0421\u0442\u0440\u0430\u0442\u0435\u0433\u0438\u044f \u0441\u0442\u0430\u0432\u043e\u043a \u043d\u0430 JetX: \u043b\u0443\u0447\u0448\u0438\u0435 \u0441\u043e\u0432\u0435\u0442\u044b \u043f\u043e \u0438\u0433\u0440\u0435"}]},{"@type":"WebSite","@id":"https:\/\/jetxcasinogame.com\/#website","url":"https:\/\/jetxcasinogame.com\/","name":"JetX","description":"","publisher":{"@id":"https:\/\/jetxcasinogame.com\/#organization"},"potentialAction":[{"@type":"SearchAction","target":{"@type":"EntryPoint","urlTemplate":"https:\/\/jetxcasinogame.com\/?s={search_term_string}"},"query-input":{"@type":"PropertyValueSpecification","valueRequired":true,"valueName":"search_term_string"}}],"inLanguage":"ro-RO"},{"@type":"Organization","@id":"https:\/\/jetxcasinogame.com\/#organization","name":"JetX","url":"https:\/\/jetxcasinogame.com\/","logo":{"@type":"ImageObject","inLanguage":"ro-RO","@id":"https:\/\/jetxcasinogame.com\/#\/schema\/logo\/image\/","url":"https:\/\/jetxcasinogame.com\/wp-content\/uploads\/cropped-logo.png","contentUrl":"https:\/\/jetxcasinogame.com\/wp-content\/uploads\/cropped-logo.png","width":328,"height":119,"caption":"JetX"},"image":{"@id":"https:\/\/jetxcasinogame.com\/#\/schema\/logo\/image\/"}}]}},"_links":{"self":[{"href":"https:\/\/jetxcasinogame.com\/ro\/wp-json\/wp\/v2\/pages\/12","targetHints":{"allow":["GET"]}}],"collection":[{"href":"https:\/\/jetxcasinogame.com\/ro\/wp-json\/wp\/v2\/pages"}],"about":[{"href":"https:\/\/jetxcasinogame.com\/ro\/wp-json\/wp\/v2\/types\/page"}],"author":[{"embeddable":true,"href":"https:\/\/jetxcasinogame.com\/ro\/wp-json\/wp\/v2\/users\/1"}],"replies":[{"embeddable":true,"href":"https:\/\/jetxcasinogame.com\/ro\/wp-json\/wp\/v2\/comments?post=12"}],"version-history":[{"count":15,"href":"https:\/\/jetxcasinogame.com\/ro\/wp-json\/wp\/v2\/pages\/12\/revisions"}],"predecessor-version":[{"id":76,"href":"https:\/\/jetxcasinogame.com\/ro\/wp-json\/wp\/v2\/pages\/12\/revisions\/76"}],"wp:attachment":[{"href":"https:\/\/jetxcasinogame.com\/ro\/wp-json\/wp\/v2\/media?parent=12"}],"curies":[{"name":"wp","href":"https:\/\/api.w.org\/{rel}","templated":true}]}}