{"id":8,"date":"2024-03-18T18:21:49","date_gmt":"2024-03-18T15:21:49","guid":{"rendered":"https:\/\/jetxcasinogame.com\/?page_id=8"},"modified":"2024-03-19T01:25:22","modified_gmt":"2024-03-18T22:25:22","slug":"jetx-real-money-game","status":"publish","type":"page","link":"https:\/\/jetxcasinogame.com\/pt\/","title":{"rendered":"JetX &#8211; jogo com dinheiro real"},"content":{"rendered":"<h2><strong>Como Jogar Jet-X?<\/strong><\/h2>\n<p>Defina sua(s) aposta(s) no voo e ajuste seu tamanho usando os bot\u00f5es +\/- para cada negocia\u00e7\u00e3o. O objetivo \u00e9 permanecer no jogo o maior tempo poss\u00edvel e conseguir coletar seus ganhos antes que o avi\u00e3o &#8220;exploda&#8221;. O jogo n\u00e3o requer c\u00e1lculos ou estrat\u00e9gias complexas.<\/p>\n<p>A se\u00e7\u00e3o \u00e0 direita do campo de jogo demonstra as a\u00e7\u00f5es de outros jogadores: quando e quanto eles ganharam. Aqui voc\u00ea tamb\u00e9m pode encontrar informa\u00e7\u00f5es sobre todas as suas apostas para a sess\u00e3o, o que facilita a an\u00e1lise e o planejamento estrat\u00e9gico. Os jogadores podem alternar entre v\u00e1rias abas: apostas ativas, apostas pessoais, estat\u00edsticas.<\/p>\n<p>O lado esquerdo da interface apresenta an\u00e1lises sobre coeficientes e hist\u00f3rico de jogo. A indica\u00e7\u00e3o de cores (vermelho para coeficientes abaixo de 1,5 e verde para coeficientes acima de 1,5) ajuda a analisar apostas passadas e desenvolver estrat\u00e9gias.<\/p>\n<h2><strong>Onde Posso Jogar o Jogo Jet X?<\/strong><\/h2>\n<p>Para come\u00e7ar a jogar JetX, escolha cuidadosamente um cassino, prestando aten\u00e7\u00e3o \u00e0 verifica\u00e7\u00e3o de sua confiabilidade e seguran\u00e7a. O principal crit\u00e9rio para a escolha deve ser a presen\u00e7a de uma licen\u00e7a no cassino, que \u00e9 uma garantia de sua honestidade e responsabilidade perante os jogadores. As licen\u00e7as geralmente s\u00e3o emitidas por autoridades respeit\u00e1veis na ind\u00fastria do jogo e confirmam a conformidade do cassino com padr\u00f5es e regras estabelecidos. As informa\u00e7\u00f5es sobre a licen\u00e7a geralmente s\u00e3o postadas no site oficial do cassino, na maioria das vezes na parte inferior, permitindo que os jogadores em potencial a encontrem e verifiquem facilmente.<\/p>\n<p>Ap\u00f3s a escolha do cassino, o pr\u00f3ximo passo \u00e9 o procedimento de registro em seu site. Durante o registro, o jogador precisar\u00e1 preencher uma s\u00e9rie de campos com informa\u00e7\u00f5es pessoais, como nome, e-mail e senha, e confirmar a corre\u00e7\u00e3o dos dados inseridos. Esta etapa \u00e9 extremamente importante para garantir a seguran\u00e7a da conta e das transa\u00e7\u00f5es financeiras futuras.<\/p>\n<p>O \u00faltimo passo na prepara\u00e7\u00e3o para jogar \u00e9 financiar sua conta de jogo. A maioria dos cassinos oferece v\u00e1rios m\u00e9todos de dep\u00f3sito, incluindo cart\u00f5es banc\u00e1rios, carteiras eletr\u00f4nicas e outros sistemas de pagamento, dando aos jogadores flexibilidade na escolha da op\u00e7\u00e3o mais conveniente.<\/p>\n<p>Finalmente, para come\u00e7ar a jogar JetX, o jogador precisa encontr\u00e1-lo entre a variedade de entretenimento de jogos oferecidos. Isso pode ser feito usando a fun\u00e7\u00e3o de pesquisa no site do cassino ou acessando a se\u00e7\u00e3o de jogos.<\/p>\n<h2><strong>Vers\u00e3o de Demonstra\u00e7\u00e3o JetX &#8211; Jogue de Gra\u00e7a<\/strong><\/h2>\n<p>O jogo JetX em modo de demonstra\u00e7\u00e3o \u00e9 uma duplicata completa da vers\u00e3o principal destinada a jogos com dep\u00f3sito. A diferen\u00e7a \u00e9 que as apostas s\u00e3o feitas usando dinheiro virtual, o que ajuda a evitar o risco de perder o saldo real. Esta op\u00e7\u00e3o \u00e9 adequada para aqueles que desejam se familiarizar com as regras e caracter\u00edsticas do jogo sem gastar seus pr\u00f3prios fundos. A apar\u00eancia e funcionalidade da demonstra\u00e7\u00e3o correspondem totalmente ao jogo original.<\/p>\n<h2><strong>Baixe o aplicativo m\u00f3vel JetX Bet para dispositivos m\u00f3veis<\/strong><\/h2>\n<h3><strong>JetX Bet para Android<\/strong><\/h3>\n<p>A experi\u00eancia de jogo m\u00f3vel atinge um novo n\u00edvel com o aplicativo JetX Bet para Android. Os usu\u00e1rios de dispositivos baseados em Android podem desfrutar de jogos r\u00e1pidos e seguros a qualquer hora e em qualquer lugar. Instale o aplicativo agora para acessar uma ampla variedade de jogos e a capacidade de fazer apostas enquanto estiver em movimento.<\/p>\n<h3><strong>Aplicativo JetX para iOS<\/strong><\/h3>\n<p>Os propriet\u00e1rios de dispositivos Apple tamb\u00e9m n\u00e3o ficar\u00e3o de fora do emocionante mundo das apostas com o aplicativo JetX para iOS. Este aplicativo oferece uma sess\u00e3o de jogo suave e intuitiva adaptada para o ecossistema iOS. Baixe o aplicativo na App Store para come\u00e7ar a jogar JetX onde quer que voc\u00ea esteja.<\/p>\n<h2><strong>Dep\u00f3sitos e Retiradas no JetX<\/strong><\/h2>\n<p>O jogo oferece um sistema conveniente para gerenciar apostas e saques. O sistema de reprodu\u00e7\u00e3o autom\u00e1tica permite que os usu\u00e1rios configurem a repeti\u00e7\u00e3o autom\u00e1tica da aposta selecionada em rodadas subsequentes, proporcionando assim a oportunidade de jogar sem interrup\u00e7\u00f5es. Essa funcionalidade est\u00e1 dispon\u00edvel para apostas simples e duplas.<\/p>\n<p>Al\u00e9m disso, a funcionalidade do jogo inclui a retirada autom\u00e1tica de ganhos. Isso significa que a aposta do usu\u00e1rio ser\u00e1 automaticamente fixada e retirada assim que um determinado coeficiente for alcan\u00e7ado. Esse abordagem minimiza os riscos e permite que os jogadores controlem seu bankroll. Em qualquer momento, antes da retirada autom\u00e1tica da aposta, o jogador tem o direito de sacar o dinheiro independentemente.<\/p>\n","protected":false},"excerpt":{"rendered":"<p>Como Jogar Jet-X? Defina sua(s) aposta(s) no voo e ajuste seu tamanho usando os bot\u00f5es +\/- para cada negocia\u00e7\u00e3o. O objetivo \u00e9 permanecer no jogo o maior tempo poss\u00edvel e conseguir coletar seus ganhos antes que o avi\u00e3o &#8220;exploda&#8221;. O jogo n\u00e3o requer c\u00e1lculos ou estrat\u00e9gias complexas. A se\u00e7\u00e3o \u00e0 direita do campo de jogo demonstra as a\u00e7\u00f5es de outros jogadores: quando e quanto eles ganharam. Aqui voc\u00ea tamb\u00e9m pode encontrar informa\u00e7\u00f5es sobre todas as&hellip; <\/p>\n","protected":false},"author":1,"featured_media":0,"parent":0,"menu_order":0,"comment_status":"closed","ping_status":"closed","template":"","meta":{"footnotes":""},"class_list":["post-8","page","type-page","status-publish","hentry"],"yoast_head":"<!-- This site is optimized with the Yoast SEO plugin v27.2 - https:\/\/yoast.com\/product\/yoast-seo-wordpress\/ -->\n<title>Graj w gr\u0119 JetX w kasynie na prawdziwe pieni\u0105dze<\/title>\n<meta name=\"description\" content=\"Se voc\u00ea decidiu jogar o jogo de azar JetX em um cassino online, ent\u00e3o reunimos todas as informa\u00e7\u00f5es. Onde jogar, demonstra\u00e7\u00e3o, jogar de gra\u00e7a, fazer um dep\u00f3sito e sacar os ganhos.\" \/>\n<meta name=\"robots\" content=\"index, follow, max-snippet:-1, max-image-preview:large, max-video-preview:-1\" \/>\n<link rel=\"canonical\" href=\"https:\/\/jetxcasinogame.com\/pt\/\" \/>\n<meta property=\"og:locale\" content=\"pt_PT\" \/>\n<meta property=\"og:locale:alternate\" content=\"ru_RU\" \/>\n<meta property=\"og:locale:alternate\" content=\"en_US\" \/>\n<meta property=\"og:locale:alternate\" content=\"es_ES\" \/>\n<meta property=\"og:locale:alternate\" content=\"ro_RO\" \/>\n<meta property=\"og:locale:alternate\" content=\"sr_RS\" \/>\n<meta property=\"og:locale:alternate\" content=\"bg_BG\" \/>\n<meta property=\"og:locale:alternate\" content=\"pl_PL\" \/>\n<meta property=\"og:type\" content=\"article\" \/>\n<meta property=\"og:title\" content=\"Graj w gr\u0119 JetX w kasynie na prawdziwe pieni\u0105dze\" \/>\n<meta property=\"og:description\" content=\"Je\u015bli zdecydowa\u0142e\u015b si\u0119 zagra\u0107 w gr\u0119 hazardow\u0105 JetX w kasynie internetowym, to zebrali\u015bmy wszystkie informacje. Gdzie gra\u0107, demo, gra\u0107 za darmo, dokona\u0107 depozytu i wyp\u0142aci\u0107 wygrane.\" \/>\n<meta property=\"og:url\" content=\"https:\/\/jetxcasinogame.com\/pt\/\" \/>\n<meta property=\"og:site_name\" content=\"JetX\" \/>\n<meta property=\"article:modified_time\" content=\"2024-03-18T22:25:22+00:00\" \/>\n<meta name=\"twitter:card\" content=\"summary_large_image\" \/>\n<meta name=\"twitter:label1\" content=\"Tempo estimado de leitura\" \/>\n\t<meta name=\"twitter:data1\" content=\"19 minutos\" \/>\n<script type=\"application\/ld+json\" class=\"yoast-schema-graph\">{\"@context\":\"https:\/\/schema.org\",\"@graph\":[{\"@type\":\"WebPage\",\"@id\":\"https:\/\/jetxcasinogame.com\/\",\"url\":\"https:\/\/jetxcasinogame.com\/\",\"name\":\"Graj w gr\u0119 JetX w kasynie na prawdziwe pieni\u0105dze\",\"isPartOf\":{\"@id\":\"https:\/\/jetxcasinogame.com\/#website\"},\"datePublished\":\"2024-03-18T15:21:49+00:00\",\"dateModified\":\"2024-03-18T22:25:22+00:00\",\"description\":\"Je\u015bli zdecydowa\u0142e\u015b si\u0119 zagra\u0107 w gr\u0119 hazardow\u0105 JetX w kasynie internetowym, to zebrali\u015bmy wszystkie informacje. Gdzie gra\u0107, demo, gra\u0107 za darmo, dokona\u0107 depozytu i wyp\u0142aci\u0107 wygrane.\",\"breadcrumb\":{\"@id\":\"https:\/\/jetxcasinogame.com\/#breadcrumb\"},\"inLanguage\":\"pt-PT\",\"potentialAction\":[{\"@type\":\"ReadAction\",\"target\":[\"https:\/\/jetxcasinogame.com\/\"]}]},{\"@type\":\"BreadcrumbList\",\"@id\":\"https:\/\/jetxcasinogame.com\/#breadcrumb\",\"itemListElement\":[{\"@type\":\"ListItem\",\"position\":1,\"name\":\"\u0413\u043b\u0430\u0432\u043d\u0430\u044f \u0441\u0442\u0440\u0430\u043d\u0438\u0446\u0430\",\"item\":\"https:\/\/jetxcasinogame.com\/\"},{\"@type\":\"ListItem\",\"position\":2,\"name\":\"JetX &#8212; gra na prawdziwe pieni\u0105dze\"}]},{\"@type\":\"WebSite\",\"@id\":\"https:\/\/jetxcasinogame.com\/#website\",\"url\":\"https:\/\/jetxcasinogame.com\/\",\"name\":\"JetX\",\"description\":\"\",\"publisher\":{\"@id\":\"https:\/\/jetxcasinogame.com\/#organization\"},\"potentialAction\":[{\"@type\":\"SearchAction\",\"target\":{\"@type\":\"EntryPoint\",\"urlTemplate\":\"https:\/\/jetxcasinogame.com\/?s={search_term_string}\"},\"query-input\":{\"@type\":\"PropertyValueSpecification\",\"valueRequired\":true,\"valueName\":\"search_term_string\"}}],\"inLanguage\":\"pt-PT\"},{\"@type\":\"Organization\",\"@id\":\"https:\/\/jetxcasinogame.com\/#organization\",\"name\":\"JetX\",\"url\":\"https:\/\/jetxcasinogame.com\/\",\"logo\":{\"@type\":\"ImageObject\",\"inLanguage\":\"pt-PT\",\"@id\":\"https:\/\/jetxcasinogame.com\/#\/schema\/logo\/image\/\",\"url\":\"https:\/\/jetxcasinogame.com\/wp-content\/uploads\/cropped-logo.png\",\"contentUrl\":\"https:\/\/jetxcasinogame.com\/wp-content\/uploads\/cropped-logo.png\",\"width\":328,\"height\":119,\"caption\":\"JetX\"},\"image\":{\"@id\":\"https:\/\/jetxcasinogame.com\/#\/schema\/logo\/image\/\"}}]}<\/script>\n<!-- \/ Yoast SEO plugin. -->","yoast_head_json":{"title":"Graj w gr\u0119 JetX w kasynie na prawdziwe pieni\u0105dze","description":"Se voc\u00ea decidiu jogar o jogo de azar JetX em um cassino online, ent\u00e3o reunimos todas as informa\u00e7\u00f5es. Onde jogar, demonstra\u00e7\u00e3o, jogar de gra\u00e7a, fazer um dep\u00f3sito e sacar os ganhos.","robots":{"index":"index","follow":"follow","max-snippet":"max-snippet:-1","max-image-preview":"max-image-preview:large","max-video-preview":"max-video-preview:-1"},"canonical":"https:\/\/jetxcasinogame.com\/pt\/","og_locale":"pt_PT","og_type":"article","og_title":"Graj w gr\u0119 JetX w kasynie na prawdziwe pieni\u0105dze","og_description":"Je\u015bli zdecydowa\u0142e\u015b si\u0119 zagra\u0107 w gr\u0119 hazardow\u0105 JetX w kasynie internetowym, to zebrali\u015bmy wszystkie informacje. Gdzie gra\u0107, demo, gra\u0107 za darmo, dokona\u0107 depozytu i wyp\u0142aci\u0107 wygrane.","og_url":"https:\/\/jetxcasinogame.com\/pt\/","og_site_name":"JetX","article_modified_time":"2024-03-18T22:25:22+00:00","twitter_card":"summary_large_image","twitter_misc":{"Tempo estimado de leitura":"19 minutos"},"schema":{"@context":"https:\/\/schema.org","@graph":[{"@type":"WebPage","@id":"https:\/\/jetxcasinogame.com\/","url":"https:\/\/jetxcasinogame.com\/","name":"Graj w gr\u0119 JetX w kasynie na prawdziwe pieni\u0105dze","isPartOf":{"@id":"https:\/\/jetxcasinogame.com\/#website"},"datePublished":"2024-03-18T15:21:49+00:00","dateModified":"2024-03-18T22:25:22+00:00","description":"Je\u015bli zdecydowa\u0142e\u015b si\u0119 zagra\u0107 w gr\u0119 hazardow\u0105 JetX w kasynie internetowym, to zebrali\u015bmy wszystkie informacje. Gdzie gra\u0107, demo, gra\u0107 za darmo, dokona\u0107 depozytu i wyp\u0142aci\u0107 wygrane.","breadcrumb":{"@id":"https:\/\/jetxcasinogame.com\/#breadcrumb"},"inLanguage":"pt-PT","potentialAction":[{"@type":"ReadAction","target":["https:\/\/jetxcasinogame.com\/"]}]},{"@type":"BreadcrumbList","@id":"https:\/\/jetxcasinogame.com\/#breadcrumb","itemListElement":[{"@type":"ListItem","position":1,"name":"\u0413\u043b\u0430\u0432\u043d\u0430\u044f \u0441\u0442\u0440\u0430\u043d\u0438\u0446\u0430","item":"https:\/\/jetxcasinogame.com\/"},{"@type":"ListItem","position":2,"name":"JetX &#8212; gra na prawdziwe pieni\u0105dze"}]},{"@type":"WebSite","@id":"https:\/\/jetxcasinogame.com\/#website","url":"https:\/\/jetxcasinogame.com\/","name":"JetX","description":"","publisher":{"@id":"https:\/\/jetxcasinogame.com\/#organization"},"potentialAction":[{"@type":"SearchAction","target":{"@type":"EntryPoint","urlTemplate":"https:\/\/jetxcasinogame.com\/?s={search_term_string}"},"query-input":{"@type":"PropertyValueSpecification","valueRequired":true,"valueName":"search_term_string"}}],"inLanguage":"pt-PT"},{"@type":"Organization","@id":"https:\/\/jetxcasinogame.com\/#organization","name":"JetX","url":"https:\/\/jetxcasinogame.com\/","logo":{"@type":"ImageObject","inLanguage":"pt-PT","@id":"https:\/\/jetxcasinogame.com\/#\/schema\/logo\/image\/","url":"https:\/\/jetxcasinogame.com\/wp-content\/uploads\/cropped-logo.png","contentUrl":"https:\/\/jetxcasinogame.com\/wp-content\/uploads\/cropped-logo.png","width":328,"height":119,"caption":"JetX"},"image":{"@id":"https:\/\/jetxcasinogame.com\/#\/schema\/logo\/image\/"}}]}},"_links":{"self":[{"href":"https:\/\/jetxcasinogame.com\/pt\/wp-json\/wp\/v2\/pages\/8","targetHints":{"allow":["GET"]}}],"collection":[{"href":"https:\/\/jetxcasinogame.com\/pt\/wp-json\/wp\/v2\/pages"}],"about":[{"href":"https:\/\/jetxcasinogame.com\/pt\/wp-json\/wp\/v2\/types\/page"}],"author":[{"embeddable":true,"href":"https:\/\/jetxcasinogame.com\/pt\/wp-json\/wp\/v2\/users\/1"}],"replies":[{"embeddable":true,"href":"https:\/\/jetxcasinogame.com\/pt\/wp-json\/wp\/v2\/comments?post=8"}],"version-history":[{"count":16,"href":"https:\/\/jetxcasinogame.com\/pt\/wp-json\/wp\/v2\/pages\/8\/revisions"}],"predecessor-version":[{"id":74,"href":"https:\/\/jetxcasinogame.com\/pt\/wp-json\/wp\/v2\/pages\/8\/revisions\/74"}],"wp:attachment":[{"href":"https:\/\/jetxcasinogame.com\/pt\/wp-json\/wp\/v2\/media?parent=8"}],"curies":[{"name":"wp","href":"https:\/\/api.w.org\/{rel}","templated":true}]}}