{"id":12,"date":"2024-03-18T18:29:41","date_gmt":"2024-03-18T15:29:41","guid":{"rendered":"https:\/\/jetxcasinogame.com\/?page_id=12"},"modified":"2024-03-19T01:25:56","modified_gmt":"2024-03-18T22:25:56","slug":"betting-strategy-on-jetx-best-gaming-tips","status":"publish","type":"page","link":"https:\/\/jetxcasinogame.com\/pt\/betting-strategy-on-jetx-best-gaming-tips\/","title":{"rendered":"Estrat\u00e9gia de apostas no JetX: melhores dicas de jogo"},"content":{"rendered":"<p>Voc\u00ea encontrar\u00e1 muitas op\u00e7\u00f5es de apostas no jogo JetX, por isso \u00e9 importante determinar sua estrat\u00e9gia de jogo o mais r\u00e1pido poss\u00edvel, pois n\u00e3o apenas seus ganhos dependem disso, mas tamb\u00e9m sua satisfa\u00e7\u00e3o com o jogo. Vamos considerar as estrat\u00e9gias mais populares:<\/p>\n<ul>\n<li>\n<h2><strong>Estrat\u00e9gia de Abordagem Balanceada<\/strong><\/h2>\n<\/li>\n<\/ul>\n<p>Este m\u00e9todo \u00e9 baseado na escolha de um multiplicador fixo para saques autom\u00e1ticos, com ajuste subsequente dependendo da hist\u00f3ria de rodadas anteriores.<\/p>\n<p>Comece com um multiplicador moderado. Por exemplo, escolha um multiplicador de 2x como seu ponto inicial para saques autom\u00e1ticos. Isso significa que voc\u00ea coletar\u00e1 seus ganhos toda vez que o multiplicador atingir esse valor.<\/p>\n<p>Monitore cuidadosamente o hist\u00f3rico de jogo e as estat\u00edsticas. Se perceber que a maioria das rodadas termina com um multiplicador maior que 2x, considere aumentar seu multiplicador de saque.<\/p>\n<p>Ap\u00f3s cada 10-20 rodadas, analise e determine se ajustar\u00e1 seu multiplicador de saque para cima ou para baixo. Se o jogo falhar com mais frequ\u00eancia em n\u00fameros baixos, diminua seu resultado desejado para minimizar os riscos. Se o jogo mostrar consistentemente valores altos, tente aumentar seu multiplicador de saque para aumentar os ganhos potenciais.<\/p>\n<p>Vamos considerar um exemplo de uso. Suponha que voc\u00ea come\u00e7ou o jogo com um multiplicador de saque autom\u00e1tico de 2x. Ap\u00f3s 20 jogos, voc\u00ea percebeu que em 15 deles, o multiplicador era maior que 2x. Nesse caso, voc\u00ea pode decidir aumentar o multiplicador para 2,5x para aumentar os ganhos potenciais. No entanto, se nas rodadas subsequentes voc\u00ea perceber que o jogo falha com mais frequ\u00eancia antes de atingir 2,5x, retorne para um n\u00famero menor.<\/p>\n<ul>\n<li>\n<h2><strong>Estrat\u00e9gia de Scalping Intuitivo<\/strong><\/h2>\n<\/li>\n<\/ul>\n<p>Este princ\u00edpio \u00e9 baseado em ganhos pequenos, mas frequentes, onde o jogador faz apostas com o objetivo de retirar rapidamente os fundos quando um pequeno multiplicador \u00e9 alcan\u00e7ado. A caracter\u00edstica \u00e9 o uso ativo de estat\u00edsticas de apostas de outros jogadores e o hist\u00f3rico de multiplicadores para &#8220;scalpar&#8221; um pequeno lucro de cada rodada.<\/p>\n<p>Escolha um multiplicador inicial. Defina um multiplicador baixo para saques autom\u00e1ticos, por exemplo, de 1,1x a 1,5x.<\/p>\n<p>Observe as apostas e ganhos de outros jogadores. Use informa\u00e7\u00f5es sobre as apostas e ganhos de outros jogadores para formar uma compreens\u00e3o do comportamento atual do jogo. Se a maioria dos jogadores coletar seus ganhos em multiplicadores baixos, pode ser um bom momento para scalping intuitivo.<\/p>\n<p>Se perceber que o jogo regularmente atinge um multiplicador maior que o seu inicial, aumente gradualmente para saques autom\u00e1ticos. Em caso de falhas mais frequentes em n\u00edveis baixos, diminua seu multiplicador para minimizar os riscos.<\/p>\n<p>Exemplo de uso. Suponha que voc\u00ea come\u00e7ou com um multiplicador de 1,2x e coletou pequenos ganhos com sucesso. De repente, voc\u00ea percebe que ao longo das \u00faltimas rodadas, o n\u00famero consistentemente excede 2x. Usando essas informa\u00e7\u00f5es, voc\u00ea decide aumentar intuitivamente o multiplicador de saque para 1,5x nas pr\u00f3ximas rodadas, permitindo que voc\u00ea aumente seu lucro mantendo o n\u00edvel de risco baixo.<\/p>\n","protected":false},"excerpt":{"rendered":"<p>Voc\u00ea encontrar\u00e1 muitas op\u00e7\u00f5es de apostas no jogo JetX, por isso \u00e9 importante determinar sua estrat\u00e9gia de jogo o mais r\u00e1pido poss\u00edvel, pois n\u00e3o apenas seus ganhos dependem disso, mas tamb\u00e9m sua satisfa\u00e7\u00e3o com o jogo. Vamos considerar as estrat\u00e9gias mais populares: Estrat\u00e9gia de Abordagem Balanceada Este m\u00e9todo \u00e9 baseado na escolha de um multiplicador fixo para saques autom\u00e1ticos, com ajuste subsequente dependendo da hist\u00f3ria de rodadas anteriores. Comece com um multiplicador moderado. Por exemplo,&hellip; <\/p>\n","protected":false},"author":1,"featured_media":0,"parent":0,"menu_order":0,"comment_status":"closed","ping_status":"closed","template":"","meta":{"footnotes":""},"class_list":["post-12","page","type-page","status-publish","hentry"],"yoast_head":"<!-- This site is optimized with the Yoast SEO plugin v27.2 - https:\/\/yoast.com\/product\/yoast-seo-wordpress\/ -->\n<title>\u0421\u0442\u0440\u0430\u0442\u0435\u0433\u0438\u044f \u0441\u0442\u0430\u0432\u043e\u043a \u0432 \u0438\u0433\u0440\u0435 JetX<\/title>\n<meta name=\"description\" content=\"Escolha a melhor estrat\u00e9gia e t\u00e1tica para fazer apostas na slot JetX. Jogue e ganhe no JetX com os melhores cassinos online.\" \/>\n<meta name=\"robots\" content=\"index, follow, max-snippet:-1, max-image-preview:large, max-video-preview:-1\" \/>\n<link rel=\"canonical\" href=\"https:\/\/jetxcasinogame.com\/pt\/betting-strategy-on-jetx-best-gaming-tips\/\" \/>\n<meta property=\"og:locale\" content=\"pt_PT\" \/>\n<meta property=\"og:locale:alternate\" content=\"ru_RU\" \/>\n<meta property=\"og:locale:alternate\" content=\"en_US\" \/>\n<meta property=\"og:locale:alternate\" content=\"es_ES\" \/>\n<meta property=\"og:locale:alternate\" content=\"ro_RO\" \/>\n<meta property=\"og:locale:alternate\" content=\"sr_RS\" \/>\n<meta property=\"og:locale:alternate\" content=\"bg_BG\" \/>\n<meta property=\"og:locale:alternate\" content=\"pl_PL\" \/>\n<meta property=\"og:type\" content=\"article\" \/>\n<meta property=\"og:title\" content=\"\u0421\u0442\u0440\u0430\u0442\u0435\u0433\u0438\u044f \u0441\u0442\u0430\u0432\u043e\u043a \u0432 \u0438\u0433\u0440\u0435 JetX\" \/>\n<meta property=\"og:description\" content=\"\u0412\u044b\u0431\u0440\u0430\u0442\u044c \u043b\u0443\u0447\u0448\u0443\u044e \u0441\u0442\u0440\u0430\u0442\u0435\u0433\u0438\u044e \u0438 \u0442\u0430\u043a\u0442\u0438\u043a\u0443 \u043a\u0430\u043a \u0434\u0435\u043b\u0430\u0442\u044c \u0441\u0442\u0430\u0432\u043a\u0443 \u0432 \u0441\u043b\u043e\u0442\u0435 JetX. \u0418\u0433\u0440\u0430\u0435\u043c \u0438 \u0432\u044b\u0438\u0433\u0440\u044b\u0432\u0430\u0435\u043c \u0432 JetX \u0441 \u043b\u0443\u0447\u0448\u0438\u043c\u0438 \u043e\u043d\u043b\u0430\u0439\u043d \u043a\u0430\u0437\u0438\u043d\u043e\" \/>\n<meta property=\"og:url\" content=\"https:\/\/jetxcasinogame.com\/pt\/betting-strategy-on-jetx-best-gaming-tips\/\" \/>\n<meta property=\"og:site_name\" content=\"JetX\" \/>\n<meta property=\"article:modified_time\" content=\"2024-03-18T22:25:56+00:00\" \/>\n<meta name=\"twitter:card\" content=\"summary_large_image\" \/>\n<meta name=\"twitter:label1\" content=\"Tempo estimado de leitura\" \/>\n\t<meta name=\"twitter:data1\" content=\"13 minutos\" \/>\n<script type=\"application\/ld+json\" class=\"yoast-schema-graph\">{\"@context\":\"https:\/\/schema.org\",\"@graph\":[{\"@type\":\"WebPage\",\"@id\":\"https:\/\/jetxcasinogame.com\/betting-strategy-on-jetx-best-gaming-tips\/\",\"url\":\"https:\/\/jetxcasinogame.com\/betting-strategy-on-jetx-best-gaming-tips\/\",\"name\":\"\u0421\u0442\u0440\u0430\u0442\u0435\u0433\u0438\u044f \u0441\u0442\u0430\u0432\u043e\u043a \u0432 \u0438\u0433\u0440\u0435 JetX\",\"isPartOf\":{\"@id\":\"https:\/\/jetxcasinogame.com\/#website\"},\"datePublished\":\"2024-03-18T15:29:41+00:00\",\"dateModified\":\"2024-03-18T22:25:56+00:00\",\"description\":\"\u0412\u044b\u0431\u0440\u0430\u0442\u044c \u043b\u0443\u0447\u0448\u0443\u044e \u0441\u0442\u0440\u0430\u0442\u0435\u0433\u0438\u044e \u0438 \u0442\u0430\u043a\u0442\u0438\u043a\u0443 \u043a\u0430\u043a \u0434\u0435\u043b\u0430\u0442\u044c \u0441\u0442\u0430\u0432\u043a\u0443 \u0432 \u0441\u043b\u043e\u0442\u0435 JetX. \u0418\u0433\u0440\u0430\u0435\u043c \u0438 \u0432\u044b\u0438\u0433\u0440\u044b\u0432\u0430\u0435\u043c \u0432 JetX \u0441 \u043b\u0443\u0447\u0448\u0438\u043c\u0438 \u043e\u043d\u043b\u0430\u0439\u043d \u043a\u0430\u0437\u0438\u043d\u043e\",\"breadcrumb\":{\"@id\":\"https:\/\/jetxcasinogame.com\/betting-strategy-on-jetx-best-gaming-tips\/#breadcrumb\"},\"inLanguage\":\"pt-PT\",\"potentialAction\":[{\"@type\":\"ReadAction\",\"target\":[\"https:\/\/jetxcasinogame.com\/betting-strategy-on-jetx-best-gaming-tips\/\"]}]},{\"@type\":\"BreadcrumbList\",\"@id\":\"https:\/\/jetxcasinogame.com\/betting-strategy-on-jetx-best-gaming-tips\/#breadcrumb\",\"itemListElement\":[{\"@type\":\"ListItem\",\"position\":1,\"name\":\"\u0413\u043b\u0430\u0432\u043d\u0430\u044f \u0441\u0442\u0440\u0430\u043d\u0438\u0446\u0430\",\"item\":\"https:\/\/jetxcasinogame.com\/\"},{\"@type\":\"ListItem\",\"position\":2,\"name\":\"\u0421\u0442\u0440\u0430\u0442\u0435\u0433\u0438\u044f \u0441\u0442\u0430\u0432\u043e\u043a \u043d\u0430 JetX: \u043b\u0443\u0447\u0448\u0438\u0435 \u0441\u043e\u0432\u0435\u0442\u044b \u043f\u043e \u0438\u0433\u0440\u0435\"}]},{\"@type\":\"WebSite\",\"@id\":\"https:\/\/jetxcasinogame.com\/#website\",\"url\":\"https:\/\/jetxcasinogame.com\/\",\"name\":\"JetX\",\"description\":\"\",\"publisher\":{\"@id\":\"https:\/\/jetxcasinogame.com\/#organization\"},\"potentialAction\":[{\"@type\":\"SearchAction\",\"target\":{\"@type\":\"EntryPoint\",\"urlTemplate\":\"https:\/\/jetxcasinogame.com\/?s={search_term_string}\"},\"query-input\":{\"@type\":\"PropertyValueSpecification\",\"valueRequired\":true,\"valueName\":\"search_term_string\"}}],\"inLanguage\":\"pt-PT\"},{\"@type\":\"Organization\",\"@id\":\"https:\/\/jetxcasinogame.com\/#organization\",\"name\":\"JetX\",\"url\":\"https:\/\/jetxcasinogame.com\/\",\"logo\":{\"@type\":\"ImageObject\",\"inLanguage\":\"pt-PT\",\"@id\":\"https:\/\/jetxcasinogame.com\/#\/schema\/logo\/image\/\",\"url\":\"https:\/\/jetxcasinogame.com\/wp-content\/uploads\/cropped-logo.png\",\"contentUrl\":\"https:\/\/jetxcasinogame.com\/wp-content\/uploads\/cropped-logo.png\",\"width\":328,\"height\":119,\"caption\":\"JetX\"},\"image\":{\"@id\":\"https:\/\/jetxcasinogame.com\/#\/schema\/logo\/image\/\"}}]}<\/script>\n<!-- \/ Yoast SEO plugin. -->","yoast_head_json":{"title":"\u0421\u0442\u0440\u0430\u0442\u0435\u0433\u0438\u044f \u0441\u0442\u0430\u0432\u043e\u043a \u0432 \u0438\u0433\u0440\u0435 JetX","description":"Escolha a melhor estrat\u00e9gia e t\u00e1tica para fazer apostas na slot JetX. Jogue e ganhe no JetX com os melhores cassinos online.","robots":{"index":"index","follow":"follow","max-snippet":"max-snippet:-1","max-image-preview":"max-image-preview:large","max-video-preview":"max-video-preview:-1"},"canonical":"https:\/\/jetxcasinogame.com\/pt\/betting-strategy-on-jetx-best-gaming-tips\/","og_locale":"pt_PT","og_type":"article","og_title":"\u0421\u0442\u0440\u0430\u0442\u0435\u0433\u0438\u044f \u0441\u0442\u0430\u0432\u043e\u043a \u0432 \u0438\u0433\u0440\u0435 JetX","og_description":"\u0412\u044b\u0431\u0440\u0430\u0442\u044c \u043b\u0443\u0447\u0448\u0443\u044e \u0441\u0442\u0440\u0430\u0442\u0435\u0433\u0438\u044e \u0438 \u0442\u0430\u043a\u0442\u0438\u043a\u0443 \u043a\u0430\u043a \u0434\u0435\u043b\u0430\u0442\u044c \u0441\u0442\u0430\u0432\u043a\u0443 \u0432 \u0441\u043b\u043e\u0442\u0435 JetX. \u0418\u0433\u0440\u0430\u0435\u043c \u0438 \u0432\u044b\u0438\u0433\u0440\u044b\u0432\u0430\u0435\u043c \u0432 JetX \u0441 \u043b\u0443\u0447\u0448\u0438\u043c\u0438 \u043e\u043d\u043b\u0430\u0439\u043d \u043a\u0430\u0437\u0438\u043d\u043e","og_url":"https:\/\/jetxcasinogame.com\/pt\/betting-strategy-on-jetx-best-gaming-tips\/","og_site_name":"JetX","article_modified_time":"2024-03-18T22:25:56+00:00","twitter_card":"summary_large_image","twitter_misc":{"Tempo estimado de leitura":"13 minutos"},"schema":{"@context":"https:\/\/schema.org","@graph":[{"@type":"WebPage","@id":"https:\/\/jetxcasinogame.com\/betting-strategy-on-jetx-best-gaming-tips\/","url":"https:\/\/jetxcasinogame.com\/betting-strategy-on-jetx-best-gaming-tips\/","name":"\u0421\u0442\u0440\u0430\u0442\u0435\u0433\u0438\u044f \u0441\u0442\u0430\u0432\u043e\u043a \u0432 \u0438\u0433\u0440\u0435 JetX","isPartOf":{"@id":"https:\/\/jetxcasinogame.com\/#website"},"datePublished":"2024-03-18T15:29:41+00:00","dateModified":"2024-03-18T22:25:56+00:00","description":"\u0412\u044b\u0431\u0440\u0430\u0442\u044c \u043b\u0443\u0447\u0448\u0443\u044e \u0441\u0442\u0440\u0430\u0442\u0435\u0433\u0438\u044e \u0438 \u0442\u0430\u043a\u0442\u0438\u043a\u0443 \u043a\u0430\u043a \u0434\u0435\u043b\u0430\u0442\u044c \u0441\u0442\u0430\u0432\u043a\u0443 \u0432 \u0441\u043b\u043e\u0442\u0435 JetX. \u0418\u0433\u0440\u0430\u0435\u043c \u0438 \u0432\u044b\u0438\u0433\u0440\u044b\u0432\u0430\u0435\u043c \u0432 JetX \u0441 \u043b\u0443\u0447\u0448\u0438\u043c\u0438 \u043e\u043d\u043b\u0430\u0439\u043d \u043a\u0430\u0437\u0438\u043d\u043e","breadcrumb":{"@id":"https:\/\/jetxcasinogame.com\/betting-strategy-on-jetx-best-gaming-tips\/#breadcrumb"},"inLanguage":"pt-PT","potentialAction":[{"@type":"ReadAction","target":["https:\/\/jetxcasinogame.com\/betting-strategy-on-jetx-best-gaming-tips\/"]}]},{"@type":"BreadcrumbList","@id":"https:\/\/jetxcasinogame.com\/betting-strategy-on-jetx-best-gaming-tips\/#breadcrumb","itemListElement":[{"@type":"ListItem","position":1,"name":"\u0413\u043b\u0430\u0432\u043d\u0430\u044f \u0441\u0442\u0440\u0430\u043d\u0438\u0446\u0430","item":"https:\/\/jetxcasinogame.com\/"},{"@type":"ListItem","position":2,"name":"\u0421\u0442\u0440\u0430\u0442\u0435\u0433\u0438\u044f \u0441\u0442\u0430\u0432\u043e\u043a \u043d\u0430 JetX: \u043b\u0443\u0447\u0448\u0438\u0435 \u0441\u043e\u0432\u0435\u0442\u044b \u043f\u043e \u0438\u0433\u0440\u0435"}]},{"@type":"WebSite","@id":"https:\/\/jetxcasinogame.com\/#website","url":"https:\/\/jetxcasinogame.com\/","name":"JetX","description":"","publisher":{"@id":"https:\/\/jetxcasinogame.com\/#organization"},"potentialAction":[{"@type":"SearchAction","target":{"@type":"EntryPoint","urlTemplate":"https:\/\/jetxcasinogame.com\/?s={search_term_string}"},"query-input":{"@type":"PropertyValueSpecification","valueRequired":true,"valueName":"search_term_string"}}],"inLanguage":"pt-PT"},{"@type":"Organization","@id":"https:\/\/jetxcasinogame.com\/#organization","name":"JetX","url":"https:\/\/jetxcasinogame.com\/","logo":{"@type":"ImageObject","inLanguage":"pt-PT","@id":"https:\/\/jetxcasinogame.com\/#\/schema\/logo\/image\/","url":"https:\/\/jetxcasinogame.com\/wp-content\/uploads\/cropped-logo.png","contentUrl":"https:\/\/jetxcasinogame.com\/wp-content\/uploads\/cropped-logo.png","width":328,"height":119,"caption":"JetX"},"image":{"@id":"https:\/\/jetxcasinogame.com\/#\/schema\/logo\/image\/"}}]}},"_links":{"self":[{"href":"https:\/\/jetxcasinogame.com\/pt\/wp-json\/wp\/v2\/pages\/12","targetHints":{"allow":["GET"]}}],"collection":[{"href":"https:\/\/jetxcasinogame.com\/pt\/wp-json\/wp\/v2\/pages"}],"about":[{"href":"https:\/\/jetxcasinogame.com\/pt\/wp-json\/wp\/v2\/types\/page"}],"author":[{"embeddable":true,"href":"https:\/\/jetxcasinogame.com\/pt\/wp-json\/wp\/v2\/users\/1"}],"replies":[{"embeddable":true,"href":"https:\/\/jetxcasinogame.com\/pt\/wp-json\/wp\/v2\/comments?post=12"}],"version-history":[{"count":15,"href":"https:\/\/jetxcasinogame.com\/pt\/wp-json\/wp\/v2\/pages\/12\/revisions"}],"predecessor-version":[{"id":76,"href":"https:\/\/jetxcasinogame.com\/pt\/wp-json\/wp\/v2\/pages\/12\/revisions\/76"}],"wp:attachment":[{"href":"https:\/\/jetxcasinogame.com\/pt\/wp-json\/wp\/v2\/media?parent=12"}],"curies":[{"name":"wp","href":"https:\/\/api.w.org\/{rel}","templated":true}]}}