{"id":8,"date":"2024-03-18T18:21:49","date_gmt":"2024-03-18T15:21:49","guid":{"rendered":"https:\/\/jetxcasinogame.com\/?page_id=8"},"modified":"2024-03-19T01:25:22","modified_gmt":"2024-03-18T22:25:22","slug":"jetx-real-money-game","status":"publish","type":"page","link":"https:\/\/jetxcasinogame.com\/pl\/","title":{"rendered":"JetX &#8211; gra na prawdziwe pieni\u0105dze"},"content":{"rendered":"<h2><strong>Jak gra\u0107 w Jet-X?<\/strong><\/h2>\n<p>Ustaw swoje zak\u0142ady na lot i dostosuj ich wielko\u015b\u0107 za pomoc\u0105 przycisk\u00f3w +\/- dla ka\u017cdej transakcji. Celem jest pozostanie w grze jak najd\u0142u\u017cej i zdobycie wygranej przed &#8222;wybuchem&#8221; samolotu. Gra nie wymaga skomplikowanych oblicze\u0144 ani strategii.<\/p>\n<p>Sekcja po prawej stronie pola gry demonstruje dzia\u0142ania innych graczy: kiedy i ile wygrali. Tutaj mo\u017cna r\u00f3wnie\u017c znale\u017a\u0107 informacje o wszystkich swoich zak\u0142adach na sesj\u0119, co u\u0142atwia analiz\u0119 i planowanie strategii. Gracze mog\u0105 prze\u0142\u0105cza\u0107 si\u0119 mi\u0119dzy kilkoma kartami: aktywne zak\u0142ady, osobiste zak\u0142ady, statystyki.<\/p>\n<p>Lewa strona interfejsu zawiera analiz\u0119 wsp\u00f3\u0142czynnik\u00f3w i histori\u0119 gry. Kolorowa wskaz\u00f3wka (czerwony dla wsp\u00f3\u0142czynnik\u00f3w poni\u017cej 1,5 i zielony dla wsp\u00f3\u0142czynnik\u00f3w powy\u017cej 1,5) pomaga analizowa\u0107 przesz\u0142e zak\u0142ady i opracowywa\u0107 strategie.<\/p>\n<h2><strong>Gdzie mog\u0119 zagra\u0107 w gr\u0119 Jet X?<\/strong><\/h2>\n<p>Aby zacz\u0105\u0107 gra\u0107 w JetX, starannie wybierz kasyno, zwracaj\u0105c uwag\u0119 na sprawdzenie jego wiarygodno\u015bci i bezpiecze\u0144stwa. G\u0142\u00f3wnym kryterium wyboru powinno by\u0107 posiadanie licencji w kasynie, co stanowi gwarancj\u0119 jego uczciwo\u015bci i odpowiedzialno\u015bci wobec graczy. Licencje s\u0105 zazwyczaj wydawane przez renomowane organy w bran\u017cy hazardowej i potwierdzaj\u0105 zgodno\u015b\u0107 kasyna z ustalonymi standardami i zasadami. Informacje o licencji zazwyczaj s\u0105 umieszczane na oficjalnej stronie internetowej kasyna, najcz\u0119\u015bciej na dole, co pozwala potencjalnym graczom \u0142atwo j\u0105 znale\u017a\u0107 i zweryfikowa\u0107.<\/p>\n<p>Po dokonaniu wyboru kasyna nast\u0119pnym krokiem jest procedura rejestracji na jego stronie internetowej. Podczas rejestracji gracz b\u0119dzie musia\u0142 wype\u0142ni\u0107 szereg p\u00f3l z danymi osobowymi, takimi jak imi\u0119, adres e-mail i has\u0142o, oraz potwierdzi\u0107 poprawno\u015b\u0107 wprowadzonych danych. Ten etap jest niezwykle wa\u017cny dla zapewnienia bezpiecze\u0144stwa konta i dalszych transakcji finansowych.<\/p>\n<p>Ostatnim krokiem przygotowania do gry jest do\u0142adowanie konta gry. Wi\u0119kszo\u015b\u0107 kasyn oferuje r\u00f3\u017cne metody depozytu, w tym karty bankowe, portfele elektroniczne i inne systemy p\u0142atno\u015bci, co daje graczom elastyczno\u015b\u0107 w wyborze najwygodniejszej opcji.<\/p>\n<p>Wreszcie, aby zacz\u0105\u0107 gra\u0107 w JetX, gracz musi znale\u017a\u0107 j\u0105 w\u015br\u00f3d oferowanego asortymentu rozrywki hazardowej. Mo\u017cna to zrobi\u0107 za pomoc\u0105 funkcji wyszukiwania na stronie internetowej kasyna lub przechodz\u0105c do sekcji gier.<\/p>\n<h2><strong>Wersja demonstracyjna JetX &#8211; Gra za darmo<\/strong><\/h2>\n<p>Gra JetX w trybie demo to kompletna kopia g\u0142\u00f3wnej wersji przeznaczonej do gry depozytowej. R\u00f3\u017cnica polega na tym, \u017ce zak\u0142ady s\u0105 zawierane za pomoc\u0105 wirtualnych pieni\u0119dzy, co pomaga unikn\u0105\u0107 ryzyka utraty prawdziwej r\u00f3wnowagi. Ta opcja jest odpowiednia dla tych, kt\u00f3rzy chc\u0105 zapozna\u0107 si\u0119 z zasadami i funkcjami gry, nie wydaj\u0105c przy tym w\u0142asnych \u015brodk\u00f3w. Wygl\u0105d i funkcjonalno\u015b\u0107 wersji demo w pe\u0142ni odpowiadaj\u0105 oryginalnej grze.<\/p>\n<h2><strong>Pobierz mobiln\u0105 aplikacj\u0119 JetX Bet dla urz\u0105dze\u0144 mobilnych<\/strong><\/h2>\n<h3><strong>JetX Bet dla systemu Android<\/strong><\/h3>\n<p>Do\u015bwiadczenie gry mobilnej osi\u0105ga nowy poziom dzi\u0119ki aplikacji JetX Bet dla systemu Android. U\u017cytkownicy urz\u0105dze\u0144 opartych na Androidzie mog\u0105 cieszy\u0107 si\u0119 szybk\u0105 i bezpieczn\u0105 gr\u0105 w dowolnym miejscu i o ka\u017cdej porze. Zainstaluj aplikacj\u0119 teraz, aby uzyska\u0107 dost\u0119p do szerokiej gamy gier i mo\u017cliwo\u015b\u0107 zawierania zak\u0142ad\u00f3w w podr\u00f3\u017cy.<\/p>\n<h3><strong>Aplikacja JetX dla systemu iOS<\/strong><\/h3>\n<p>W\u0142a\u015bciciele urz\u0105dze\u0144 Apple tak\u017ce nie zostan\u0105 pozbawieni emocjonuj\u0105cego \u015bwiata zak\u0142ad\u00f3w dzi\u0119ki aplikacji JetX dla systemu iOS. Ta aplikacja zapewnia p\u0142ynn\u0105 i intuicyjn\u0105 sesj\u0119 gry dostosowan\u0105 do ekosystemu iOS. Pobierz aplikacj\u0119 ze sklepu App Store, aby zacz\u0105\u0107 gra\u0107 w JetX, gdziekolwiek jeste\u015b.<\/p>\n<h2><strong>Depozyty i Wyp\u0142aty w JetX<\/strong><\/h2>\n<p>Gra oferuje wygodny system zarz\u0105dzania zak\u0142adami i wyp\u0142atami. System autoodtwarzania pozwala u\u017cytkownikom ustawi\u0107 automatyczne powt\u00f3rzenie wybranego zak\u0142adu w kolejnych rundach, zapewniaj\u0105c tym samym mo\u017cliwo\u015b\u0107 gry bez przerw. Ta funkcja jest dost\u0119pna dla pojedynczych i podw\u00f3jnych zak\u0142ad\u00f3w.<\/p>\n<p>Ponadto funkcjonalno\u015b\u0107 gry obejmuje automatyczne wyp\u0142acanie wygranych. Oznacza to, \u017ce zak\u0142ad u\u017cytkownika zostanie automatycznie zablokowany i wyp\u0142acony, gdy osi\u0105gni\u0119ty zostanie okre\u015blony wsp\u00f3\u0142czynnik. To podej\u015bcie minimalizuje ryzyko i pozwala graczom kontrolowa\u0107 swoje \u015brodki. W dowolnym momencie, przed automatycznym wyp\u0142aceniem zak\u0142adu, gracz ma prawo samodzielnie wyp\u0142aci\u0107 pieni\u0105dze.<\/p>\n","protected":false},"excerpt":{"rendered":"<p>Jak gra\u0107 w Jet-X? Ustaw swoje zak\u0142ady na lot i dostosuj ich wielko\u015b\u0107 za pomoc\u0105 przycisk\u00f3w +\/- dla ka\u017cdej transakcji. Celem jest pozostanie w grze jak najd\u0142u\u017cej i zdobycie wygranej przed &#8222;wybuchem&#8221; samolotu. Gra nie wymaga skomplikowanych oblicze\u0144 ani strategii. Sekcja po prawej stronie pola gry demonstruje dzia\u0142ania innych graczy: kiedy i ile wygrali. Tutaj mo\u017cna r\u00f3wnie\u017c znale\u017a\u0107 informacje o wszystkich swoich zak\u0142adach na sesj\u0119, co u\u0142atwia analiz\u0119 i planowanie strategii. Gracze mog\u0105 prze\u0142\u0105cza\u0107 si\u0119&hellip; <\/p>\n","protected":false},"author":1,"featured_media":0,"parent":0,"menu_order":0,"comment_status":"closed","ping_status":"closed","template":"","meta":{"footnotes":""},"class_list":["post-8","page","type-page","status-publish","hentry"],"yoast_head":"<!-- This site is optimized with the Yoast SEO plugin v27.2 - https:\/\/yoast.com\/product\/yoast-seo-wordpress\/ -->\n<title>Graj w gr\u0119 JetX w kasynie na prawdziwe pieni\u0105dze<\/title>\n<meta name=\"description\" content=\"Je\u015bli zdecydowa\u0142e\u015b si\u0119 zagra\u0107 w gr\u0119 hazardow\u0105 JetX w kasynie internetowym, to zebrali\u015bmy wszystkie informacje. Gdzie gra\u0107, demo, gra\u0107 za darmo, dokona\u0107 depozytu i wyp\u0142aci\u0107 wygrane.\" \/>\n<meta name=\"robots\" content=\"index, follow, max-snippet:-1, max-image-preview:large, max-video-preview:-1\" \/>\n<link rel=\"canonical\" href=\"https:\/\/jetxcasinogame.com\/pl\/\" \/>\n<meta property=\"og:locale\" content=\"pl_PL\" \/>\n<meta property=\"og:locale:alternate\" content=\"ru_RU\" \/>\n<meta property=\"og:locale:alternate\" content=\"en_US\" \/>\n<meta property=\"og:locale:alternate\" content=\"pt_PT\" \/>\n<meta property=\"og:locale:alternate\" content=\"es_ES\" \/>\n<meta property=\"og:locale:alternate\" content=\"ro_RO\" \/>\n<meta property=\"og:locale:alternate\" content=\"sr_RS\" \/>\n<meta property=\"og:locale:alternate\" content=\"bg_BG\" \/>\n<meta property=\"og:type\" content=\"article\" \/>\n<meta property=\"og:title\" content=\"Graj w gr\u0119 JetX w kasynie na prawdziwe pieni\u0105dze\" \/>\n<meta property=\"og:description\" content=\"Je\u015bli zdecydowa\u0142e\u015b si\u0119 zagra\u0107 w gr\u0119 hazardow\u0105 JetX w kasynie internetowym, to zebrali\u015bmy wszystkie informacje. Gdzie gra\u0107, demo, gra\u0107 za darmo, dokona\u0107 depozytu i wyp\u0142aci\u0107 wygrane.\" \/>\n<meta property=\"og:url\" content=\"https:\/\/jetxcasinogame.com\/pl\/\" \/>\n<meta property=\"og:site_name\" content=\"JetX\" \/>\n<meta property=\"article:modified_time\" content=\"2024-03-18T22:25:22+00:00\" \/>\n<meta name=\"twitter:card\" content=\"summary_large_image\" \/>\n<meta name=\"twitter:label1\" content=\"Szacowany czas czytania\" \/>\n\t<meta name=\"twitter:data1\" content=\"19 minut\" \/>\n<script type=\"application\/ld+json\" class=\"yoast-schema-graph\">{\"@context\":\"https:\/\/schema.org\",\"@graph\":[{\"@type\":\"WebPage\",\"@id\":\"https:\/\/jetxcasinogame.com\/\",\"url\":\"https:\/\/jetxcasinogame.com\/\",\"name\":\"Graj w gr\u0119 JetX w kasynie na prawdziwe pieni\u0105dze\",\"isPartOf\":{\"@id\":\"https:\/\/jetxcasinogame.com\/#website\"},\"datePublished\":\"2024-03-18T15:21:49+00:00\",\"dateModified\":\"2024-03-18T22:25:22+00:00\",\"description\":\"Je\u015bli zdecydowa\u0142e\u015b si\u0119 zagra\u0107 w gr\u0119 hazardow\u0105 JetX w kasynie internetowym, to zebrali\u015bmy wszystkie informacje. Gdzie gra\u0107, demo, gra\u0107 za darmo, dokona\u0107 depozytu i wyp\u0142aci\u0107 wygrane.\",\"breadcrumb\":{\"@id\":\"https:\/\/jetxcasinogame.com\/#breadcrumb\"},\"inLanguage\":\"pl-PL\",\"potentialAction\":[{\"@type\":\"ReadAction\",\"target\":[\"https:\/\/jetxcasinogame.com\/\"]}]},{\"@type\":\"BreadcrumbList\",\"@id\":\"https:\/\/jetxcasinogame.com\/#breadcrumb\",\"itemListElement\":[{\"@type\":\"ListItem\",\"position\":1,\"name\":\"\u0413\u043b\u0430\u0432\u043d\u0430\u044f \u0441\u0442\u0440\u0430\u043d\u0438\u0446\u0430\",\"item\":\"https:\/\/jetxcasinogame.com\/\"},{\"@type\":\"ListItem\",\"position\":2,\"name\":\"JetX &#8212; gra na prawdziwe pieni\u0105dze\"}]},{\"@type\":\"WebSite\",\"@id\":\"https:\/\/jetxcasinogame.com\/#website\",\"url\":\"https:\/\/jetxcasinogame.com\/\",\"name\":\"JetX\",\"description\":\"\",\"publisher\":{\"@id\":\"https:\/\/jetxcasinogame.com\/#organization\"},\"potentialAction\":[{\"@type\":\"SearchAction\",\"target\":{\"@type\":\"EntryPoint\",\"urlTemplate\":\"https:\/\/jetxcasinogame.com\/?s={search_term_string}\"},\"query-input\":{\"@type\":\"PropertyValueSpecification\",\"valueRequired\":true,\"valueName\":\"search_term_string\"}}],\"inLanguage\":\"pl-PL\"},{\"@type\":\"Organization\",\"@id\":\"https:\/\/jetxcasinogame.com\/#organization\",\"name\":\"JetX\",\"url\":\"https:\/\/jetxcasinogame.com\/\",\"logo\":{\"@type\":\"ImageObject\",\"inLanguage\":\"pl-PL\",\"@id\":\"https:\/\/jetxcasinogame.com\/#\/schema\/logo\/image\/\",\"url\":\"https:\/\/jetxcasinogame.com\/wp-content\/uploads\/cropped-logo.png\",\"contentUrl\":\"https:\/\/jetxcasinogame.com\/wp-content\/uploads\/cropped-logo.png\",\"width\":328,\"height\":119,\"caption\":\"JetX\"},\"image\":{\"@id\":\"https:\/\/jetxcasinogame.com\/#\/schema\/logo\/image\/\"}}]}<\/script>\n<!-- \/ Yoast SEO plugin. -->","yoast_head_json":{"title":"Graj w gr\u0119 JetX w kasynie na prawdziwe pieni\u0105dze","description":"Je\u015bli zdecydowa\u0142e\u015b si\u0119 zagra\u0107 w gr\u0119 hazardow\u0105 JetX w kasynie internetowym, to zebrali\u015bmy wszystkie informacje. Gdzie gra\u0107, demo, gra\u0107 za darmo, dokona\u0107 depozytu i wyp\u0142aci\u0107 wygrane.","robots":{"index":"index","follow":"follow","max-snippet":"max-snippet:-1","max-image-preview":"max-image-preview:large","max-video-preview":"max-video-preview:-1"},"canonical":"https:\/\/jetxcasinogame.com\/pl\/","og_locale":"pl_PL","og_type":"article","og_title":"Graj w gr\u0119 JetX w kasynie na prawdziwe pieni\u0105dze","og_description":"Je\u015bli zdecydowa\u0142e\u015b si\u0119 zagra\u0107 w gr\u0119 hazardow\u0105 JetX w kasynie internetowym, to zebrali\u015bmy wszystkie informacje. Gdzie gra\u0107, demo, gra\u0107 za darmo, dokona\u0107 depozytu i wyp\u0142aci\u0107 wygrane.","og_url":"https:\/\/jetxcasinogame.com\/pl\/","og_site_name":"JetX","article_modified_time":"2024-03-18T22:25:22+00:00","twitter_card":"summary_large_image","twitter_misc":{"Szacowany czas czytania":"19 minut"},"schema":{"@context":"https:\/\/schema.org","@graph":[{"@type":"WebPage","@id":"https:\/\/jetxcasinogame.com\/","url":"https:\/\/jetxcasinogame.com\/","name":"Graj w gr\u0119 JetX w kasynie na prawdziwe pieni\u0105dze","isPartOf":{"@id":"https:\/\/jetxcasinogame.com\/#website"},"datePublished":"2024-03-18T15:21:49+00:00","dateModified":"2024-03-18T22:25:22+00:00","description":"Je\u015bli zdecydowa\u0142e\u015b si\u0119 zagra\u0107 w gr\u0119 hazardow\u0105 JetX w kasynie internetowym, to zebrali\u015bmy wszystkie informacje. Gdzie gra\u0107, demo, gra\u0107 za darmo, dokona\u0107 depozytu i wyp\u0142aci\u0107 wygrane.","breadcrumb":{"@id":"https:\/\/jetxcasinogame.com\/#breadcrumb"},"inLanguage":"pl-PL","potentialAction":[{"@type":"ReadAction","target":["https:\/\/jetxcasinogame.com\/"]}]},{"@type":"BreadcrumbList","@id":"https:\/\/jetxcasinogame.com\/#breadcrumb","itemListElement":[{"@type":"ListItem","position":1,"name":"\u0413\u043b\u0430\u0432\u043d\u0430\u044f \u0441\u0442\u0440\u0430\u043d\u0438\u0446\u0430","item":"https:\/\/jetxcasinogame.com\/"},{"@type":"ListItem","position":2,"name":"JetX &#8212; gra na prawdziwe pieni\u0105dze"}]},{"@type":"WebSite","@id":"https:\/\/jetxcasinogame.com\/#website","url":"https:\/\/jetxcasinogame.com\/","name":"JetX","description":"","publisher":{"@id":"https:\/\/jetxcasinogame.com\/#organization"},"potentialAction":[{"@type":"SearchAction","target":{"@type":"EntryPoint","urlTemplate":"https:\/\/jetxcasinogame.com\/?s={search_term_string}"},"query-input":{"@type":"PropertyValueSpecification","valueRequired":true,"valueName":"search_term_string"}}],"inLanguage":"pl-PL"},{"@type":"Organization","@id":"https:\/\/jetxcasinogame.com\/#organization","name":"JetX","url":"https:\/\/jetxcasinogame.com\/","logo":{"@type":"ImageObject","inLanguage":"pl-PL","@id":"https:\/\/jetxcasinogame.com\/#\/schema\/logo\/image\/","url":"https:\/\/jetxcasinogame.com\/wp-content\/uploads\/cropped-logo.png","contentUrl":"https:\/\/jetxcasinogame.com\/wp-content\/uploads\/cropped-logo.png","width":328,"height":119,"caption":"JetX"},"image":{"@id":"https:\/\/jetxcasinogame.com\/#\/schema\/logo\/image\/"}}]}},"_links":{"self":[{"href":"https:\/\/jetxcasinogame.com\/pl\/wp-json\/wp\/v2\/pages\/8","targetHints":{"allow":["GET"]}}],"collection":[{"href":"https:\/\/jetxcasinogame.com\/pl\/wp-json\/wp\/v2\/pages"}],"about":[{"href":"https:\/\/jetxcasinogame.com\/pl\/wp-json\/wp\/v2\/types\/page"}],"author":[{"embeddable":true,"href":"https:\/\/jetxcasinogame.com\/pl\/wp-json\/wp\/v2\/users\/1"}],"replies":[{"embeddable":true,"href":"https:\/\/jetxcasinogame.com\/pl\/wp-json\/wp\/v2\/comments?post=8"}],"version-history":[{"count":16,"href":"https:\/\/jetxcasinogame.com\/pl\/wp-json\/wp\/v2\/pages\/8\/revisions"}],"predecessor-version":[{"id":74,"href":"https:\/\/jetxcasinogame.com\/pl\/wp-json\/wp\/v2\/pages\/8\/revisions\/74"}],"wp:attachment":[{"href":"https:\/\/jetxcasinogame.com\/pl\/wp-json\/wp\/v2\/media?parent=8"}],"curies":[{"name":"wp","href":"https:\/\/api.w.org\/{rel}","templated":true}]}}