{"id":14,"date":"2024-03-18T18:31:03","date_gmt":"2024-03-18T15:31:03","guid":{"rendered":"https:\/\/jetxcasinogame.com\/?page_id=14"},"modified":"2024-03-19T01:25:30","modified_gmt":"2024-03-18T22:25:30","slug":"bonuses-and-promotions-from-the-casino-in-jet-x","status":"publish","type":"page","link":"https:\/\/jetxcasinogame.com\/pl\/bonuses-and-promotions-from-the-casino-in-jet-x\/","title":{"rendered":"Bonusy i promocje od kasyna w Jet X"},"content":{"rendered":"<p>Nie pozwolimy ci si\u0119 pogubi\u0107 w bonusach kasyn online i zebrali\u015bmy w tym artykule g\u0142\u00f3wne bonusy, z kt\u00f3rymi gracze spotykaj\u0105 si\u0119 podczas gry w JetX. Om\u00f3wmy kilka rodzaj\u00f3w bonus\u00f3w kasynowych, kt\u00f3re mog\u0105 zaoferowa\u0107 swoim klientom.<\/p>\n<ul>\n<li>\n<h3><strong>Bonus rejestracyjny\/witamy<\/strong><\/h3>\n<\/li>\n<\/ul>\n<p>Ten pierwszy bonus jest przeznaczony dla nowych graczy, kt\u00f3rzy zak\u0142adaj\u0105 konto w kasynie po raz pierwszy. Zazwyczaj obejmuje dodatkow\u0105 got\u00f3wk\u0119 przy pierwszym uzupe\u0142nieniu konta, co pozwala nowym graczom rozpocz\u0105\u0107 swoj\u0105 przygod\u0119 z wi\u0119kszym kapita\u0142em. Procent zale\u017cy od zasad kasyna, ale zazwyczaj jest to bardzo korzystny bonus.<\/p>\n<ul>\n<li>\n<h3><strong>Bonus bez depozytu<\/strong><\/h3>\n<\/li>\n<\/ul>\n<p>Ta forma nagrody nie wymaga, aby gracz wp\u0142aci\u0142 pieni\u0105dze, aby j\u0105 otrzyma\u0107. Zazwyczaj jest to okre\u015blona suma pieni\u0119dzy, kt\u00f3r\u0105 mo\u017cna wykorzysta\u0107 w grach bez \u017cadnych ryzyk finansowych, daj\u0105c graczom mo\u017cliwo\u015b\u0107 zapoznania si\u0119 z r\u00f3\u017cnorodno\u015bci\u0105 gier bez u\u017cycia w\u0142asnych \u015brodk\u00f3w.<\/p>\n<ul>\n<li>\n<h3><strong>Bonusy depozytowe<\/strong><\/h3>\n<\/li>\n<\/ul>\n<p>Opr\u00f3cz pakietu powitalnego, kasyno oferuje dodatkowe bonusy za uzupe\u0142nienie konta. Zach\u0119ca to graczy do rozpocz\u0119cia gry i kontynuowania wp\u0142at, otrzymuj\u0105c dodatkowe nagrody za to.<\/p>\n<ul>\n<li>\n<h3><strong>Bonusy za polecenie znajomych<\/strong><\/h3>\n<\/li>\n<\/ul>\n<p>Nagradzanie za poszerzanie spo\u0142eczno\u015bci kasynowej to kolejny spos\u00f3b nagradzania graczy. Gracze otrzymuj\u0105 bonusy za ka\u017cdego nowego u\u017cytkownika poleconego przez nich, kt\u00f3ry zarejestruje si\u0119 i uzupe\u0142ni swoje konto. Ten mechanizm jest korzystny zar\u00f3wno dla kasyna, jak i dla graczy, rozszerzaj\u0105c widowni\u0119 i wzmacniaj\u0105c zaufanie do platformy.<\/p>\n","protected":false},"excerpt":{"rendered":"<p>Nie pozwolimy ci si\u0119 pogubi\u0107 w bonusach kasyn online i zebrali\u015bmy w tym artykule g\u0142\u00f3wne bonusy, z kt\u00f3rymi gracze spotykaj\u0105 si\u0119 podczas gry w JetX. Om\u00f3wmy kilka rodzaj\u00f3w bonus\u00f3w kasynowych, kt\u00f3re mog\u0105 zaoferowa\u0107 swoim klientom. Bonus rejestracyjny\/witamy Ten pierwszy bonus jest przeznaczony dla nowych graczy, kt\u00f3rzy zak\u0142adaj\u0105 konto w kasynie po raz pierwszy. Zazwyczaj obejmuje dodatkow\u0105 got\u00f3wk\u0119 przy pierwszym uzupe\u0142nieniu konta, co pozwala nowym graczom rozpocz\u0105\u0107 swoj\u0105 przygod\u0119 z wi\u0119kszym kapita\u0142em. Procent zale\u017cy od zasad&hellip; <\/p>\n","protected":false},"author":1,"featured_media":0,"parent":0,"menu_order":0,"comment_status":"closed","ping_status":"closed","template":"","meta":{"footnotes":""},"class_list":["post-14","page","type-page","status-publish","hentry"],"yoast_head":"<!-- This site is optimized with the Yoast SEO plugin v27.2 - https:\/\/yoast.com\/product\/yoast-seo-wordpress\/ -->\n<title>\u0411\u043e\u043d\u0443\u0441\u044b \u0438 \u043f\u0440\u043e\u043c\u043e \u043a\u043e\u0434\u044b \u0432 \u0438\u0433\u0440\u0435 JetX<\/title>\n<meta name=\"description\" content=\"Rodzaje bonus\u00f3w podczas gry JetX w kasynie online dla nowych i do\u015bwiadczonych graczy. Bonus powitalny, bonus bez depozytu, bonusy kasynowe dla nowych graczy.\" \/>\n<meta name=\"robots\" content=\"index, follow, max-snippet:-1, max-image-preview:large, max-video-preview:-1\" \/>\n<link rel=\"canonical\" href=\"https:\/\/jetxcasinogame.com\/pl\/bonuses-and-promotions-from-the-casino-in-jet-x\/\" \/>\n<meta property=\"og:locale\" content=\"pl_PL\" \/>\n<meta property=\"og:locale:alternate\" content=\"ru_RU\" \/>\n<meta property=\"og:locale:alternate\" content=\"en_US\" \/>\n<meta property=\"og:locale:alternate\" content=\"pt_PT\" \/>\n<meta property=\"og:locale:alternate\" content=\"es_ES\" \/>\n<meta property=\"og:locale:alternate\" content=\"ro_RO\" \/>\n<meta property=\"og:locale:alternate\" content=\"sr_RS\" \/>\n<meta property=\"og:locale:alternate\" content=\"bg_BG\" \/>\n<meta property=\"og:type\" content=\"article\" \/>\n<meta property=\"og:title\" content=\"\u0411\u043e\u043d\u0443\u0441\u044b \u0438 \u043f\u0440\u043e\u043c\u043e \u043a\u043e\u0434\u044b \u0432 \u0438\u0433\u0440\u0435 JetX\" \/>\n<meta property=\"og:description\" content=\"\u0422\u0438\u043f\u044b \u0431\u043e\u043d\u0443\u0441\u043e\u0432 \u0432\u043e \u0432\u0440\u0435\u043c\u044f \u0438\u0433\u0440\u044b JetX \u0432 \u043e\u043d\u043b\u0430\u0439\u043d \u043a\u0430\u0437\u0438\u043d\u043e \u0434\u043b\u044f \u043d\u043e\u0432\u044b\u0445 \u0438 \u043e\u043f\u044b\u0442\u043d\u044b\u0445 \u0438\u0433\u0440\u043e\u043a\u043e\u0432. \u041f\u0440\u0438\u0432\u0435\u0442\u0441\u0442\u0432\u0435\u043d\u043d\u044b\u0439 \u0431\u043e\u043d\u0443\u0441, \u0431\u0435\u0437\u0434\u0435\u043f\u043e\u0437\u0438\u0442\u043d\u044b\u0439 \u0431\u043e\u043d\u0443\u0441, \u0431\u043e\u043d\u0443\u0441\u044b \u043e\u043d\u043b\u0430\u0439\u043d \u043a\u0430\u0437\u0438\u043d\u043e \u0434\u043b\u044f \u043d\u043e\u0432\u044b\u0445 \u0438\u0433\u0440\u043e\u043a\u043e\u0432\" \/>\n<meta property=\"og:url\" content=\"https:\/\/jetxcasinogame.com\/pl\/bonuses-and-promotions-from-the-casino-in-jet-x\/\" \/>\n<meta property=\"og:site_name\" content=\"JetX\" \/>\n<meta property=\"article:modified_time\" content=\"2024-03-18T22:25:30+00:00\" \/>\n<meta name=\"twitter:card\" content=\"summary_large_image\" \/>\n<meta name=\"twitter:label1\" content=\"Szacowany czas czytania\" \/>\n\t<meta name=\"twitter:data1\" content=\"6 minut\" \/>\n<script type=\"application\/ld+json\" class=\"yoast-schema-graph\">{\"@context\":\"https:\/\/schema.org\",\"@graph\":[{\"@type\":\"WebPage\",\"@id\":\"https:\/\/jetxcasinogame.com\/bonuses-and-promotions-from-the-casino-in-jet-x\/\",\"url\":\"https:\/\/jetxcasinogame.com\/bonuses-and-promotions-from-the-casino-in-jet-x\/\",\"name\":\"\u0411\u043e\u043d\u0443\u0441\u044b \u0438 \u043f\u0440\u043e\u043c\u043e \u043a\u043e\u0434\u044b \u0432 \u0438\u0433\u0440\u0435 JetX\",\"isPartOf\":{\"@id\":\"https:\/\/jetxcasinogame.com\/#website\"},\"datePublished\":\"2024-03-18T15:31:03+00:00\",\"dateModified\":\"2024-03-18T22:25:30+00:00\",\"description\":\"\u0422\u0438\u043f\u044b \u0431\u043e\u043d\u0443\u0441\u043e\u0432 \u0432\u043e \u0432\u0440\u0435\u043c\u044f \u0438\u0433\u0440\u044b JetX \u0432 \u043e\u043d\u043b\u0430\u0439\u043d \u043a\u0430\u0437\u0438\u043d\u043e \u0434\u043b\u044f \u043d\u043e\u0432\u044b\u0445 \u0438 \u043e\u043f\u044b\u0442\u043d\u044b\u0445 \u0438\u0433\u0440\u043e\u043a\u043e\u0432. \u041f\u0440\u0438\u0432\u0435\u0442\u0441\u0442\u0432\u0435\u043d\u043d\u044b\u0439 \u0431\u043e\u043d\u0443\u0441, \u0431\u0435\u0437\u0434\u0435\u043f\u043e\u0437\u0438\u0442\u043d\u044b\u0439 \u0431\u043e\u043d\u0443\u0441, \u0431\u043e\u043d\u0443\u0441\u044b \u043e\u043d\u043b\u0430\u0439\u043d \u043a\u0430\u0437\u0438\u043d\u043e \u0434\u043b\u044f \u043d\u043e\u0432\u044b\u0445 \u0438\u0433\u0440\u043e\u043a\u043e\u0432\",\"breadcrumb\":{\"@id\":\"https:\/\/jetxcasinogame.com\/bonuses-and-promotions-from-the-casino-in-jet-x\/#breadcrumb\"},\"inLanguage\":\"pl-PL\",\"potentialAction\":[{\"@type\":\"ReadAction\",\"target\":[\"https:\/\/jetxcasinogame.com\/bonuses-and-promotions-from-the-casino-in-jet-x\/\"]}]},{\"@type\":\"BreadcrumbList\",\"@id\":\"https:\/\/jetxcasinogame.com\/bonuses-and-promotions-from-the-casino-in-jet-x\/#breadcrumb\",\"itemListElement\":[{\"@type\":\"ListItem\",\"position\":1,\"name\":\"\u0413\u043b\u0430\u0432\u043d\u0430\u044f \u0441\u0442\u0440\u0430\u043d\u0438\u0446\u0430\",\"item\":\"https:\/\/jetxcasinogame.com\/\"},{\"@type\":\"ListItem\",\"position\":2,\"name\":\"\u0411\u043e\u043d\u0443\u0441\u044b \u0438 \u0430\u043a\u0446\u0438\u0438 \u043e\u0442 \u043a\u0430\u0437\u0438\u043d\u043e \u0432 Jet X\"}]},{\"@type\":\"WebSite\",\"@id\":\"https:\/\/jetxcasinogame.com\/#website\",\"url\":\"https:\/\/jetxcasinogame.com\/\",\"name\":\"JetX\",\"description\":\"\",\"publisher\":{\"@id\":\"https:\/\/jetxcasinogame.com\/#organization\"},\"potentialAction\":[{\"@type\":\"SearchAction\",\"target\":{\"@type\":\"EntryPoint\",\"urlTemplate\":\"https:\/\/jetxcasinogame.com\/?s={search_term_string}\"},\"query-input\":{\"@type\":\"PropertyValueSpecification\",\"valueRequired\":true,\"valueName\":\"search_term_string\"}}],\"inLanguage\":\"pl-PL\"},{\"@type\":\"Organization\",\"@id\":\"https:\/\/jetxcasinogame.com\/#organization\",\"name\":\"JetX\",\"url\":\"https:\/\/jetxcasinogame.com\/\",\"logo\":{\"@type\":\"ImageObject\",\"inLanguage\":\"pl-PL\",\"@id\":\"https:\/\/jetxcasinogame.com\/#\/schema\/logo\/image\/\",\"url\":\"https:\/\/jetxcasinogame.com\/wp-content\/uploads\/cropped-logo.png\",\"contentUrl\":\"https:\/\/jetxcasinogame.com\/wp-content\/uploads\/cropped-logo.png\",\"width\":328,\"height\":119,\"caption\":\"JetX\"},\"image\":{\"@id\":\"https:\/\/jetxcasinogame.com\/#\/schema\/logo\/image\/\"}}]}<\/script>\n<!-- \/ Yoast SEO plugin. -->","yoast_head_json":{"title":"\u0411\u043e\u043d\u0443\u0441\u044b \u0438 \u043f\u0440\u043e\u043c\u043e \u043a\u043e\u0434\u044b \u0432 \u0438\u0433\u0440\u0435 JetX","description":"Rodzaje bonus\u00f3w podczas gry JetX w kasynie online dla nowych i do\u015bwiadczonych graczy. Bonus powitalny, bonus bez depozytu, bonusy kasynowe dla nowych graczy.","robots":{"index":"index","follow":"follow","max-snippet":"max-snippet:-1","max-image-preview":"max-image-preview:large","max-video-preview":"max-video-preview:-1"},"canonical":"https:\/\/jetxcasinogame.com\/pl\/bonuses-and-promotions-from-the-casino-in-jet-x\/","og_locale":"pl_PL","og_type":"article","og_title":"\u0411\u043e\u043d\u0443\u0441\u044b \u0438 \u043f\u0440\u043e\u043c\u043e \u043a\u043e\u0434\u044b \u0432 \u0438\u0433\u0440\u0435 JetX","og_description":"\u0422\u0438\u043f\u044b \u0431\u043e\u043d\u0443\u0441\u043e\u0432 \u0432\u043e \u0432\u0440\u0435\u043c\u044f \u0438\u0433\u0440\u044b JetX \u0432 \u043e\u043d\u043b\u0430\u0439\u043d \u043a\u0430\u0437\u0438\u043d\u043e \u0434\u043b\u044f \u043d\u043e\u0432\u044b\u0445 \u0438 \u043e\u043f\u044b\u0442\u043d\u044b\u0445 \u0438\u0433\u0440\u043e\u043a\u043e\u0432. \u041f\u0440\u0438\u0432\u0435\u0442\u0441\u0442\u0432\u0435\u043d\u043d\u044b\u0439 \u0431\u043e\u043d\u0443\u0441, \u0431\u0435\u0437\u0434\u0435\u043f\u043e\u0437\u0438\u0442\u043d\u044b\u0439 \u0431\u043e\u043d\u0443\u0441, \u0431\u043e\u043d\u0443\u0441\u044b \u043e\u043d\u043b\u0430\u0439\u043d \u043a\u0430\u0437\u0438\u043d\u043e \u0434\u043b\u044f \u043d\u043e\u0432\u044b\u0445 \u0438\u0433\u0440\u043e\u043a\u043e\u0432","og_url":"https:\/\/jetxcasinogame.com\/pl\/bonuses-and-promotions-from-the-casino-in-jet-x\/","og_site_name":"JetX","article_modified_time":"2024-03-18T22:25:30+00:00","twitter_card":"summary_large_image","twitter_misc":{"Szacowany czas czytania":"6 minut"},"schema":{"@context":"https:\/\/schema.org","@graph":[{"@type":"WebPage","@id":"https:\/\/jetxcasinogame.com\/bonuses-and-promotions-from-the-casino-in-jet-x\/","url":"https:\/\/jetxcasinogame.com\/bonuses-and-promotions-from-the-casino-in-jet-x\/","name":"\u0411\u043e\u043d\u0443\u0441\u044b \u0438 \u043f\u0440\u043e\u043c\u043e \u043a\u043e\u0434\u044b \u0432 \u0438\u0433\u0440\u0435 JetX","isPartOf":{"@id":"https:\/\/jetxcasinogame.com\/#website"},"datePublished":"2024-03-18T15:31:03+00:00","dateModified":"2024-03-18T22:25:30+00:00","description":"\u0422\u0438\u043f\u044b \u0431\u043e\u043d\u0443\u0441\u043e\u0432 \u0432\u043e \u0432\u0440\u0435\u043c\u044f \u0438\u0433\u0440\u044b JetX \u0432 \u043e\u043d\u043b\u0430\u0439\u043d \u043a\u0430\u0437\u0438\u043d\u043e \u0434\u043b\u044f \u043d\u043e\u0432\u044b\u0445 \u0438 \u043e\u043f\u044b\u0442\u043d\u044b\u0445 \u0438\u0433\u0440\u043e\u043a\u043e\u0432. \u041f\u0440\u0438\u0432\u0435\u0442\u0441\u0442\u0432\u0435\u043d\u043d\u044b\u0439 \u0431\u043e\u043d\u0443\u0441, \u0431\u0435\u0437\u0434\u0435\u043f\u043e\u0437\u0438\u0442\u043d\u044b\u0439 \u0431\u043e\u043d\u0443\u0441, \u0431\u043e\u043d\u0443\u0441\u044b \u043e\u043d\u043b\u0430\u0439\u043d \u043a\u0430\u0437\u0438\u043d\u043e \u0434\u043b\u044f \u043d\u043e\u0432\u044b\u0445 \u0438\u0433\u0440\u043e\u043a\u043e\u0432","breadcrumb":{"@id":"https:\/\/jetxcasinogame.com\/bonuses-and-promotions-from-the-casino-in-jet-x\/#breadcrumb"},"inLanguage":"pl-PL","potentialAction":[{"@type":"ReadAction","target":["https:\/\/jetxcasinogame.com\/bonuses-and-promotions-from-the-casino-in-jet-x\/"]}]},{"@type":"BreadcrumbList","@id":"https:\/\/jetxcasinogame.com\/bonuses-and-promotions-from-the-casino-in-jet-x\/#breadcrumb","itemListElement":[{"@type":"ListItem","position":1,"name":"\u0413\u043b\u0430\u0432\u043d\u0430\u044f \u0441\u0442\u0440\u0430\u043d\u0438\u0446\u0430","item":"https:\/\/jetxcasinogame.com\/"},{"@type":"ListItem","position":2,"name":"\u0411\u043e\u043d\u0443\u0441\u044b \u0438 \u0430\u043a\u0446\u0438\u0438 \u043e\u0442 \u043a\u0430\u0437\u0438\u043d\u043e \u0432 Jet X"}]},{"@type":"WebSite","@id":"https:\/\/jetxcasinogame.com\/#website","url":"https:\/\/jetxcasinogame.com\/","name":"JetX","description":"","publisher":{"@id":"https:\/\/jetxcasinogame.com\/#organization"},"potentialAction":[{"@type":"SearchAction","target":{"@type":"EntryPoint","urlTemplate":"https:\/\/jetxcasinogame.com\/?s={search_term_string}"},"query-input":{"@type":"PropertyValueSpecification","valueRequired":true,"valueName":"search_term_string"}}],"inLanguage":"pl-PL"},{"@type":"Organization","@id":"https:\/\/jetxcasinogame.com\/#organization","name":"JetX","url":"https:\/\/jetxcasinogame.com\/","logo":{"@type":"ImageObject","inLanguage":"pl-PL","@id":"https:\/\/jetxcasinogame.com\/#\/schema\/logo\/image\/","url":"https:\/\/jetxcasinogame.com\/wp-content\/uploads\/cropped-logo.png","contentUrl":"https:\/\/jetxcasinogame.com\/wp-content\/uploads\/cropped-logo.png","width":328,"height":119,"caption":"JetX"},"image":{"@id":"https:\/\/jetxcasinogame.com\/#\/schema\/logo\/image\/"}}]}},"_links":{"self":[{"href":"https:\/\/jetxcasinogame.com\/pl\/wp-json\/wp\/v2\/pages\/14","targetHints":{"allow":["GET"]}}],"collection":[{"href":"https:\/\/jetxcasinogame.com\/pl\/wp-json\/wp\/v2\/pages"}],"about":[{"href":"https:\/\/jetxcasinogame.com\/pl\/wp-json\/wp\/v2\/types\/page"}],"author":[{"embeddable":true,"href":"https:\/\/jetxcasinogame.com\/pl\/wp-json\/wp\/v2\/users\/1"}],"replies":[{"embeddable":true,"href":"https:\/\/jetxcasinogame.com\/pl\/wp-json\/wp\/v2\/comments?post=14"}],"version-history":[{"count":16,"href":"https:\/\/jetxcasinogame.com\/pl\/wp-json\/wp\/v2\/pages\/14\/revisions"}],"predecessor-version":[{"id":75,"href":"https:\/\/jetxcasinogame.com\/pl\/wp-json\/wp\/v2\/pages\/14\/revisions\/75"}],"wp:attachment":[{"href":"https:\/\/jetxcasinogame.com\/pl\/wp-json\/wp\/v2\/media?parent=14"}],"curies":[{"name":"wp","href":"https:\/\/api.w.org\/{rel}","templated":true}]}}