{"id":12,"date":"2024-03-18T18:29:41","date_gmt":"2024-03-18T15:29:41","guid":{"rendered":"https:\/\/jetxcasinogame.com\/?page_id=12"},"modified":"2024-03-19T01:25:56","modified_gmt":"2024-03-18T22:25:56","slug":"betting-strategy-on-jetx-best-gaming-tips","status":"publish","type":"page","link":"https:\/\/jetxcasinogame.com\/pl\/betting-strategy-on-jetx-best-gaming-tips\/","title":{"rendered":"Strategia obstawiania w JetX: najlepsze wskaz\u00f3wki dotycz\u0105ce gry"},"content":{"rendered":"<p>W grze JetX znajdziesz wiele opcji zak\u0142ad\u00f3w, dlatego wa\u017cne jest, aby jak najszybciej okre\u015bli\u0107 swoj\u0105 strategi\u0119 gry, poniewa\u017c nie tylko twoje wygrane zale\u017c\u0105 od tego, ale tak\u017ce twoje zadowolenie z gry. Przyjrzyjmy si\u0119 najpopularniejszym strategiom:<\/p>\n<ul>\n<li>\n<h2><strong>Strategia Zr\u00f3wnowa\u017conego Podej\u015bcia<\/strong><\/h2>\n<\/li>\n<\/ul>\n<p>Ta metoda opiera si\u0119 na wyborze sta\u0142ego mno\u017cnika dla automatycznego wyp\u0142acania, z nast\u0119pnym dostosowaniem w zale\u017cno\u015bci od historii poprzednich rund.<\/p>\n<p>Zacznij od umiarkowanego mno\u017cnika. Na przyk\u0142ad wybierz mno\u017cnik 2x jako swoj\u0105 pocz\u0105tkow\u0105 warto\u015b\u0107 dla automatycznego wyp\u0142acania. Oznacza to, \u017ce b\u0119dziesz pobiera\u0107 swoje wygrane za ka\u017cdym razem, gdy mno\u017cnik osi\u0105gnie t\u0119 warto\u015b\u0107.<\/p>\n<p>Bacznie obserwuj histori\u0119 gry i statystyki. Je\u015bli zauwa\u017cysz, \u017ce wi\u0119kszo\u015b\u0107 rund ko\u0144czy si\u0119 mno\u017cnikiem wy\u017cszym ni\u017c 2x, rozwa\u017c zwi\u0119kszenie swojego mno\u017cnika wyp\u0142acania.<\/p>\n<p>Po ka\u017cdych 10-20 rundach przeanalizuj i ustal, czy dostosowa\u0107 sw\u00f3j mno\u017cnik wyp\u0142acania w g\u00f3r\u0119 lub w d\u00f3\u0142. Je\u015bli gra cz\u0119\u015bciej si\u0119 zawiesza przy niskich warto\u015bciach, zmniejsz swoje oczekiwane wyniki, aby zminimalizowa\u0107 ryzyko. Je\u015bli gra regularnie pokazuje wysokie warto\u015bci, spr\u00f3buj zwi\u0119kszy\u0107 sw\u00f3j mno\u017cnik wyp\u0142acania, aby zwi\u0119kszy\u0107 potencjalne wygrane.<\/p>\n<p>Przyjrzyjmy si\u0119 przyk\u0142adowi u\u017cycia. Za\u0142\u00f3\u017cmy, \u017ce rozpocz\u0105\u0142e\u015b gr\u0119 z automatycznym mno\u017cnikiem wyp\u0142at 2x. Po 20 grach zauwa\u017cy\u0142e\u015b, \u017ce w 15 z nich mno\u017cnik by\u0142 wy\u017cszy ni\u017c 2x. W tym przypadku mo\u017cesz zdecydowa\u0107 si\u0119 zwi\u0119kszy\u0107 mno\u017cnik do 2.5x, aby zwi\u0119kszy\u0107 potencjalne wygrane. Jednak je\u015bli w kolejnych rundach zauwa\u017cysz, \u017ce gra cz\u0119\u015bciej si\u0119 zawiesza przed osi\u0105gni\u0119ciem 2.5x, wr\u00f3\u0107 do ni\u017cszej liczby.<\/p>\n<ul>\n<li>\n<h2><strong>Intuicyjna strategia skalpowania<\/strong><\/h2>\n<\/li>\n<\/ul>\n<p>Ta zasada opiera si\u0119 na ma\u0142ych, ale cz\u0119stych wygranych, gdzie gracz stawia zak\u0142ady maj\u0105ce na celu szybkie wyp\u0142acanie \u015brodk\u00f3w po osi\u0105gni\u0119ciu niewielkiego mno\u017cnika. Cech\u0105 charakterystyczn\u0105 jest aktywne wykorzystanie statystyk zak\u0142ad\u00f3w innych graczy oraz historii mno\u017cnik\u00f3w, aby \u201eskalpowa\u0107\u201d niewielki zysk z ka\u017cdej rundy.<\/p>\n<p>Wybierz pocz\u0105tkowy mno\u017cnik. Ustaw niski mno\u017cnik dla automatycznego wyp\u0142acania, na przyk\u0142ad od 1.1x do 1.5x.<\/p>\n<p>Obserwuj zak\u0142ady i wygrane innych graczy. Wykorzystaj informacje o zak\u0142adach i wygranych innych graczy, aby zrozumie\u0107 obecn\u0105 zachowanie gry. Je\u015bli wi\u0119kszo\u015b\u0107 graczy zbiera swoje wygrane przy niskich mno\u017cnikach, mo\u017ce to by\u0107 dobry moment na intuicyjne skalpowanie.<\/p>\n<p>Je\u015bli zauwa\u017cysz, \u017ce gra regularnie osi\u0105ga mno\u017cnik wy\u017cszy ni\u017c tw\u00f3j pocz\u0105tkowy, stopniowo zwi\u0119kszaj go dla automatycznego wyp\u0142acania. W przypadku cz\u0119stszych awarii na niskich poziomach, zmniejsz sw\u00f3j mno\u017cnik, aby zminimalizowa\u0107 ryzyko.<\/p>\n<p>Przyk\u0142ad u\u017cycia. Za\u0142\u00f3\u017cmy, \u017ce zacz\u0105\u0142e\u015b od mno\u017cnika 1.2x i odnios\u0142e\u015b sukces, zbieraj\u0105c ma\u0142e wygrane. Nagle zauwa\u017casz, \u017ce przez ostatnie kilka rund liczba stale przekracza 2x. Korzystaj\u0105c z tej informacji, postanawiasz intuicyjnie zwi\u0119kszy\u0107 mno\u017cnik wyp\u0142at do 1.5x w kolejnych kilku rundach, co pozwala ci zwi\u0119kszy\u0107 zysk przy zachowaniu niskiego poziomu ryzyka.<\/p>\n","protected":false},"excerpt":{"rendered":"<p>W grze JetX znajdziesz wiele opcji zak\u0142ad\u00f3w, dlatego wa\u017cne jest, aby jak najszybciej okre\u015bli\u0107 swoj\u0105 strategi\u0119 gry, poniewa\u017c nie tylko twoje wygrane zale\u017c\u0105 od tego, ale tak\u017ce twoje zadowolenie z gry. Przyjrzyjmy si\u0119 najpopularniejszym strategiom: Strategia Zr\u00f3wnowa\u017conego Podej\u015bcia Ta metoda opiera si\u0119 na wyborze sta\u0142ego mno\u017cnika dla automatycznego wyp\u0142acania, z nast\u0119pnym dostosowaniem w zale\u017cno\u015bci od historii poprzednich rund. Zacznij od umiarkowanego mno\u017cnika. Na przyk\u0142ad wybierz mno\u017cnik 2x jako swoj\u0105 pocz\u0105tkow\u0105 warto\u015b\u0107 dla automatycznego wyp\u0142acania. Oznacza&hellip; <\/p>\n","protected":false},"author":1,"featured_media":0,"parent":0,"menu_order":0,"comment_status":"closed","ping_status":"closed","template":"","meta":{"footnotes":""},"class_list":["post-12","page","type-page","status-publish","hentry"],"yoast_head":"<!-- This site is optimized with the Yoast SEO plugin v27.2 - https:\/\/yoast.com\/product\/yoast-seo-wordpress\/ -->\n<title>\u0421\u0442\u0440\u0430\u0442\u0435\u0433\u0438\u044f \u0441\u0442\u0430\u0432\u043e\u043a \u0432 \u0438\u0433\u0440\u0435 JetX<\/title>\n<meta name=\"description\" content=\"Wybierz najlepsz\u0105 strategi\u0119 i taktyk\u0119 zak\u0142adania zak\u0142ad\u00f3w w automacie JetX. Graj i wygrywaj w JetX w najlepszych kasynach online.\" \/>\n<meta name=\"robots\" content=\"index, follow, max-snippet:-1, max-image-preview:large, max-video-preview:-1\" \/>\n<link rel=\"canonical\" href=\"https:\/\/jetxcasinogame.com\/pl\/betting-strategy-on-jetx-best-gaming-tips\/\" \/>\n<meta property=\"og:locale\" content=\"pl_PL\" \/>\n<meta property=\"og:locale:alternate\" content=\"ru_RU\" \/>\n<meta property=\"og:locale:alternate\" content=\"en_US\" \/>\n<meta property=\"og:locale:alternate\" content=\"pt_PT\" \/>\n<meta property=\"og:locale:alternate\" content=\"es_ES\" \/>\n<meta property=\"og:locale:alternate\" content=\"ro_RO\" \/>\n<meta property=\"og:locale:alternate\" content=\"sr_RS\" \/>\n<meta property=\"og:locale:alternate\" content=\"bg_BG\" \/>\n<meta property=\"og:type\" content=\"article\" \/>\n<meta property=\"og:title\" content=\"\u0421\u0442\u0440\u0430\u0442\u0435\u0433\u0438\u044f \u0441\u0442\u0430\u0432\u043e\u043a \u0432 \u0438\u0433\u0440\u0435 JetX\" \/>\n<meta property=\"og:description\" content=\"\u0412\u044b\u0431\u0440\u0430\u0442\u044c \u043b\u0443\u0447\u0448\u0443\u044e \u0441\u0442\u0440\u0430\u0442\u0435\u0433\u0438\u044e \u0438 \u0442\u0430\u043a\u0442\u0438\u043a\u0443 \u043a\u0430\u043a \u0434\u0435\u043b\u0430\u0442\u044c \u0441\u0442\u0430\u0432\u043a\u0443 \u0432 \u0441\u043b\u043e\u0442\u0435 JetX. \u0418\u0433\u0440\u0430\u0435\u043c \u0438 \u0432\u044b\u0438\u0433\u0440\u044b\u0432\u0430\u0435\u043c \u0432 JetX \u0441 \u043b\u0443\u0447\u0448\u0438\u043c\u0438 \u043e\u043d\u043b\u0430\u0439\u043d \u043a\u0430\u0437\u0438\u043d\u043e\" \/>\n<meta property=\"og:url\" content=\"https:\/\/jetxcasinogame.com\/pl\/betting-strategy-on-jetx-best-gaming-tips\/\" \/>\n<meta property=\"og:site_name\" content=\"JetX\" \/>\n<meta property=\"article:modified_time\" content=\"2024-03-18T22:25:56+00:00\" \/>\n<meta name=\"twitter:card\" content=\"summary_large_image\" \/>\n<meta name=\"twitter:label1\" content=\"Szacowany czas czytania\" \/>\n\t<meta name=\"twitter:data1\" content=\"13 minut\" \/>\n<script type=\"application\/ld+json\" class=\"yoast-schema-graph\">{\"@context\":\"https:\/\/schema.org\",\"@graph\":[{\"@type\":\"WebPage\",\"@id\":\"https:\/\/jetxcasinogame.com\/betting-strategy-on-jetx-best-gaming-tips\/\",\"url\":\"https:\/\/jetxcasinogame.com\/betting-strategy-on-jetx-best-gaming-tips\/\",\"name\":\"\u0421\u0442\u0440\u0430\u0442\u0435\u0433\u0438\u044f \u0441\u0442\u0430\u0432\u043e\u043a \u0432 \u0438\u0433\u0440\u0435 JetX\",\"isPartOf\":{\"@id\":\"https:\/\/jetxcasinogame.com\/#website\"},\"datePublished\":\"2024-03-18T15:29:41+00:00\",\"dateModified\":\"2024-03-18T22:25:56+00:00\",\"description\":\"\u0412\u044b\u0431\u0440\u0430\u0442\u044c \u043b\u0443\u0447\u0448\u0443\u044e \u0441\u0442\u0440\u0430\u0442\u0435\u0433\u0438\u044e \u0438 \u0442\u0430\u043a\u0442\u0438\u043a\u0443 \u043a\u0430\u043a \u0434\u0435\u043b\u0430\u0442\u044c \u0441\u0442\u0430\u0432\u043a\u0443 \u0432 \u0441\u043b\u043e\u0442\u0435 JetX. \u0418\u0433\u0440\u0430\u0435\u043c \u0438 \u0432\u044b\u0438\u0433\u0440\u044b\u0432\u0430\u0435\u043c \u0432 JetX \u0441 \u043b\u0443\u0447\u0448\u0438\u043c\u0438 \u043e\u043d\u043b\u0430\u0439\u043d \u043a\u0430\u0437\u0438\u043d\u043e\",\"breadcrumb\":{\"@id\":\"https:\/\/jetxcasinogame.com\/betting-strategy-on-jetx-best-gaming-tips\/#breadcrumb\"},\"inLanguage\":\"pl-PL\",\"potentialAction\":[{\"@type\":\"ReadAction\",\"target\":[\"https:\/\/jetxcasinogame.com\/betting-strategy-on-jetx-best-gaming-tips\/\"]}]},{\"@type\":\"BreadcrumbList\",\"@id\":\"https:\/\/jetxcasinogame.com\/betting-strategy-on-jetx-best-gaming-tips\/#breadcrumb\",\"itemListElement\":[{\"@type\":\"ListItem\",\"position\":1,\"name\":\"\u0413\u043b\u0430\u0432\u043d\u0430\u044f \u0441\u0442\u0440\u0430\u043d\u0438\u0446\u0430\",\"item\":\"https:\/\/jetxcasinogame.com\/\"},{\"@type\":\"ListItem\",\"position\":2,\"name\":\"\u0421\u0442\u0440\u0430\u0442\u0435\u0433\u0438\u044f \u0441\u0442\u0430\u0432\u043e\u043a \u043d\u0430 JetX: \u043b\u0443\u0447\u0448\u0438\u0435 \u0441\u043e\u0432\u0435\u0442\u044b \u043f\u043e \u0438\u0433\u0440\u0435\"}]},{\"@type\":\"WebSite\",\"@id\":\"https:\/\/jetxcasinogame.com\/#website\",\"url\":\"https:\/\/jetxcasinogame.com\/\",\"name\":\"JetX\",\"description\":\"\",\"publisher\":{\"@id\":\"https:\/\/jetxcasinogame.com\/#organization\"},\"potentialAction\":[{\"@type\":\"SearchAction\",\"target\":{\"@type\":\"EntryPoint\",\"urlTemplate\":\"https:\/\/jetxcasinogame.com\/?s={search_term_string}\"},\"query-input\":{\"@type\":\"PropertyValueSpecification\",\"valueRequired\":true,\"valueName\":\"search_term_string\"}}],\"inLanguage\":\"pl-PL\"},{\"@type\":\"Organization\",\"@id\":\"https:\/\/jetxcasinogame.com\/#organization\",\"name\":\"JetX\",\"url\":\"https:\/\/jetxcasinogame.com\/\",\"logo\":{\"@type\":\"ImageObject\",\"inLanguage\":\"pl-PL\",\"@id\":\"https:\/\/jetxcasinogame.com\/#\/schema\/logo\/image\/\",\"url\":\"https:\/\/jetxcasinogame.com\/wp-content\/uploads\/cropped-logo.png\",\"contentUrl\":\"https:\/\/jetxcasinogame.com\/wp-content\/uploads\/cropped-logo.png\",\"width\":328,\"height\":119,\"caption\":\"JetX\"},\"image\":{\"@id\":\"https:\/\/jetxcasinogame.com\/#\/schema\/logo\/image\/\"}}]}<\/script>\n<!-- \/ Yoast SEO plugin. -->","yoast_head_json":{"title":"\u0421\u0442\u0440\u0430\u0442\u0435\u0433\u0438\u044f \u0441\u0442\u0430\u0432\u043e\u043a \u0432 \u0438\u0433\u0440\u0435 JetX","description":"Wybierz najlepsz\u0105 strategi\u0119 i taktyk\u0119 zak\u0142adania zak\u0142ad\u00f3w w automacie JetX. Graj i wygrywaj w JetX w najlepszych kasynach online.","robots":{"index":"index","follow":"follow","max-snippet":"max-snippet:-1","max-image-preview":"max-image-preview:large","max-video-preview":"max-video-preview:-1"},"canonical":"https:\/\/jetxcasinogame.com\/pl\/betting-strategy-on-jetx-best-gaming-tips\/","og_locale":"pl_PL","og_type":"article","og_title":"\u0421\u0442\u0440\u0430\u0442\u0435\u0433\u0438\u044f \u0441\u0442\u0430\u0432\u043e\u043a \u0432 \u0438\u0433\u0440\u0435 JetX","og_description":"\u0412\u044b\u0431\u0440\u0430\u0442\u044c \u043b\u0443\u0447\u0448\u0443\u044e \u0441\u0442\u0440\u0430\u0442\u0435\u0433\u0438\u044e \u0438 \u0442\u0430\u043a\u0442\u0438\u043a\u0443 \u043a\u0430\u043a \u0434\u0435\u043b\u0430\u0442\u044c \u0441\u0442\u0430\u0432\u043a\u0443 \u0432 \u0441\u043b\u043e\u0442\u0435 JetX. \u0418\u0433\u0440\u0430\u0435\u043c \u0438 \u0432\u044b\u0438\u0433\u0440\u044b\u0432\u0430\u0435\u043c \u0432 JetX \u0441 \u043b\u0443\u0447\u0448\u0438\u043c\u0438 \u043e\u043d\u043b\u0430\u0439\u043d \u043a\u0430\u0437\u0438\u043d\u043e","og_url":"https:\/\/jetxcasinogame.com\/pl\/betting-strategy-on-jetx-best-gaming-tips\/","og_site_name":"JetX","article_modified_time":"2024-03-18T22:25:56+00:00","twitter_card":"summary_large_image","twitter_misc":{"Szacowany czas czytania":"13 minut"},"schema":{"@context":"https:\/\/schema.org","@graph":[{"@type":"WebPage","@id":"https:\/\/jetxcasinogame.com\/betting-strategy-on-jetx-best-gaming-tips\/","url":"https:\/\/jetxcasinogame.com\/betting-strategy-on-jetx-best-gaming-tips\/","name":"\u0421\u0442\u0440\u0430\u0442\u0435\u0433\u0438\u044f \u0441\u0442\u0430\u0432\u043e\u043a \u0432 \u0438\u0433\u0440\u0435 JetX","isPartOf":{"@id":"https:\/\/jetxcasinogame.com\/#website"},"datePublished":"2024-03-18T15:29:41+00:00","dateModified":"2024-03-18T22:25:56+00:00","description":"\u0412\u044b\u0431\u0440\u0430\u0442\u044c \u043b\u0443\u0447\u0448\u0443\u044e \u0441\u0442\u0440\u0430\u0442\u0435\u0433\u0438\u044e \u0438 \u0442\u0430\u043a\u0442\u0438\u043a\u0443 \u043a\u0430\u043a \u0434\u0435\u043b\u0430\u0442\u044c \u0441\u0442\u0430\u0432\u043a\u0443 \u0432 \u0441\u043b\u043e\u0442\u0435 JetX. \u0418\u0433\u0440\u0430\u0435\u043c \u0438 \u0432\u044b\u0438\u0433\u0440\u044b\u0432\u0430\u0435\u043c \u0432 JetX \u0441 \u043b\u0443\u0447\u0448\u0438\u043c\u0438 \u043e\u043d\u043b\u0430\u0439\u043d \u043a\u0430\u0437\u0438\u043d\u043e","breadcrumb":{"@id":"https:\/\/jetxcasinogame.com\/betting-strategy-on-jetx-best-gaming-tips\/#breadcrumb"},"inLanguage":"pl-PL","potentialAction":[{"@type":"ReadAction","target":["https:\/\/jetxcasinogame.com\/betting-strategy-on-jetx-best-gaming-tips\/"]}]},{"@type":"BreadcrumbList","@id":"https:\/\/jetxcasinogame.com\/betting-strategy-on-jetx-best-gaming-tips\/#breadcrumb","itemListElement":[{"@type":"ListItem","position":1,"name":"\u0413\u043b\u0430\u0432\u043d\u0430\u044f \u0441\u0442\u0440\u0430\u043d\u0438\u0446\u0430","item":"https:\/\/jetxcasinogame.com\/"},{"@type":"ListItem","position":2,"name":"\u0421\u0442\u0440\u0430\u0442\u0435\u0433\u0438\u044f \u0441\u0442\u0430\u0432\u043e\u043a \u043d\u0430 JetX: \u043b\u0443\u0447\u0448\u0438\u0435 \u0441\u043e\u0432\u0435\u0442\u044b \u043f\u043e \u0438\u0433\u0440\u0435"}]},{"@type":"WebSite","@id":"https:\/\/jetxcasinogame.com\/#website","url":"https:\/\/jetxcasinogame.com\/","name":"JetX","description":"","publisher":{"@id":"https:\/\/jetxcasinogame.com\/#organization"},"potentialAction":[{"@type":"SearchAction","target":{"@type":"EntryPoint","urlTemplate":"https:\/\/jetxcasinogame.com\/?s={search_term_string}"},"query-input":{"@type":"PropertyValueSpecification","valueRequired":true,"valueName":"search_term_string"}}],"inLanguage":"pl-PL"},{"@type":"Organization","@id":"https:\/\/jetxcasinogame.com\/#organization","name":"JetX","url":"https:\/\/jetxcasinogame.com\/","logo":{"@type":"ImageObject","inLanguage":"pl-PL","@id":"https:\/\/jetxcasinogame.com\/#\/schema\/logo\/image\/","url":"https:\/\/jetxcasinogame.com\/wp-content\/uploads\/cropped-logo.png","contentUrl":"https:\/\/jetxcasinogame.com\/wp-content\/uploads\/cropped-logo.png","width":328,"height":119,"caption":"JetX"},"image":{"@id":"https:\/\/jetxcasinogame.com\/#\/schema\/logo\/image\/"}}]}},"_links":{"self":[{"href":"https:\/\/jetxcasinogame.com\/pl\/wp-json\/wp\/v2\/pages\/12","targetHints":{"allow":["GET"]}}],"collection":[{"href":"https:\/\/jetxcasinogame.com\/pl\/wp-json\/wp\/v2\/pages"}],"about":[{"href":"https:\/\/jetxcasinogame.com\/pl\/wp-json\/wp\/v2\/types\/page"}],"author":[{"embeddable":true,"href":"https:\/\/jetxcasinogame.com\/pl\/wp-json\/wp\/v2\/users\/1"}],"replies":[{"embeddable":true,"href":"https:\/\/jetxcasinogame.com\/pl\/wp-json\/wp\/v2\/comments?post=12"}],"version-history":[{"count":15,"href":"https:\/\/jetxcasinogame.com\/pl\/wp-json\/wp\/v2\/pages\/12\/revisions"}],"predecessor-version":[{"id":76,"href":"https:\/\/jetxcasinogame.com\/pl\/wp-json\/wp\/v2\/pages\/12\/revisions\/76"}],"wp:attachment":[{"href":"https:\/\/jetxcasinogame.com\/pl\/wp-json\/wp\/v2\/media?parent=12"}],"curies":[{"name":"wp","href":"https:\/\/api.w.org\/{rel}","templated":true}]}}