{"id":10,"date":"2024-03-18T18:25:24","date_gmt":"2024-03-18T15:25:24","guid":{"rendered":"https:\/\/jetxcasinogame.com\/?page_id=10"},"modified":"2024-03-19T01:26:07","modified_gmt":"2024-03-18T22:26:07","slug":"frequently-asked-questions-about-jetx","status":"publish","type":"page","link":"https:\/\/jetxcasinogame.com\/pl\/frequently-asked-questions-about-jetx\/","title":{"rendered":"Najcz\u0119\u015bciej zadawane pytania o JetX"},"content":{"rendered":"<p>Ka\u017cdy gracz, kt\u00f3ry dopiero zaczyna gra\u0107 w JetX, ma wiele pyta\u0144, kt\u00f3re pojawiaj\u0105 si\u0119 w jego g\u0142owie. Zebrali\u015bmy najpopularniejsze pytania i odpowiedzi:<\/p>\n<ul>\n<li>\n<h3><strong>Czym jest gra JetX?<\/strong><\/h3>\n<\/li>\n<\/ul>\n<p>Gra online JetX to gra hazardowa od SmartSoft Gaming, kt\u00f3ra jest gr\u0105 crash, w kt\u00f3rej gracze stawiaj\u0105 zak\u0142ady na lot samolotu odrzutowego, z zamiarem zebrania wygranych przed jego rozbiciem. Jest to bardzo popularny slot, w kt\u00f3ry graj\u0105 gracze z ca\u0142ego \u015bwiata.<\/p>\n<ul>\n<li>\n<h3><strong>Jak gra\u0107 w JetX?<\/strong><\/h3>\n<\/li>\n<\/ul>\n<p>Mo\u017cesz gra\u0107 w JetX Bet, stawiaj\u0105c jedn\u0105 lub dwie stawki przed startem samolotu, z mo\u017cliwo\u015bci\u0105 wygrania wygranych w dowolnym momencie przed rozbiciem.<\/p>\n<ul>\n<li>\n<h3><strong>Czy istnieje wersja mobilna dla JetX?<\/strong><\/h3>\n<\/li>\n<\/ul>\n<p>Wersja mobilna JetX jest dost\u0119pna, oferuj\u0105c wygodne do\u015bwiadczenie z gr\u0105 na urz\u0105dzeniach mobilnych. Jednak\u017ce, zale\u017cy to od strony kasyna online, na kt\u00f3rej znajdziesz najnowsze informacje na ten temat.<\/p>\n<ul>\n<li>\n<h3><strong>Jakie strategie powinienem zastosowa\u0107, aby maksymalizowa\u0107 swoje szanse na wygran\u0105?<\/strong><\/h3>\n<\/li>\n<\/ul>\n<p>Strategie maksymalizuj\u0105ce szanse na wygran\u0105 obejmuj\u0105 ustalenie sta\u0142ego mno\u017cnika dla automatycznego wyp\u0142acania, zastosowanie strategii Martingale, trailing stop-loss i \u015bledzenie statystyk w celu dostosowania strategii. Wi\u0119cej informacji na temat strategii gry znajdziesz na naszej stronie internetowej.<\/p>\n<ul>\n<li>\n<h3><strong>Czy depozyty i wyp\u0142aty na JetX s\u0105 natychmiastowe?<\/strong><\/h3>\n<\/li>\n<\/ul>\n<p>Depozyty i wyp\u0142aty na JetX mog\u0105 by\u0107 przetwarzane z r\u00f3\u017cn\u0105 pr\u0119dko\u015bci\u0105, w zale\u017cno\u015bci od wybranej metody p\u0142atno\u015bci, ale og\u00f3lnie proces powinien by\u0107 szybki.<\/p>\n<ul>\n<li>\n<h3><strong>Jak mog\u0119 odebra\u0107 moje wygrane?<\/strong><\/h3>\n<\/li>\n<\/ul>\n<p>Mo\u017cesz odebra\u0107 swoje wygrane, korzystaj\u0105c z funkcji zbierania wygranych w grze przed rozbiciem samolotu, po czym wygrane zostan\u0105 zaksi\u0119gowane na twoim koncie kasyna.<\/p>\n","protected":false},"excerpt":{"rendered":"<p>Ka\u017cdy gracz, kt\u00f3ry dopiero zaczyna gra\u0107 w JetX, ma wiele pyta\u0144, kt\u00f3re pojawiaj\u0105 si\u0119 w jego g\u0142owie. Zebrali\u015bmy najpopularniejsze pytania i odpowiedzi: Czym jest gra JetX? Gra online JetX to gra hazardowa od SmartSoft Gaming, kt\u00f3ra jest gr\u0105 crash, w kt\u00f3rej gracze stawiaj\u0105 zak\u0142ady na lot samolotu odrzutowego, z zamiarem zebrania wygranych przed jego rozbiciem. Jest to bardzo popularny slot, w kt\u00f3ry graj\u0105 gracze z ca\u0142ego \u015bwiata. Jak gra\u0107 w JetX? Mo\u017cesz gra\u0107 w JetX&hellip; <\/p>\n","protected":false},"author":1,"featured_media":0,"parent":0,"menu_order":0,"comment_status":"closed","ping_status":"closed","template":"","meta":{"footnotes":""},"class_list":["post-10","page","type-page","status-publish","hentry"],"yoast_head":"<!-- This site is optimized with the Yoast SEO plugin v27.2 - https:\/\/yoast.com\/product\/yoast-seo-wordpress\/ -->\n<title>Frequently Asked Questions About JetX Game<\/title>\n<meta name=\"description\" content=\"Zebrali\u015bmy kolekcj\u0119 najcz\u0119\u015bciej zadawanych pyta\u0144 dotycz\u0105cych gry online JetX. Pytania i odpowiedzi dotycz\u0105ce jednej z najpopularniejszych gier naszych czas\u00f3w, JetX.\" \/>\n<meta name=\"robots\" content=\"index, follow, max-snippet:-1, max-image-preview:large, max-video-preview:-1\" \/>\n<link rel=\"canonical\" href=\"https:\/\/jetxcasinogame.com\/pl\/frequently-asked-questions-about-jetx\/\" \/>\n<meta property=\"og:locale\" content=\"pl_PL\" \/>\n<meta property=\"og:locale:alternate\" content=\"ru_RU\" \/>\n<meta property=\"og:locale:alternate\" content=\"en_US\" \/>\n<meta property=\"og:locale:alternate\" content=\"pt_PT\" \/>\n<meta property=\"og:locale:alternate\" content=\"es_ES\" \/>\n<meta property=\"og:locale:alternate\" content=\"ro_RO\" \/>\n<meta property=\"og:locale:alternate\" content=\"sr_RS\" \/>\n<meta property=\"og:locale:alternate\" content=\"bg_BG\" \/>\n<meta property=\"og:type\" content=\"article\" \/>\n<meta property=\"og:title\" content=\"Frequently Asked Questions About JetX Game\" \/>\n<meta property=\"og:description\" content=\"We have compiled a collection of the most frequently asked questions about the online game JetX. Questions and answers about one of the most popular games of our time, JetX.\" \/>\n<meta property=\"og:url\" content=\"https:\/\/jetxcasinogame.com\/pl\/frequently-asked-questions-about-jetx\/\" \/>\n<meta property=\"og:site_name\" content=\"JetX\" \/>\n<meta property=\"article:modified_time\" content=\"2024-03-18T22:26:07+00:00\" \/>\n<meta name=\"twitter:card\" content=\"summary_large_image\" \/>\n<meta name=\"twitter:label1\" content=\"Szacowany czas czytania\" \/>\n\t<meta name=\"twitter:data1\" content=\"8 minut\" \/>\n<script type=\"application\/ld+json\" class=\"yoast-schema-graph\">{\"@context\":\"https:\/\/schema.org\",\"@graph\":[{\"@type\":\"WebPage\",\"@id\":\"https:\/\/jetxcasinogame.com\/en\/frequently-asked-questions-about-jetx\/\",\"url\":\"https:\/\/jetxcasinogame.com\/en\/frequently-asked-questions-about-jetx\/\",\"name\":\"Frequently Asked Questions About JetX Game\",\"isPartOf\":{\"@id\":\"https:\/\/jetxcasinogame.com\/#website\"},\"datePublished\":\"2024-03-18T15:25:24+00:00\",\"dateModified\":\"2024-03-18T22:26:07+00:00\",\"description\":\"We have compiled a collection of the most frequently asked questions about the online game JetX. Questions and answers about one of the most popular games of our time, JetX.\",\"breadcrumb\":{\"@id\":\"https:\/\/jetxcasinogame.com\/en\/frequently-asked-questions-about-jetx\/#breadcrumb\"},\"inLanguage\":\"pl-PL\",\"potentialAction\":[{\"@type\":\"ReadAction\",\"target\":[\"https:\/\/jetxcasinogame.com\/en\/frequently-asked-questions-about-jetx\/\"]}]},{\"@type\":\"BreadcrumbList\",\"@id\":\"https:\/\/jetxcasinogame.com\/en\/frequently-asked-questions-about-jetx\/#breadcrumb\",\"itemListElement\":[{\"@type\":\"ListItem\",\"position\":1,\"name\":\"\u0413\u043b\u0430\u0432\u043d\u0430\u044f \u0441\u0442\u0440\u0430\u043d\u0438\u0446\u0430\",\"item\":\"https:\/\/jetxcasinogame.com\/\"},{\"@type\":\"ListItem\",\"position\":2,\"name\":\"Frequently Asked Questions About JetX\"}]},{\"@type\":\"WebSite\",\"@id\":\"https:\/\/jetxcasinogame.com\/#website\",\"url\":\"https:\/\/jetxcasinogame.com\/\",\"name\":\"JetX\",\"description\":\"\",\"publisher\":{\"@id\":\"https:\/\/jetxcasinogame.com\/#organization\"},\"potentialAction\":[{\"@type\":\"SearchAction\",\"target\":{\"@type\":\"EntryPoint\",\"urlTemplate\":\"https:\/\/jetxcasinogame.com\/?s={search_term_string}\"},\"query-input\":{\"@type\":\"PropertyValueSpecification\",\"valueRequired\":true,\"valueName\":\"search_term_string\"}}],\"inLanguage\":\"pl-PL\"},{\"@type\":\"Organization\",\"@id\":\"https:\/\/jetxcasinogame.com\/#organization\",\"name\":\"JetX\",\"url\":\"https:\/\/jetxcasinogame.com\/\",\"logo\":{\"@type\":\"ImageObject\",\"inLanguage\":\"pl-PL\",\"@id\":\"https:\/\/jetxcasinogame.com\/#\/schema\/logo\/image\/\",\"url\":\"https:\/\/jetxcasinogame.com\/wp-content\/uploads\/cropped-logo.png\",\"contentUrl\":\"https:\/\/jetxcasinogame.com\/wp-content\/uploads\/cropped-logo.png\",\"width\":328,\"height\":119,\"caption\":\"JetX\"},\"image\":{\"@id\":\"https:\/\/jetxcasinogame.com\/#\/schema\/logo\/image\/\"}}]}<\/script>\n<!-- \/ Yoast SEO plugin. -->","yoast_head_json":{"title":"Frequently Asked Questions About JetX Game","description":"Zebrali\u015bmy kolekcj\u0119 najcz\u0119\u015bciej zadawanych pyta\u0144 dotycz\u0105cych gry online JetX. Pytania i odpowiedzi dotycz\u0105ce jednej z najpopularniejszych gier naszych czas\u00f3w, JetX.","robots":{"index":"index","follow":"follow","max-snippet":"max-snippet:-1","max-image-preview":"max-image-preview:large","max-video-preview":"max-video-preview:-1"},"canonical":"https:\/\/jetxcasinogame.com\/pl\/frequently-asked-questions-about-jetx\/","og_locale":"pl_PL","og_type":"article","og_title":"Frequently Asked Questions About JetX Game","og_description":"We have compiled a collection of the most frequently asked questions about the online game JetX. Questions and answers about one of the most popular games of our time, JetX.","og_url":"https:\/\/jetxcasinogame.com\/pl\/frequently-asked-questions-about-jetx\/","og_site_name":"JetX","article_modified_time":"2024-03-18T22:26:07+00:00","twitter_card":"summary_large_image","twitter_misc":{"Szacowany czas czytania":"8 minut"},"schema":{"@context":"https:\/\/schema.org","@graph":[{"@type":"WebPage","@id":"https:\/\/jetxcasinogame.com\/en\/frequently-asked-questions-about-jetx\/","url":"https:\/\/jetxcasinogame.com\/en\/frequently-asked-questions-about-jetx\/","name":"Frequently Asked Questions About JetX Game","isPartOf":{"@id":"https:\/\/jetxcasinogame.com\/#website"},"datePublished":"2024-03-18T15:25:24+00:00","dateModified":"2024-03-18T22:26:07+00:00","description":"We have compiled a collection of the most frequently asked questions about the online game JetX. Questions and answers about one of the most popular games of our time, JetX.","breadcrumb":{"@id":"https:\/\/jetxcasinogame.com\/en\/frequently-asked-questions-about-jetx\/#breadcrumb"},"inLanguage":"pl-PL","potentialAction":[{"@type":"ReadAction","target":["https:\/\/jetxcasinogame.com\/en\/frequently-asked-questions-about-jetx\/"]}]},{"@type":"BreadcrumbList","@id":"https:\/\/jetxcasinogame.com\/en\/frequently-asked-questions-about-jetx\/#breadcrumb","itemListElement":[{"@type":"ListItem","position":1,"name":"\u0413\u043b\u0430\u0432\u043d\u0430\u044f \u0441\u0442\u0440\u0430\u043d\u0438\u0446\u0430","item":"https:\/\/jetxcasinogame.com\/"},{"@type":"ListItem","position":2,"name":"Frequently Asked Questions About JetX"}]},{"@type":"WebSite","@id":"https:\/\/jetxcasinogame.com\/#website","url":"https:\/\/jetxcasinogame.com\/","name":"JetX","description":"","publisher":{"@id":"https:\/\/jetxcasinogame.com\/#organization"},"potentialAction":[{"@type":"SearchAction","target":{"@type":"EntryPoint","urlTemplate":"https:\/\/jetxcasinogame.com\/?s={search_term_string}"},"query-input":{"@type":"PropertyValueSpecification","valueRequired":true,"valueName":"search_term_string"}}],"inLanguage":"pl-PL"},{"@type":"Organization","@id":"https:\/\/jetxcasinogame.com\/#organization","name":"JetX","url":"https:\/\/jetxcasinogame.com\/","logo":{"@type":"ImageObject","inLanguage":"pl-PL","@id":"https:\/\/jetxcasinogame.com\/#\/schema\/logo\/image\/","url":"https:\/\/jetxcasinogame.com\/wp-content\/uploads\/cropped-logo.png","contentUrl":"https:\/\/jetxcasinogame.com\/wp-content\/uploads\/cropped-logo.png","width":328,"height":119,"caption":"JetX"},"image":{"@id":"https:\/\/jetxcasinogame.com\/#\/schema\/logo\/image\/"}}]}},"_links":{"self":[{"href":"https:\/\/jetxcasinogame.com\/pl\/wp-json\/wp\/v2\/pages\/10","targetHints":{"allow":["GET"]}}],"collection":[{"href":"https:\/\/jetxcasinogame.com\/pl\/wp-json\/wp\/v2\/pages"}],"about":[{"href":"https:\/\/jetxcasinogame.com\/pl\/wp-json\/wp\/v2\/types\/page"}],"author":[{"embeddable":true,"href":"https:\/\/jetxcasinogame.com\/pl\/wp-json\/wp\/v2\/users\/1"}],"replies":[{"embeddable":true,"href":"https:\/\/jetxcasinogame.com\/pl\/wp-json\/wp\/v2\/comments?post=10"}],"version-history":[{"count":17,"href":"https:\/\/jetxcasinogame.com\/pl\/wp-json\/wp\/v2\/pages\/10\/revisions"}],"predecessor-version":[{"id":77,"href":"https:\/\/jetxcasinogame.com\/pl\/wp-json\/wp\/v2\/pages\/10\/revisions\/77"}],"wp:attachment":[{"href":"https:\/\/jetxcasinogame.com\/pl\/wp-json\/wp\/v2\/media?parent=10"}],"curies":[{"name":"wp","href":"https:\/\/api.w.org\/{rel}","templated":true}]}}