{"id":8,"date":"2024-03-18T18:21:49","date_gmt":"2024-03-18T15:21:49","guid":{"rendered":"https:\/\/jetxcasinogame.com\/?page_id=8"},"modified":"2024-03-19T01:25:22","modified_gmt":"2024-03-18T22:25:22","slug":"jetx-real-money-game","status":"publish","type":"page","link":"https:\/\/jetxcasinogame.com\/es\/","title":{"rendered":"JetX &#8211; juego con dinero real"},"content":{"rendered":"<h2><strong>\u00bfC\u00f3mo jugar a Jet-X?<\/strong><\/h2>\n<p>Establece tu(s) apuesta(s) en el vuelo y ajusta su tama\u00f1o usando los botones +\/- para cada jugada. El objetivo es permanecer en el juego el mayor tiempo posible y lograr recolectar tus ganancias antes de que el avi\u00f3n \u00abexplote\u00bb. El juego no requiere c\u00e1lculos o estrategias complejas.<\/p>\n<p>La secci\u00f3n a la derecha del campo de juego muestra las acciones de otros jugadores: cu\u00e1ndo y cu\u00e1nto ganaron. Aqu\u00ed tambi\u00e9n puedes encontrar informaci\u00f3n sobre todas tus apuestas para la sesi\u00f3n, lo que facilita el an\u00e1lisis y la planificaci\u00f3n de estrategias. Los jugadores pueden cambiar entre varias pesta\u00f1as: apuestas activas, apuestas personales, estad\u00edsticas.<\/p>\n<p>El lado izquierdo de la interfaz presenta an\u00e1lisis de coeficientes e historial de juego. La indicaci\u00f3n de color (rojo para coeficientes por debajo de 1.5 y verde para coeficientes por encima de 1.5) ayuda a analizar las apuestas pasadas y desarrollar estrategias.<\/p>\n<h2><strong>\u00bfD\u00f3nde puedo jugar al juego Jet X?<\/strong><\/h2>\n<p>Para comenzar a jugar a JetX, elige cuidadosamente un casino, prestando atenci\u00f3n a verificar su confiabilidad y seguridad. El principal criterio de selecci\u00f3n deber\u00eda ser la presencia de una licencia en el casino, que es una garant\u00eda de su honestidad y responsabilidad hacia los jugadores. Las licencias suelen ser emitidas por autoridades de renombre en la industria del juego y confirman el cumplimiento del casino con los est\u00e1ndares y reglas establecidos. La informaci\u00f3n sobre la licencia suele estar publicada en el sitio web oficial del casino, generalmente en la parte inferior, lo que permite a los jugadores potenciales encontrarla y verificarla f\u00e1cilmente.<\/p>\n<p>Despu\u00e9s de elegir el casino, el siguiente paso es el procedimiento de registro en su sitio web. Durante el registro, el jugador deber\u00e1 completar una serie de campos con informaci\u00f3n personal, como nombre, correo electr\u00f3nico y contrase\u00f1a, y confirmar la correcci\u00f3n de los datos ingresados. Esta etapa es extremadamente importante para garantizar la seguridad de la cuenta y las transacciones financieras posteriores.<\/p>\n<p>El \u00faltimo paso para prepararse para jugar es financiar tu cuenta de juego. La mayor\u00eda de los casinos ofrecen varios m\u00e9todos de dep\u00f3sito, incluidas tarjetas bancarias, billeteras electr\u00f3nicas y otros sistemas de pago, lo que brinda a los jugadores flexibilidad para elegir la opci\u00f3n m\u00e1s conveniente.<\/p>\n<p>Finalmente, para comenzar a jugar a JetX, el jugador necesita encontrarlo entre la variedad de entretenimientos de juego ofrecidos. Esto se puede hacer utilizando la funci\u00f3n de b\u00fasqueda en el sitio web del casino o yendo a la secci\u00f3n de juegos.<\/p>\n<h2><strong>Versi\u00f3n de Demostraci\u00f3n de JetX &#8211; Juega Gratis<\/strong><\/h2>\n<p>El juego JetX en modo demostraci\u00f3n es un duplicado completo de la versi\u00f3n principal destinada a jugar con dep\u00f3sito. La diferencia es que las apuestas se realizan utilizando dinero virtual, lo que ayuda a evitar el riesgo de perder el saldo real. Esta opci\u00f3n es adecuada para aquellos que desean familiarizarse con las reglas y caracter\u00edsticas del juego sin gastar sus propios fondos. La apariencia y funcionalidad de la demostraci\u00f3n corresponden totalmente al juego original.<\/p>\n<h2><strong>Descarga la aplicaci\u00f3n m\u00f3vil JetX Bet para dispositivos m\u00f3viles<\/strong><\/h2>\n<h3><strong>JetX Bet para Android<\/strong><\/h3>\n<p>La experiencia de juego m\u00f3vil alcanza un nuevo nivel con la aplicaci\u00f3n JetX Bet para Android. Los usuarios de dispositivos basados en Android pueden disfrutar de juegos r\u00e1pidos y seguros en cualquier momento y lugar. Instala la aplicaci\u00f3n ahora para acceder a una amplia gama de juegos y la capacidad de realizar apuestas sobre la marcha.<\/p>\n<h3><strong>Aplicaci\u00f3n JetX para iOS<\/strong><\/h3>\n<p>Los propietarios de dispositivos Apple tampoco se quedar\u00e1n fuera del emocionante mundo de las apuestas con la aplicaci\u00f3n JetX para iOS. Esta aplicaci\u00f3n proporciona una sesi\u00f3n de juego suave e intuitiva adaptada para el ecosistema iOS. Descarga la aplicaci\u00f3n desde la App Store para comenzar a jugar a JetX est\u00e9s donde est\u00e9s.<\/p>\n<h2><strong>Dep\u00f3sitos y Retiros en JetX<\/strong><\/h2>\n<p>El juego ofrece un sistema conveniente para gestionar apuestas y retiros de efectivo. El sistema de reproducci\u00f3n autom\u00e1tica permite a los usuarios establecer la repetici\u00f3n autom\u00e1tica de la apuesta seleccionada en rondas posteriores, lo que proporciona la oportunidad de jugar sin interrupciones. Esta funci\u00f3n est\u00e1 disponible para apuestas simples y dobles.<\/p>\n<p>Adem\u00e1s, la funcionalidad del juego incluye el retiro autom\u00e1tico de ganancias. Esto significa que la apuesta del usuario se fijar\u00e1 y retirar\u00e1 autom\u00e1ticamente tan pronto como se alcance un cierto coeficiente. Este enfoque minimiza los riesgos y permite a los jugadores controlar su bankroll. En cualquier momento, antes del retiro autom\u00e1tico de la apuesta, el jugador tiene derecho a retirar dinero de forma independiente.<\/p>\n","protected":false},"excerpt":{"rendered":"<p>\u00bfC\u00f3mo jugar a Jet-X? Establece tu(s) apuesta(s) en el vuelo y ajusta su tama\u00f1o usando los botones +\/- para cada jugada. El objetivo es permanecer en el juego el mayor tiempo posible y lograr recolectar tus ganancias antes de que el avi\u00f3n \u00abexplote\u00bb. El juego no requiere c\u00e1lculos o estrategias complejas. La secci\u00f3n a la derecha del campo de juego muestra las acciones de otros jugadores: cu\u00e1ndo y cu\u00e1nto ganaron. Aqu\u00ed tambi\u00e9n puedes encontrar informaci\u00f3n&hellip; <\/p>\n","protected":false},"author":1,"featured_media":0,"parent":0,"menu_order":0,"comment_status":"closed","ping_status":"closed","template":"","meta":{"footnotes":""},"class_list":["post-8","page","type-page","status-publish","hentry"],"yoast_head":"<!-- This site is optimized with the Yoast SEO plugin v27.2 - https:\/\/yoast.com\/product\/yoast-seo-wordpress\/ -->\n<title>Graj w gr\u0119 JetX w kasynie na prawdziwe pieni\u0105dze<\/title>\n<meta name=\"description\" content=\"Si has decidido jugar al juego de azar JetX en un casino en l\u00ednea, entonces hemos reunido toda la informaci\u00f3n. D\u00f3nde jugar, demo, jugar gratis, hacer un dep\u00f3sito y retirar ganancias.\" \/>\n<meta name=\"robots\" content=\"index, follow, max-snippet:-1, max-image-preview:large, max-video-preview:-1\" \/>\n<link rel=\"canonical\" href=\"https:\/\/jetxcasinogame.com\/es\/\" \/>\n<meta property=\"og:locale\" content=\"es_ES\" \/>\n<meta property=\"og:locale:alternate\" content=\"ru_RU\" \/>\n<meta property=\"og:locale:alternate\" content=\"en_US\" \/>\n<meta property=\"og:locale:alternate\" content=\"pt_PT\" \/>\n<meta property=\"og:locale:alternate\" content=\"ro_RO\" \/>\n<meta property=\"og:locale:alternate\" content=\"sr_RS\" \/>\n<meta property=\"og:locale:alternate\" content=\"bg_BG\" \/>\n<meta property=\"og:locale:alternate\" content=\"pl_PL\" \/>\n<meta property=\"og:type\" content=\"article\" \/>\n<meta property=\"og:title\" content=\"Graj w gr\u0119 JetX w kasynie na prawdziwe pieni\u0105dze\" \/>\n<meta property=\"og:description\" content=\"Je\u015bli zdecydowa\u0142e\u015b si\u0119 zagra\u0107 w gr\u0119 hazardow\u0105 JetX w kasynie internetowym, to zebrali\u015bmy wszystkie informacje. Gdzie gra\u0107, demo, gra\u0107 za darmo, dokona\u0107 depozytu i wyp\u0142aci\u0107 wygrane.\" \/>\n<meta property=\"og:url\" content=\"https:\/\/jetxcasinogame.com\/es\/\" \/>\n<meta property=\"og:site_name\" content=\"JetX\" \/>\n<meta property=\"article:modified_time\" content=\"2024-03-18T22:25:22+00:00\" \/>\n<meta name=\"twitter:card\" content=\"summary_large_image\" \/>\n<meta name=\"twitter:label1\" content=\"Tiempo de lectura\" \/>\n\t<meta name=\"twitter:data1\" content=\"19 minutos\" \/>\n<script type=\"application\/ld+json\" class=\"yoast-schema-graph\">{\"@context\":\"https:\/\/schema.org\",\"@graph\":[{\"@type\":\"WebPage\",\"@id\":\"https:\/\/jetxcasinogame.com\/\",\"url\":\"https:\/\/jetxcasinogame.com\/\",\"name\":\"Graj w gr\u0119 JetX w kasynie na prawdziwe pieni\u0105dze\",\"isPartOf\":{\"@id\":\"https:\/\/jetxcasinogame.com\/#website\"},\"datePublished\":\"2024-03-18T15:21:49+00:00\",\"dateModified\":\"2024-03-18T22:25:22+00:00\",\"description\":\"Je\u015bli zdecydowa\u0142e\u015b si\u0119 zagra\u0107 w gr\u0119 hazardow\u0105 JetX w kasynie internetowym, to zebrali\u015bmy wszystkie informacje. Gdzie gra\u0107, demo, gra\u0107 za darmo, dokona\u0107 depozytu i wyp\u0142aci\u0107 wygrane.\",\"breadcrumb\":{\"@id\":\"https:\/\/jetxcasinogame.com\/#breadcrumb\"},\"inLanguage\":\"es-ES\",\"potentialAction\":[{\"@type\":\"ReadAction\",\"target\":[\"https:\/\/jetxcasinogame.com\/\"]}]},{\"@type\":\"BreadcrumbList\",\"@id\":\"https:\/\/jetxcasinogame.com\/#breadcrumb\",\"itemListElement\":[{\"@type\":\"ListItem\",\"position\":1,\"name\":\"\u0413\u043b\u0430\u0432\u043d\u0430\u044f \u0441\u0442\u0440\u0430\u043d\u0438\u0446\u0430\",\"item\":\"https:\/\/jetxcasinogame.com\/\"},{\"@type\":\"ListItem\",\"position\":2,\"name\":\"JetX &#8212; gra na prawdziwe pieni\u0105dze\"}]},{\"@type\":\"WebSite\",\"@id\":\"https:\/\/jetxcasinogame.com\/#website\",\"url\":\"https:\/\/jetxcasinogame.com\/\",\"name\":\"JetX\",\"description\":\"\",\"publisher\":{\"@id\":\"https:\/\/jetxcasinogame.com\/#organization\"},\"potentialAction\":[{\"@type\":\"SearchAction\",\"target\":{\"@type\":\"EntryPoint\",\"urlTemplate\":\"https:\/\/jetxcasinogame.com\/?s={search_term_string}\"},\"query-input\":{\"@type\":\"PropertyValueSpecification\",\"valueRequired\":true,\"valueName\":\"search_term_string\"}}],\"inLanguage\":\"es-ES\"},{\"@type\":\"Organization\",\"@id\":\"https:\/\/jetxcasinogame.com\/#organization\",\"name\":\"JetX\",\"url\":\"https:\/\/jetxcasinogame.com\/\",\"logo\":{\"@type\":\"ImageObject\",\"inLanguage\":\"es-ES\",\"@id\":\"https:\/\/jetxcasinogame.com\/#\/schema\/logo\/image\/\",\"url\":\"https:\/\/jetxcasinogame.com\/wp-content\/uploads\/cropped-logo.png\",\"contentUrl\":\"https:\/\/jetxcasinogame.com\/wp-content\/uploads\/cropped-logo.png\",\"width\":328,\"height\":119,\"caption\":\"JetX\"},\"image\":{\"@id\":\"https:\/\/jetxcasinogame.com\/#\/schema\/logo\/image\/\"}}]}<\/script>\n<!-- \/ Yoast SEO plugin. -->","yoast_head_json":{"title":"Graj w gr\u0119 JetX w kasynie na prawdziwe pieni\u0105dze","description":"Si has decidido jugar al juego de azar JetX en un casino en l\u00ednea, entonces hemos reunido toda la informaci\u00f3n. D\u00f3nde jugar, demo, jugar gratis, hacer un dep\u00f3sito y retirar ganancias.","robots":{"index":"index","follow":"follow","max-snippet":"max-snippet:-1","max-image-preview":"max-image-preview:large","max-video-preview":"max-video-preview:-1"},"canonical":"https:\/\/jetxcasinogame.com\/es\/","og_locale":"es_ES","og_type":"article","og_title":"Graj w gr\u0119 JetX w kasynie na prawdziwe pieni\u0105dze","og_description":"Je\u015bli zdecydowa\u0142e\u015b si\u0119 zagra\u0107 w gr\u0119 hazardow\u0105 JetX w kasynie internetowym, to zebrali\u015bmy wszystkie informacje. Gdzie gra\u0107, demo, gra\u0107 za darmo, dokona\u0107 depozytu i wyp\u0142aci\u0107 wygrane.","og_url":"https:\/\/jetxcasinogame.com\/es\/","og_site_name":"JetX","article_modified_time":"2024-03-18T22:25:22+00:00","twitter_card":"summary_large_image","twitter_misc":{"Tiempo de lectura":"19 minutos"},"schema":{"@context":"https:\/\/schema.org","@graph":[{"@type":"WebPage","@id":"https:\/\/jetxcasinogame.com\/","url":"https:\/\/jetxcasinogame.com\/","name":"Graj w gr\u0119 JetX w kasynie na prawdziwe pieni\u0105dze","isPartOf":{"@id":"https:\/\/jetxcasinogame.com\/#website"},"datePublished":"2024-03-18T15:21:49+00:00","dateModified":"2024-03-18T22:25:22+00:00","description":"Je\u015bli zdecydowa\u0142e\u015b si\u0119 zagra\u0107 w gr\u0119 hazardow\u0105 JetX w kasynie internetowym, to zebrali\u015bmy wszystkie informacje. Gdzie gra\u0107, demo, gra\u0107 za darmo, dokona\u0107 depozytu i wyp\u0142aci\u0107 wygrane.","breadcrumb":{"@id":"https:\/\/jetxcasinogame.com\/#breadcrumb"},"inLanguage":"es-ES","potentialAction":[{"@type":"ReadAction","target":["https:\/\/jetxcasinogame.com\/"]}]},{"@type":"BreadcrumbList","@id":"https:\/\/jetxcasinogame.com\/#breadcrumb","itemListElement":[{"@type":"ListItem","position":1,"name":"\u0413\u043b\u0430\u0432\u043d\u0430\u044f \u0441\u0442\u0440\u0430\u043d\u0438\u0446\u0430","item":"https:\/\/jetxcasinogame.com\/"},{"@type":"ListItem","position":2,"name":"JetX &#8212; gra na prawdziwe pieni\u0105dze"}]},{"@type":"WebSite","@id":"https:\/\/jetxcasinogame.com\/#website","url":"https:\/\/jetxcasinogame.com\/","name":"JetX","description":"","publisher":{"@id":"https:\/\/jetxcasinogame.com\/#organization"},"potentialAction":[{"@type":"SearchAction","target":{"@type":"EntryPoint","urlTemplate":"https:\/\/jetxcasinogame.com\/?s={search_term_string}"},"query-input":{"@type":"PropertyValueSpecification","valueRequired":true,"valueName":"search_term_string"}}],"inLanguage":"es-ES"},{"@type":"Organization","@id":"https:\/\/jetxcasinogame.com\/#organization","name":"JetX","url":"https:\/\/jetxcasinogame.com\/","logo":{"@type":"ImageObject","inLanguage":"es-ES","@id":"https:\/\/jetxcasinogame.com\/#\/schema\/logo\/image\/","url":"https:\/\/jetxcasinogame.com\/wp-content\/uploads\/cropped-logo.png","contentUrl":"https:\/\/jetxcasinogame.com\/wp-content\/uploads\/cropped-logo.png","width":328,"height":119,"caption":"JetX"},"image":{"@id":"https:\/\/jetxcasinogame.com\/#\/schema\/logo\/image\/"}}]}},"_links":{"self":[{"href":"https:\/\/jetxcasinogame.com\/es\/wp-json\/wp\/v2\/pages\/8","targetHints":{"allow":["GET"]}}],"collection":[{"href":"https:\/\/jetxcasinogame.com\/es\/wp-json\/wp\/v2\/pages"}],"about":[{"href":"https:\/\/jetxcasinogame.com\/es\/wp-json\/wp\/v2\/types\/page"}],"author":[{"embeddable":true,"href":"https:\/\/jetxcasinogame.com\/es\/wp-json\/wp\/v2\/users\/1"}],"replies":[{"embeddable":true,"href":"https:\/\/jetxcasinogame.com\/es\/wp-json\/wp\/v2\/comments?post=8"}],"version-history":[{"count":16,"href":"https:\/\/jetxcasinogame.com\/es\/wp-json\/wp\/v2\/pages\/8\/revisions"}],"predecessor-version":[{"id":74,"href":"https:\/\/jetxcasinogame.com\/es\/wp-json\/wp\/v2\/pages\/8\/revisions\/74"}],"wp:attachment":[{"href":"https:\/\/jetxcasinogame.com\/es\/wp-json\/wp\/v2\/media?parent=8"}],"curies":[{"name":"wp","href":"https:\/\/api.w.org\/{rel}","templated":true}]}}