{"id":12,"date":"2024-03-18T18:29:41","date_gmt":"2024-03-18T15:29:41","guid":{"rendered":"https:\/\/jetxcasinogame.com\/?page_id=12"},"modified":"2024-03-19T01:25:56","modified_gmt":"2024-03-18T22:25:56","slug":"betting-strategy-on-jetx-best-gaming-tips","status":"publish","type":"page","link":"https:\/\/jetxcasinogame.com\/es\/betting-strategy-on-jetx-best-gaming-tips\/","title":{"rendered":"Estrategia de apuestas en JetX: mejores consejos de juego"},"content":{"rendered":"<p>Encontrar\u00e1s muchas opciones de apuestas en el juego JetX, por lo que es importante determinar tu estrategia de juego lo m\u00e1s r\u00e1pido posible, ya que no solo tus ganancias dependen de ello, sino tambi\u00e9n tu satisfacci\u00f3n con el juego. Consideremos las estrategias m\u00e1s populares:<\/p>\n<ul>\n<li>\n<h2><strong>Estrategia de Enfoque Equilibrado<\/strong><\/h2>\n<\/li>\n<\/ul>\n<p>Este m\u00e9todo se basa en elegir un multiplicador fijo para el retiro autom\u00e1tico, con ajustes posteriores seg\u00fan la historia de rondas anteriores.<\/p>\n<p>Comienza con un multiplicador moderado. Por ejemplo, elige un multiplicador de 2x como tu punto inicial para el retiro autom\u00e1tico. Esto significa que recolectar\u00e1s tus ganancias cada vez que el multiplicador alcance este valor.<\/p>\n<p>Monitorea cuidadosamente el historial de juego y las estad\u00edsticas. Si notas que la mayor\u00eda de las rondas terminan con un multiplicador mayor que 2x, considera aumentar tu multiplicador de retiro.<\/p>\n<p>Despu\u00e9s de cada 10-20 rondas, analiza y determina si ajustar\u00e1s tu multiplicador de retiro hacia arriba o hacia abajo. Si el juego falla m\u00e1s a menudo en n\u00fameros bajos, baja tu resultado deseado para minimizar los riesgos. Si el juego muestra consistentemente valores altos, intenta aumentar tu multiplicador de retiro para aumentar las ganancias potenciales.<\/p>\n<p>Consideremos un ejemplo de uso. Supongamos que comenzaste el juego con un multiplicador de retiro autom\u00e1tico de 2x. Despu\u00e9s de 20 juegos, notaste que en 15 de ellos, el multiplicador era mayor que 2x. En este caso, puedes decidir aumentar el multiplicador a 2.5x para aumentar las ganancias potenciales. Sin embargo, si en las rondas posteriores notas que el juego falla m\u00e1s a menudo antes de alcanzar 2.5x, regresa a un n\u00famero menor.<\/p>\n<ul>\n<li>\n<h2><strong>Estrategia de Scalping Intuitivo<\/strong><\/h2>\n<\/li>\n<\/ul>\n<p>Este principio se basa en ganancias peque\u00f1as pero frecuentes, donde el jugador realiza apuestas con el objetivo de retirar r\u00e1pidamente los fondos cuando se alcanza un peque\u00f1o multiplicador. La caracter\u00edstica es el uso activo de estad\u00edsticas de apuestas de otros jugadores y el historial de multiplicadores para \u00abscalpear\u00bb una peque\u00f1a ganancia de cada ronda.<\/p>\n<p>Elige un multiplicador inicial. Establece un multiplicador bajo para el retiro autom\u00e1tico, por ejemplo, de 1.1x a 1.5x.<\/p>\n<p>Observa las apuestas y ganancias de otros jugadores. Usa la informaci\u00f3n sobre las apuestas y ganancias de otros jugadores para formar una comprensi\u00f3n del comportamiento actual del juego. Si la mayor\u00eda de los jugadores recolectan sus ganancias en multiplicadores bajos, puede ser un buen momento para el scalping intuitivo.<\/p>\n<p>Si notas que el juego regularmente alcanza un multiplicador mayor que el tuyo inicial, aumenta gradualmente para el retiro autom\u00e1tico. En caso de fallas m\u00e1s frecuentes en niveles bajos, disminuye tu multiplicador para minimizar los riesgos.<\/p>\n<p>Ejemplo de uso. Supongamos que comenzaste con un multiplicador de 1.2x y recolectaste peque\u00f1as ganancias con \u00e9xito. De repente, notas que en las \u00faltimas rondas, el n\u00famero consistentemente supera los 2x. Usando esta informaci\u00f3n, decides aumentar intuitivamente el multiplicador de retiro a 1.5x en las pr\u00f3ximas rondas, lo que te permite aumentar tu ganancia manteniendo un nivel de riesgo bajo.<\/p>\n","protected":false},"excerpt":{"rendered":"<p>Encontrar\u00e1s muchas opciones de apuestas en el juego JetX, por lo que es importante determinar tu estrategia de juego lo m\u00e1s r\u00e1pido posible, ya que no solo tus ganancias dependen de ello, sino tambi\u00e9n tu satisfacci\u00f3n con el juego. Consideremos las estrategias m\u00e1s populares: Estrategia de Enfoque Equilibrado Este m\u00e9todo se basa en elegir un multiplicador fijo para el retiro autom\u00e1tico, con ajustes posteriores seg\u00fan la historia de rondas anteriores. Comienza con un multiplicador moderado.&hellip; <\/p>\n","protected":false},"author":1,"featured_media":0,"parent":0,"menu_order":0,"comment_status":"closed","ping_status":"closed","template":"","meta":{"footnotes":""},"class_list":["post-12","page","type-page","status-publish","hentry"],"yoast_head":"<!-- This site is optimized with the Yoast SEO plugin v27.2 - https:\/\/yoast.com\/product\/yoast-seo-wordpress\/ -->\n<title>\u0421\u0442\u0440\u0430\u0442\u0435\u0433\u0438\u044f \u0441\u0442\u0430\u0432\u043e\u043a \u0432 \u0438\u0433\u0440\u0435 JetX<\/title>\n<meta name=\"description\" content=\"Elija la mejor estrategia y t\u00e1ctica para realizar apuestas en la tragamonedas JetX. Juegue y gane en JetX con los mejores casinos en l\u00ednea.\" \/>\n<meta name=\"robots\" content=\"index, follow, max-snippet:-1, max-image-preview:large, max-video-preview:-1\" \/>\n<link rel=\"canonical\" href=\"https:\/\/jetxcasinogame.com\/es\/betting-strategy-on-jetx-best-gaming-tips\/\" \/>\n<meta property=\"og:locale\" content=\"es_ES\" \/>\n<meta property=\"og:locale:alternate\" content=\"ru_RU\" \/>\n<meta property=\"og:locale:alternate\" content=\"en_US\" \/>\n<meta property=\"og:locale:alternate\" content=\"pt_PT\" \/>\n<meta property=\"og:locale:alternate\" content=\"ro_RO\" \/>\n<meta property=\"og:locale:alternate\" content=\"sr_RS\" \/>\n<meta property=\"og:locale:alternate\" content=\"bg_BG\" \/>\n<meta property=\"og:locale:alternate\" content=\"pl_PL\" \/>\n<meta property=\"og:type\" content=\"article\" \/>\n<meta property=\"og:title\" content=\"\u0421\u0442\u0440\u0430\u0442\u0435\u0433\u0438\u044f \u0441\u0442\u0430\u0432\u043e\u043a \u0432 \u0438\u0433\u0440\u0435 JetX\" \/>\n<meta property=\"og:description\" content=\"\u0412\u044b\u0431\u0440\u0430\u0442\u044c \u043b\u0443\u0447\u0448\u0443\u044e \u0441\u0442\u0440\u0430\u0442\u0435\u0433\u0438\u044e \u0438 \u0442\u0430\u043a\u0442\u0438\u043a\u0443 \u043a\u0430\u043a \u0434\u0435\u043b\u0430\u0442\u044c \u0441\u0442\u0430\u0432\u043a\u0443 \u0432 \u0441\u043b\u043e\u0442\u0435 JetX. \u0418\u0433\u0440\u0430\u0435\u043c \u0438 \u0432\u044b\u0438\u0433\u0440\u044b\u0432\u0430\u0435\u043c \u0432 JetX \u0441 \u043b\u0443\u0447\u0448\u0438\u043c\u0438 \u043e\u043d\u043b\u0430\u0439\u043d \u043a\u0430\u0437\u0438\u043d\u043e\" \/>\n<meta property=\"og:url\" content=\"https:\/\/jetxcasinogame.com\/es\/betting-strategy-on-jetx-best-gaming-tips\/\" \/>\n<meta property=\"og:site_name\" content=\"JetX\" \/>\n<meta property=\"article:modified_time\" content=\"2024-03-18T22:25:56+00:00\" \/>\n<meta name=\"twitter:card\" content=\"summary_large_image\" \/>\n<meta name=\"twitter:label1\" content=\"Tiempo de lectura\" \/>\n\t<meta name=\"twitter:data1\" content=\"13 minutos\" \/>\n<script type=\"application\/ld+json\" class=\"yoast-schema-graph\">{\"@context\":\"https:\/\/schema.org\",\"@graph\":[{\"@type\":\"WebPage\",\"@id\":\"https:\/\/jetxcasinogame.com\/betting-strategy-on-jetx-best-gaming-tips\/\",\"url\":\"https:\/\/jetxcasinogame.com\/betting-strategy-on-jetx-best-gaming-tips\/\",\"name\":\"\u0421\u0442\u0440\u0430\u0442\u0435\u0433\u0438\u044f \u0441\u0442\u0430\u0432\u043e\u043a \u0432 \u0438\u0433\u0440\u0435 JetX\",\"isPartOf\":{\"@id\":\"https:\/\/jetxcasinogame.com\/#website\"},\"datePublished\":\"2024-03-18T15:29:41+00:00\",\"dateModified\":\"2024-03-18T22:25:56+00:00\",\"description\":\"\u0412\u044b\u0431\u0440\u0430\u0442\u044c \u043b\u0443\u0447\u0448\u0443\u044e \u0441\u0442\u0440\u0430\u0442\u0435\u0433\u0438\u044e \u0438 \u0442\u0430\u043a\u0442\u0438\u043a\u0443 \u043a\u0430\u043a \u0434\u0435\u043b\u0430\u0442\u044c \u0441\u0442\u0430\u0432\u043a\u0443 \u0432 \u0441\u043b\u043e\u0442\u0435 JetX. \u0418\u0433\u0440\u0430\u0435\u043c \u0438 \u0432\u044b\u0438\u0433\u0440\u044b\u0432\u0430\u0435\u043c \u0432 JetX \u0441 \u043b\u0443\u0447\u0448\u0438\u043c\u0438 \u043e\u043d\u043b\u0430\u0439\u043d \u043a\u0430\u0437\u0438\u043d\u043e\",\"breadcrumb\":{\"@id\":\"https:\/\/jetxcasinogame.com\/betting-strategy-on-jetx-best-gaming-tips\/#breadcrumb\"},\"inLanguage\":\"es-ES\",\"potentialAction\":[{\"@type\":\"ReadAction\",\"target\":[\"https:\/\/jetxcasinogame.com\/betting-strategy-on-jetx-best-gaming-tips\/\"]}]},{\"@type\":\"BreadcrumbList\",\"@id\":\"https:\/\/jetxcasinogame.com\/betting-strategy-on-jetx-best-gaming-tips\/#breadcrumb\",\"itemListElement\":[{\"@type\":\"ListItem\",\"position\":1,\"name\":\"\u0413\u043b\u0430\u0432\u043d\u0430\u044f \u0441\u0442\u0440\u0430\u043d\u0438\u0446\u0430\",\"item\":\"https:\/\/jetxcasinogame.com\/\"},{\"@type\":\"ListItem\",\"position\":2,\"name\":\"\u0421\u0442\u0440\u0430\u0442\u0435\u0433\u0438\u044f \u0441\u0442\u0430\u0432\u043e\u043a \u043d\u0430 JetX: \u043b\u0443\u0447\u0448\u0438\u0435 \u0441\u043e\u0432\u0435\u0442\u044b \u043f\u043e \u0438\u0433\u0440\u0435\"}]},{\"@type\":\"WebSite\",\"@id\":\"https:\/\/jetxcasinogame.com\/#website\",\"url\":\"https:\/\/jetxcasinogame.com\/\",\"name\":\"JetX\",\"description\":\"\",\"publisher\":{\"@id\":\"https:\/\/jetxcasinogame.com\/#organization\"},\"potentialAction\":[{\"@type\":\"SearchAction\",\"target\":{\"@type\":\"EntryPoint\",\"urlTemplate\":\"https:\/\/jetxcasinogame.com\/?s={search_term_string}\"},\"query-input\":{\"@type\":\"PropertyValueSpecification\",\"valueRequired\":true,\"valueName\":\"search_term_string\"}}],\"inLanguage\":\"es-ES\"},{\"@type\":\"Organization\",\"@id\":\"https:\/\/jetxcasinogame.com\/#organization\",\"name\":\"JetX\",\"url\":\"https:\/\/jetxcasinogame.com\/\",\"logo\":{\"@type\":\"ImageObject\",\"inLanguage\":\"es-ES\",\"@id\":\"https:\/\/jetxcasinogame.com\/#\/schema\/logo\/image\/\",\"url\":\"https:\/\/jetxcasinogame.com\/wp-content\/uploads\/cropped-logo.png\",\"contentUrl\":\"https:\/\/jetxcasinogame.com\/wp-content\/uploads\/cropped-logo.png\",\"width\":328,\"height\":119,\"caption\":\"JetX\"},\"image\":{\"@id\":\"https:\/\/jetxcasinogame.com\/#\/schema\/logo\/image\/\"}}]}<\/script>\n<!-- \/ Yoast SEO plugin. -->","yoast_head_json":{"title":"\u0421\u0442\u0440\u0430\u0442\u0435\u0433\u0438\u044f \u0441\u0442\u0430\u0432\u043e\u043a \u0432 \u0438\u0433\u0440\u0435 JetX","description":"Elija la mejor estrategia y t\u00e1ctica para realizar apuestas en la tragamonedas JetX. Juegue y gane en JetX con los mejores casinos en l\u00ednea.","robots":{"index":"index","follow":"follow","max-snippet":"max-snippet:-1","max-image-preview":"max-image-preview:large","max-video-preview":"max-video-preview:-1"},"canonical":"https:\/\/jetxcasinogame.com\/es\/betting-strategy-on-jetx-best-gaming-tips\/","og_locale":"es_ES","og_type":"article","og_title":"\u0421\u0442\u0440\u0430\u0442\u0435\u0433\u0438\u044f \u0441\u0442\u0430\u0432\u043e\u043a \u0432 \u0438\u0433\u0440\u0435 JetX","og_description":"\u0412\u044b\u0431\u0440\u0430\u0442\u044c \u043b\u0443\u0447\u0448\u0443\u044e \u0441\u0442\u0440\u0430\u0442\u0435\u0433\u0438\u044e \u0438 \u0442\u0430\u043a\u0442\u0438\u043a\u0443 \u043a\u0430\u043a \u0434\u0435\u043b\u0430\u0442\u044c \u0441\u0442\u0430\u0432\u043a\u0443 \u0432 \u0441\u043b\u043e\u0442\u0435 JetX. \u0418\u0433\u0440\u0430\u0435\u043c \u0438 \u0432\u044b\u0438\u0433\u0440\u044b\u0432\u0430\u0435\u043c \u0432 JetX \u0441 \u043b\u0443\u0447\u0448\u0438\u043c\u0438 \u043e\u043d\u043b\u0430\u0439\u043d \u043a\u0430\u0437\u0438\u043d\u043e","og_url":"https:\/\/jetxcasinogame.com\/es\/betting-strategy-on-jetx-best-gaming-tips\/","og_site_name":"JetX","article_modified_time":"2024-03-18T22:25:56+00:00","twitter_card":"summary_large_image","twitter_misc":{"Tiempo de lectura":"13 minutos"},"schema":{"@context":"https:\/\/schema.org","@graph":[{"@type":"WebPage","@id":"https:\/\/jetxcasinogame.com\/betting-strategy-on-jetx-best-gaming-tips\/","url":"https:\/\/jetxcasinogame.com\/betting-strategy-on-jetx-best-gaming-tips\/","name":"\u0421\u0442\u0440\u0430\u0442\u0435\u0433\u0438\u044f \u0441\u0442\u0430\u0432\u043e\u043a \u0432 \u0438\u0433\u0440\u0435 JetX","isPartOf":{"@id":"https:\/\/jetxcasinogame.com\/#website"},"datePublished":"2024-03-18T15:29:41+00:00","dateModified":"2024-03-18T22:25:56+00:00","description":"\u0412\u044b\u0431\u0440\u0430\u0442\u044c \u043b\u0443\u0447\u0448\u0443\u044e \u0441\u0442\u0440\u0430\u0442\u0435\u0433\u0438\u044e \u0438 \u0442\u0430\u043a\u0442\u0438\u043a\u0443 \u043a\u0430\u043a \u0434\u0435\u043b\u0430\u0442\u044c \u0441\u0442\u0430\u0432\u043a\u0443 \u0432 \u0441\u043b\u043e\u0442\u0435 JetX. \u0418\u0433\u0440\u0430\u0435\u043c \u0438 \u0432\u044b\u0438\u0433\u0440\u044b\u0432\u0430\u0435\u043c \u0432 JetX \u0441 \u043b\u0443\u0447\u0448\u0438\u043c\u0438 \u043e\u043d\u043b\u0430\u0439\u043d \u043a\u0430\u0437\u0438\u043d\u043e","breadcrumb":{"@id":"https:\/\/jetxcasinogame.com\/betting-strategy-on-jetx-best-gaming-tips\/#breadcrumb"},"inLanguage":"es-ES","potentialAction":[{"@type":"ReadAction","target":["https:\/\/jetxcasinogame.com\/betting-strategy-on-jetx-best-gaming-tips\/"]}]},{"@type":"BreadcrumbList","@id":"https:\/\/jetxcasinogame.com\/betting-strategy-on-jetx-best-gaming-tips\/#breadcrumb","itemListElement":[{"@type":"ListItem","position":1,"name":"\u0413\u043b\u0430\u0432\u043d\u0430\u044f \u0441\u0442\u0440\u0430\u043d\u0438\u0446\u0430","item":"https:\/\/jetxcasinogame.com\/"},{"@type":"ListItem","position":2,"name":"\u0421\u0442\u0440\u0430\u0442\u0435\u0433\u0438\u044f \u0441\u0442\u0430\u0432\u043e\u043a \u043d\u0430 JetX: \u043b\u0443\u0447\u0448\u0438\u0435 \u0441\u043e\u0432\u0435\u0442\u044b \u043f\u043e \u0438\u0433\u0440\u0435"}]},{"@type":"WebSite","@id":"https:\/\/jetxcasinogame.com\/#website","url":"https:\/\/jetxcasinogame.com\/","name":"JetX","description":"","publisher":{"@id":"https:\/\/jetxcasinogame.com\/#organization"},"potentialAction":[{"@type":"SearchAction","target":{"@type":"EntryPoint","urlTemplate":"https:\/\/jetxcasinogame.com\/?s={search_term_string}"},"query-input":{"@type":"PropertyValueSpecification","valueRequired":true,"valueName":"search_term_string"}}],"inLanguage":"es-ES"},{"@type":"Organization","@id":"https:\/\/jetxcasinogame.com\/#organization","name":"JetX","url":"https:\/\/jetxcasinogame.com\/","logo":{"@type":"ImageObject","inLanguage":"es-ES","@id":"https:\/\/jetxcasinogame.com\/#\/schema\/logo\/image\/","url":"https:\/\/jetxcasinogame.com\/wp-content\/uploads\/cropped-logo.png","contentUrl":"https:\/\/jetxcasinogame.com\/wp-content\/uploads\/cropped-logo.png","width":328,"height":119,"caption":"JetX"},"image":{"@id":"https:\/\/jetxcasinogame.com\/#\/schema\/logo\/image\/"}}]}},"_links":{"self":[{"href":"https:\/\/jetxcasinogame.com\/es\/wp-json\/wp\/v2\/pages\/12","targetHints":{"allow":["GET"]}}],"collection":[{"href":"https:\/\/jetxcasinogame.com\/es\/wp-json\/wp\/v2\/pages"}],"about":[{"href":"https:\/\/jetxcasinogame.com\/es\/wp-json\/wp\/v2\/types\/page"}],"author":[{"embeddable":true,"href":"https:\/\/jetxcasinogame.com\/es\/wp-json\/wp\/v2\/users\/1"}],"replies":[{"embeddable":true,"href":"https:\/\/jetxcasinogame.com\/es\/wp-json\/wp\/v2\/comments?post=12"}],"version-history":[{"count":15,"href":"https:\/\/jetxcasinogame.com\/es\/wp-json\/wp\/v2\/pages\/12\/revisions"}],"predecessor-version":[{"id":76,"href":"https:\/\/jetxcasinogame.com\/es\/wp-json\/wp\/v2\/pages\/12\/revisions\/76"}],"wp:attachment":[{"href":"https:\/\/jetxcasinogame.com\/es\/wp-json\/wp\/v2\/media?parent=12"}],"curies":[{"name":"wp","href":"https:\/\/api.w.org\/{rel}","templated":true}]}}