{"id":10,"date":"2024-03-18T18:25:24","date_gmt":"2024-03-18T15:25:24","guid":{"rendered":"https:\/\/jetxcasinogame.com\/?page_id=10"},"modified":"2024-03-19T01:26:07","modified_gmt":"2024-03-18T22:26:07","slug":"frequently-asked-questions-about-jetx","status":"publish","type":"page","link":"https:\/\/jetxcasinogame.com\/es\/frequently-asked-questions-about-jetx\/","title":{"rendered":"Preguntas frecuentes sobre JetX"},"content":{"rendered":"<p>Cualquier jugador que est\u00e9 comenzando a jugar JetX est\u00e1 pensando en muchas preguntas que surgen en su cabeza. Hemos recopilado las preguntas y respuestas m\u00e1s populares:<\/p>\n<ul>\n<li>\n<h3><strong>\u00bfQu\u00e9 es el juego JetX?<\/strong><\/h3>\n<\/li>\n<\/ul>\n<p>El juego en l\u00ednea JetX es un juego de azar de SmartSoft Gaming, que representa un juego de colisi\u00f3n donde los jugadores realizan apuestas sobre el vuelo de un avi\u00f3n a reacci\u00f3n, con el objetivo de recoger ganancias antes de que se estrelle. Es una tragamonedas muy popular jugada por jugadores de todo el mundo.<\/p>\n<ul>\n<li>\n<h3><strong>\u00bfC\u00f3mo jugar JetX?<\/strong><\/h3>\n<\/li>\n<\/ul>\n<p>Puedes jugar a JetX Bet realizando una o dos apuestas antes de que despegue el avi\u00f3n, con la opci\u00f3n de recoger ganancias en cualquier momento antes del choque.<\/p>\n<ul>\n<li>\n<h3><strong>\u00bfHay una versi\u00f3n m\u00f3vil para Jet X?<\/strong><\/h3>\n<\/li>\n<\/ul>\n<p>La versi\u00f3n m\u00f3vil de JetX est\u00e1 disponible, ofreciendo una experiencia de juego conveniente en dispositivos m\u00f3viles. Sin embargo, esto depende del sitio web del casino en l\u00ednea donde encontrar\u00e1 la informaci\u00f3n m\u00e1s reciente sobre este tema.<\/p>\n<ul>\n<li>\n<h3><strong>\u00bfQu\u00e9 estrategias debo usar para maximizar mis posibilidades de ganar?<\/strong><\/h3>\n<\/li>\n<\/ul>\n<p>Las estrategias para maximizar tus posibilidades de ganar incluyen establecer un multiplicador fijo para el retiro autom\u00e1tico, aplicar la estrategia de Martingala, trailing stop-loss y rastrear estad\u00edsticas para adaptar tu estrategia. Puedes leer m\u00e1s sobre estrategias de juego en nuestro sitio web.<\/p>\n<ul>\n<li>\n<h3><strong>\u00bfSon instant\u00e1neos los dep\u00f3sitos y retiros en JetX?<\/strong><\/h3>\n<\/li>\n<\/ul>\n<p>Los dep\u00f3sitos y retiros en JetX pueden procesarse a diferentes velocidades, dependiendo del m\u00e9todo de pago elegido, pero en general, el proceso debe ser r\u00e1pido.<\/p>\n<ul>\n<li>\n<h3><strong>\u00bfC\u00f3mo puedo cobrar mis ganancias?<\/strong><\/h3>\n<\/li>\n<\/ul>\n<p>Puedes cobrar tus ganancias utilizando la funci\u00f3n de recolecci\u00f3n de ganancias en el juego antes de que el avi\u00f3n se estrelle, despu\u00e9s de lo cual las ganancias se acreditar\u00e1n en tu cuenta de casino.<\/p>\n","protected":false},"excerpt":{"rendered":"<p>Cualquier jugador que est\u00e9 comenzando a jugar JetX est\u00e1 pensando en muchas preguntas que surgen en su cabeza. Hemos recopilado las preguntas y respuestas m\u00e1s populares: \u00bfQu\u00e9 es el juego JetX? El juego en l\u00ednea JetX es un juego de azar de SmartSoft Gaming, que representa un juego de colisi\u00f3n donde los jugadores realizan apuestas sobre el vuelo de un avi\u00f3n a reacci\u00f3n, con el objetivo de recoger ganancias antes de que se estrelle. Es&hellip; <\/p>\n","protected":false},"author":1,"featured_media":0,"parent":0,"menu_order":0,"comment_status":"closed","ping_status":"closed","template":"","meta":{"footnotes":""},"class_list":["post-10","page","type-page","status-publish","hentry"],"yoast_head":"<!-- This site is optimized with the Yoast SEO plugin v27.2 - https:\/\/yoast.com\/product\/yoast-seo-wordpress\/ -->\n<title>Frequently Asked Questions About JetX Game<\/title>\n<meta name=\"description\" content=\"Hemos recopilado una colecci\u00f3n de las preguntas m\u00e1s frecuentes sobre el juego en l\u00ednea JetX. Preguntas y respuestas sobre uno de los juegos m\u00e1s populares de nuestro tiempo, JetX.\" \/>\n<meta name=\"robots\" content=\"index, follow, max-snippet:-1, max-image-preview:large, max-video-preview:-1\" \/>\n<link rel=\"canonical\" href=\"https:\/\/jetxcasinogame.com\/es\/frequently-asked-questions-about-jetx\/\" \/>\n<meta property=\"og:locale\" content=\"es_ES\" \/>\n<meta property=\"og:locale:alternate\" content=\"ru_RU\" \/>\n<meta property=\"og:locale:alternate\" content=\"en_US\" \/>\n<meta property=\"og:locale:alternate\" content=\"pt_PT\" \/>\n<meta property=\"og:locale:alternate\" content=\"ro_RO\" \/>\n<meta property=\"og:locale:alternate\" content=\"sr_RS\" \/>\n<meta property=\"og:locale:alternate\" content=\"bg_BG\" \/>\n<meta property=\"og:locale:alternate\" content=\"pl_PL\" \/>\n<meta property=\"og:type\" content=\"article\" \/>\n<meta property=\"og:title\" content=\"Frequently Asked Questions About JetX Game\" \/>\n<meta property=\"og:description\" content=\"We have compiled a collection of the most frequently asked questions about the online game JetX. Questions and answers about one of the most popular games of our time, JetX.\" \/>\n<meta property=\"og:url\" content=\"https:\/\/jetxcasinogame.com\/es\/frequently-asked-questions-about-jetx\/\" \/>\n<meta property=\"og:site_name\" content=\"JetX\" \/>\n<meta property=\"article:modified_time\" content=\"2024-03-18T22:26:07+00:00\" \/>\n<meta name=\"twitter:card\" content=\"summary_large_image\" \/>\n<meta name=\"twitter:label1\" content=\"Tiempo de lectura\" \/>\n\t<meta name=\"twitter:data1\" content=\"8 minutos\" \/>\n<script type=\"application\/ld+json\" class=\"yoast-schema-graph\">{\"@context\":\"https:\/\/schema.org\",\"@graph\":[{\"@type\":\"WebPage\",\"@id\":\"https:\/\/jetxcasinogame.com\/en\/frequently-asked-questions-about-jetx\/\",\"url\":\"https:\/\/jetxcasinogame.com\/en\/frequently-asked-questions-about-jetx\/\",\"name\":\"Frequently Asked Questions About JetX Game\",\"isPartOf\":{\"@id\":\"https:\/\/jetxcasinogame.com\/#website\"},\"datePublished\":\"2024-03-18T15:25:24+00:00\",\"dateModified\":\"2024-03-18T22:26:07+00:00\",\"description\":\"We have compiled a collection of the most frequently asked questions about the online game JetX. Questions and answers about one of the most popular games of our time, JetX.\",\"breadcrumb\":{\"@id\":\"https:\/\/jetxcasinogame.com\/en\/frequently-asked-questions-about-jetx\/#breadcrumb\"},\"inLanguage\":\"es-ES\",\"potentialAction\":[{\"@type\":\"ReadAction\",\"target\":[\"https:\/\/jetxcasinogame.com\/en\/frequently-asked-questions-about-jetx\/\"]}]},{\"@type\":\"BreadcrumbList\",\"@id\":\"https:\/\/jetxcasinogame.com\/en\/frequently-asked-questions-about-jetx\/#breadcrumb\",\"itemListElement\":[{\"@type\":\"ListItem\",\"position\":1,\"name\":\"\u0413\u043b\u0430\u0432\u043d\u0430\u044f \u0441\u0442\u0440\u0430\u043d\u0438\u0446\u0430\",\"item\":\"https:\/\/jetxcasinogame.com\/\"},{\"@type\":\"ListItem\",\"position\":2,\"name\":\"Frequently Asked Questions About JetX\"}]},{\"@type\":\"WebSite\",\"@id\":\"https:\/\/jetxcasinogame.com\/#website\",\"url\":\"https:\/\/jetxcasinogame.com\/\",\"name\":\"JetX\",\"description\":\"\",\"publisher\":{\"@id\":\"https:\/\/jetxcasinogame.com\/#organization\"},\"potentialAction\":[{\"@type\":\"SearchAction\",\"target\":{\"@type\":\"EntryPoint\",\"urlTemplate\":\"https:\/\/jetxcasinogame.com\/?s={search_term_string}\"},\"query-input\":{\"@type\":\"PropertyValueSpecification\",\"valueRequired\":true,\"valueName\":\"search_term_string\"}}],\"inLanguage\":\"es-ES\"},{\"@type\":\"Organization\",\"@id\":\"https:\/\/jetxcasinogame.com\/#organization\",\"name\":\"JetX\",\"url\":\"https:\/\/jetxcasinogame.com\/\",\"logo\":{\"@type\":\"ImageObject\",\"inLanguage\":\"es-ES\",\"@id\":\"https:\/\/jetxcasinogame.com\/#\/schema\/logo\/image\/\",\"url\":\"https:\/\/jetxcasinogame.com\/wp-content\/uploads\/cropped-logo.png\",\"contentUrl\":\"https:\/\/jetxcasinogame.com\/wp-content\/uploads\/cropped-logo.png\",\"width\":328,\"height\":119,\"caption\":\"JetX\"},\"image\":{\"@id\":\"https:\/\/jetxcasinogame.com\/#\/schema\/logo\/image\/\"}}]}<\/script>\n<!-- \/ Yoast SEO plugin. -->","yoast_head_json":{"title":"Frequently Asked Questions About JetX Game","description":"Hemos recopilado una colecci\u00f3n de las preguntas m\u00e1s frecuentes sobre el juego en l\u00ednea JetX. Preguntas y respuestas sobre uno de los juegos m\u00e1s populares de nuestro tiempo, JetX.","robots":{"index":"index","follow":"follow","max-snippet":"max-snippet:-1","max-image-preview":"max-image-preview:large","max-video-preview":"max-video-preview:-1"},"canonical":"https:\/\/jetxcasinogame.com\/es\/frequently-asked-questions-about-jetx\/","og_locale":"es_ES","og_type":"article","og_title":"Frequently Asked Questions About JetX Game","og_description":"We have compiled a collection of the most frequently asked questions about the online game JetX. Questions and answers about one of the most popular games of our time, JetX.","og_url":"https:\/\/jetxcasinogame.com\/es\/frequently-asked-questions-about-jetx\/","og_site_name":"JetX","article_modified_time":"2024-03-18T22:26:07+00:00","twitter_card":"summary_large_image","twitter_misc":{"Tiempo de lectura":"8 minutos"},"schema":{"@context":"https:\/\/schema.org","@graph":[{"@type":"WebPage","@id":"https:\/\/jetxcasinogame.com\/en\/frequently-asked-questions-about-jetx\/","url":"https:\/\/jetxcasinogame.com\/en\/frequently-asked-questions-about-jetx\/","name":"Frequently Asked Questions About JetX Game","isPartOf":{"@id":"https:\/\/jetxcasinogame.com\/#website"},"datePublished":"2024-03-18T15:25:24+00:00","dateModified":"2024-03-18T22:26:07+00:00","description":"We have compiled a collection of the most frequently asked questions about the online game JetX. Questions and answers about one of the most popular games of our time, JetX.","breadcrumb":{"@id":"https:\/\/jetxcasinogame.com\/en\/frequently-asked-questions-about-jetx\/#breadcrumb"},"inLanguage":"es-ES","potentialAction":[{"@type":"ReadAction","target":["https:\/\/jetxcasinogame.com\/en\/frequently-asked-questions-about-jetx\/"]}]},{"@type":"BreadcrumbList","@id":"https:\/\/jetxcasinogame.com\/en\/frequently-asked-questions-about-jetx\/#breadcrumb","itemListElement":[{"@type":"ListItem","position":1,"name":"\u0413\u043b\u0430\u0432\u043d\u0430\u044f \u0441\u0442\u0440\u0430\u043d\u0438\u0446\u0430","item":"https:\/\/jetxcasinogame.com\/"},{"@type":"ListItem","position":2,"name":"Frequently Asked Questions About JetX"}]},{"@type":"WebSite","@id":"https:\/\/jetxcasinogame.com\/#website","url":"https:\/\/jetxcasinogame.com\/","name":"JetX","description":"","publisher":{"@id":"https:\/\/jetxcasinogame.com\/#organization"},"potentialAction":[{"@type":"SearchAction","target":{"@type":"EntryPoint","urlTemplate":"https:\/\/jetxcasinogame.com\/?s={search_term_string}"},"query-input":{"@type":"PropertyValueSpecification","valueRequired":true,"valueName":"search_term_string"}}],"inLanguage":"es-ES"},{"@type":"Organization","@id":"https:\/\/jetxcasinogame.com\/#organization","name":"JetX","url":"https:\/\/jetxcasinogame.com\/","logo":{"@type":"ImageObject","inLanguage":"es-ES","@id":"https:\/\/jetxcasinogame.com\/#\/schema\/logo\/image\/","url":"https:\/\/jetxcasinogame.com\/wp-content\/uploads\/cropped-logo.png","contentUrl":"https:\/\/jetxcasinogame.com\/wp-content\/uploads\/cropped-logo.png","width":328,"height":119,"caption":"JetX"},"image":{"@id":"https:\/\/jetxcasinogame.com\/#\/schema\/logo\/image\/"}}]}},"_links":{"self":[{"href":"https:\/\/jetxcasinogame.com\/es\/wp-json\/wp\/v2\/pages\/10","targetHints":{"allow":["GET"]}}],"collection":[{"href":"https:\/\/jetxcasinogame.com\/es\/wp-json\/wp\/v2\/pages"}],"about":[{"href":"https:\/\/jetxcasinogame.com\/es\/wp-json\/wp\/v2\/types\/page"}],"author":[{"embeddable":true,"href":"https:\/\/jetxcasinogame.com\/es\/wp-json\/wp\/v2\/users\/1"}],"replies":[{"embeddable":true,"href":"https:\/\/jetxcasinogame.com\/es\/wp-json\/wp\/v2\/comments?post=10"}],"version-history":[{"count":17,"href":"https:\/\/jetxcasinogame.com\/es\/wp-json\/wp\/v2\/pages\/10\/revisions"}],"predecessor-version":[{"id":77,"href":"https:\/\/jetxcasinogame.com\/es\/wp-json\/wp\/v2\/pages\/10\/revisions\/77"}],"wp:attachment":[{"href":"https:\/\/jetxcasinogame.com\/es\/wp-json\/wp\/v2\/media?parent=10"}],"curies":[{"name":"wp","href":"https:\/\/api.w.org\/{rel}","templated":true}]}}